{"id":8276,"date":"2024-11-28T12:41:10","date_gmt":"2024-11-28T12:41:10","guid":{"rendered":"https:\/\/whitelip.com\/cuba-black-forest-berries\/"},"modified":"2026-04-28T10:11:18","modified_gmt":"2026-04-28T10:11:18","slug":"cuba-black-forest-berries","status":"publish","type":"product","link":"https:\/\/whitelip.com\/sk\/cuba\/cuba-black-forest-berries\/","title":{"rendered":"Kuba \u010cierne lesn\u00e9 plody"},"content":{"rendered":"<h2><b>Kuba \u010cierne lesn\u00e9 plody<\/b><\/h2>\n<p><span style=\"font-weight: 400;\">Nikot\u00ednov\u00e9 vrec\u00fa\u0161ka CUBA Black Forest Berries pon\u00fakaj\u00fa bohat\u00fa zmes pr\u00edchut\u00ed lesn\u00fdch plodov vr\u00e1tane mal\u00edn, \u010du\u010doriedok, ostru\u017e\u00edn a jah\u00f4d, ktor\u00e9 prin\u00e1\u0161aj\u00fa osvie\u017euj\u00faci a uspokojuj\u00faci chu\u0165ov\u00fd z\u00e1\u017eitok. Ka\u017ed\u00e9 tenk\u00e9, celobiele vrec\u00fa\u0161ko obsahuje 43 mg nikot\u00ednu, \u010do poskytuje siln\u00fd pocit vhodn\u00fd pre sk\u00fasen\u00fdch u\u017e\u00edvate\u013eov. Vrec\u00fa\u0161ka \u010diernej farby s\u00fa navrhnut\u00e9 tak, aby boli diskr\u00e9tne a ne\u0161pinili zuby. Ka\u017ed\u00e1 plechovka obsahuje 20 vrec\u00fa\u0161ok, \u010do pon\u00faka dostato\u010dn\u00fa z\u00e1sobu pre va\u0161e pote\u0161enie. Tieto vrec\u00fa\u0161ka, ktor\u00e9 vyr\u00e1ba po\u013esk\u00fd v\u00fdrobca CUBA, zn\u00e1my sp\u00e1jan\u00edm modern\u00fdch met\u00f3d s tradi\u010dnou kvalitou, s\u00fa pr\u00edkladom vysok\u00fdch \u0161tandardov a inovat\u00edvnych kombin\u00e1ci\u00ed chut\u00ed.<\/span><\/p>\n<p><b>\u0160pecifik\u00e1cie<\/b><\/p>\n<table>\n<tbody>\n<tr>\n<td><b>Atrib\u00fat<\/b><\/td>\n<td><b>Podrobnosti<\/b><\/td>\n<\/tr>\n<tr>\n<td><b>Obsah na plechovku<\/b><\/td>\n<td><span style=\"font-weight: 400;\">13 g (20 vrec\u00fa\u0161ok)<\/span><\/td>\n<\/tr>\n<tr>\n<td><b>Obsah nikot\u00ednu<\/b><\/td>\n<td><span style=\"font-weight: 400;\">43 mg\/g (43 mg na vrecko)<\/span><\/td>\n<\/tr>\n<tr>\n<td><b>Form\u00e1t vrecka<\/b><\/td>\n<td><span style=\"font-weight: 400;\">Slim<\/span><\/td>\n<\/tr>\n<tr>\n<td><b>V\u00fdrobca<\/b><\/td>\n<td><span style=\"font-weight: 400;\">KUBA<\/span><\/td>\n<\/tr>\n<tr>\n<td><b>Pr\u00edchu\u0165<\/b><\/td>\n<td><span style=\"font-weight: 400;\">Lesn\u00e9 plody<\/span><\/td>\n<\/tr>\n<tr>\n<td><b>Typ<\/b><\/td>\n<td><span style=\"font-weight: 400;\">Celobiele vrecko<\/span><\/td>\n<\/tr>\n<\/tbody>\n<\/table>\n<p>\u00a0<\/p>","protected":false},"excerpt":{"rendered":"<p><span style=\"font-weight: 400;\">Nikot\u00ednov\u00e9 vrec\u00fa\u0161ka CUBA Black Forest Berries pon\u00fakaj\u00fa bohat\u00fa zmes pr\u00edchut\u00ed lesn\u00fdch plodov vr\u00e1tane mal\u00edn, \u010du\u010doriedok, ostru\u017e\u00edn a jah\u00f4d, ktor\u00e9 prin\u00e1\u0161aj\u00fa osvie\u017euj\u00faci a uspokojuj\u00faci chu\u0165ov\u00fd z\u00e1\u017eitok. Ka\u017ed\u00e9 tenk\u00e9, celobiele vrec\u00fa\u0161ko obsahuje 43 mg nikot\u00ednu, \u010do poskytuje siln\u00fd pocit vhodn\u00fd pre sk\u00fasen\u00fdch u\u017e\u00edvate\u013eov. Vrec\u00fa\u0161ka \u010diernej farby s\u00fa navrhnut\u00e9 tak, aby boli diskr\u00e9tne a ne\u0161pinili zuby. Ka\u017ed\u00e1 plechovka obsahuje 20 vrec\u00fa\u0161ok, \u010do pon\u00faka dostato\u010dn\u00fa z\u00e1sobu pre va\u0161e pote\u0161enie. Tieto vrec\u00fa\u0161ka, ktor\u00e9 vyr\u00e1ba po\u013esk\u00fd v\u00fdrobca CUBA, zn\u00e1my sp\u00e1jan\u00edm modern\u00fdch met\u00f3d s tradi\u010dnou kvalitou, s\u00fa pr\u00edkladom vysok\u00fdch \u0161tandardov a inovat\u00edvnych kombin\u00e1ci\u00ed chut\u00ed.<\/span><\/p>","protected":false},"featured_media":8277,"comment_status":"open","ping_status":"closed","template":"","format":[206],"meta":{"_acf_changed":false},"product_brand":[],"product_cat":[46],"product_tag":[16567],"flavours":[196],"nicotine":[227,233],"class_list":{"0":"post-8276","1":"product","2":"type-product","3":"status-publish","4":"has-post-thumbnail","6":"product_cat-cuba","7":"product_tag-43-mg-pouch","8":"pa_quantity-1-pack","9":"pa_quantity-10-pack","10":"pa_quantity-3-pack","11":"pa_quantity-30-pack","12":"pa_quantity-5-pack","13":"pa_quantity-60-pack","14":"flavours-fruits-berries","15":"format-slim","16":"nicotine-43-mg-g","17":"nicotine-extreme","19":"first","20":"outofstock","21":"taxable","22":"shipping-taxable","23":"purchasable","24":"product-type-variable"},"acf":[],"_links":{"self":[{"href":"https:\/\/whitelip.com\/sk\/wp-json\/wp\/v2\/product\/8276","targetHints":{"allow":["GET"]}}],"collection":[{"href":"https:\/\/whitelip.com\/sk\/wp-json\/wp\/v2\/product"}],"about":[{"href":"https:\/\/whitelip.com\/sk\/wp-json\/wp\/v2\/types\/product"}],"replies":[{"embeddable":true,"href":"https:\/\/whitelip.com\/sk\/wp-json\/wp\/v2\/comments?post=8276"}],"wp:featuredmedia":[{"embeddable":true,"href":"https:\/\/whitelip.com\/sk\/wp-json\/wp\/v2\/media\/8277"}],"wp:attachment":[{"href":"https:\/\/whitelip.com\/sk\/wp-json\/wp\/v2\/media?parent=8276"}],"wp:term":[{"taxonomy":"product_brand","embeddable":true,"href":"https:\/\/whitelip.com\/sk\/wp-json\/wp\/v2\/product_brand?post=8276"},{"taxonomy":"product_cat","embeddable":true,"href":"https:\/\/whitelip.com\/sk\/wp-json\/wp\/v2\/product_cat?post=8276"},{"taxonomy":"product_tag","embeddable":true,"href":"https:\/\/whitelip.com\/sk\/wp-json\/wp\/v2\/product_tag?post=8276"},{"taxonomy":"flavours","embeddable":true,"href":"https:\/\/whitelip.com\/sk\/wp-json\/wp\/v2\/flavours?post=8276"},{"taxonomy":"format","embeddable":true,"href":"https:\/\/whitelip.com\/sk\/wp-json\/wp\/v2\/format?post=8276"},{"taxonomy":"nicotine","embeddable":true,"href":"https:\/\/whitelip.com\/sk\/wp-json\/wp\/v2\/nicotine?post=8276"}],"curies":[{"name":"wp","href":"https:\/\/api.w.org\/{rel}","templated":true}]}}