{"id":8268,"date":"2024-11-28T12:40:47","date_gmt":"2024-11-28T12:40:47","guid":{"rendered":"https:\/\/whitelip.com\/cuba-ninja-orange\/"},"modified":"2026-03-09T17:56:35","modified_gmt":"2026-03-09T17:56:35","slug":"cuba-ninja-orange","status":"publish","type":"product","link":"https:\/\/whitelip.com\/sk\/cuba\/cuba-ninja-orange\/","title":{"rendered":"CUBA Ninja Orange"},"content":{"rendered":"<h2><strong>CUBA Ninja Orange<\/strong><\/h2>\n<p><span style=\"font-size: 16px;\">CUBA Ninja Orange pon\u00faka v\u00fdrazn\u00fa a sladk\u00fa chu\u0165 pomaran\u010da. Vrec\u00fa\u0161ka CUBA Ninja Orange s\u00fa bielej farby a obsahuj\u00fa vysok\u00fd obsah nikot\u00ednu. Vrec\u00fa\u0161ka sa dod\u00e1vaj\u00fa v tenkom form\u00e1te so silou nikot\u00ednu 30 mg\/g.<\/span><\/p>\n<table>\n<tbody>\n<tr>\n<td><b>Atrib\u00fat<\/b><\/td>\n<td><b>Podrobnosti<\/b><\/td>\n<\/tr>\n<tr>\n<td><b>Obsah na plechovku<\/b><\/td>\n<td><span style=\"font-weight: 400;\">13 g (25 vrec\u00fa\u0161ok)<\/span><\/td>\n<\/tr>\n<tr>\n<td><b>Obsah nikot\u00ednu<\/b><\/td>\n<td><span style=\"font-weight: 400;\">30 mg\/g (15 mg na vrecko)<\/span><\/td>\n<\/tr>\n<tr>\n<td><b>Form\u00e1t vrecka<\/b><\/td>\n<td><span style=\"font-weight: 400;\">Slim<\/span><\/td>\n<\/tr>\n<tr>\n<td><b>V\u00fdrobca<\/b><\/td>\n<td><span style=\"font-weight: 400;\">KUBA<\/span><\/td>\n<\/tr>\n<tr>\n<td><b>Pr\u00edchu\u0165<\/b><\/td>\n<td>Oran\u017eov\u00e1<\/td>\n<\/tr>\n<tr>\n<td><b>Typ<\/b><\/td>\n<td><span style=\"font-weight: 400;\">Celobiele vrecko<\/span><\/td>\n<\/tr>\n<\/tbody>\n<\/table>\n<h3><strong>O zna\u010dke: CUBA<\/strong><\/h3>\n<p>Spolo\u010dnos\u0165 CUBA pon\u00faka nikot\u00ednov\u00e9 vrec\u00fa\u0161ka v nieko\u013ek\u00fdch lahodn\u00fdch pr\u00edchutiach, napr\u00edklad anan\u00e1s, \u010dere\u0161\u0148a a \u010du\u010doriedka. Vrec\u00fa\u0161ka s\u00fa m\u00e4kk\u00e9 pod perou a poskytuj\u00fa dobr\u00fd nikot\u00ednov\u00fd \u00fa\u010dinok. CUBA sa dod\u00e1va v troch s\u00e9ri\u00e1ch, ktor\u00fdmi s\u00fa White-line, Black-line a Ninja. Black-line sa dod\u00e1va s neuverite\u013en\u00fdm mno\u017estvom nikot\u00ednu 50 mg, z ktor\u00e9ho sa zato\u010d\u00ed hlava aj t\u00fdm najsk\u00fasenej\u0161\u00edm pou\u017e\u00edvate\u013eom. Kuba White-line sa v\u0161ak dod\u00e1va v d\u00e1vke 20 mg, ktor\u00e1 je ur\u010den\u00e1 sk\u00f4r pre ka\u017edodenn\u00fdch pou\u017e\u00edvate\u013eov. Ninja m\u00e1 30 mg.<\/p>\n<h3><strong>O str\u00e1nke Whitelip.se:\u00a0<\/strong><\/h3>\n<p><span data-contrast=\"auto\">Vitajte na str\u00e1nke Whitelip.se, va\u0161ej kone\u010dnej destin\u00e1cii pre vysokokvalitn\u00e9 nikot\u00ednov\u00e9 vrec\u00fa\u0161ka. Presk\u00famajte n\u00e1\u0161 \u0161irok\u00fd sortiment v\u00fdrobkov navrhnut\u00fdch tak, aby uspokojili va\u0161e potreby v oblasti nikot\u00ednu, s pohodln\u00fdm doru\u010den\u00edm do Spojen\u00fdch \u0161t\u00e1tov a Eur\u00f3py a s mo\u017enos\u0165ou bezplatnej dopravy pri pokladni. Zv\u00fd\u0161te svoju spokojnos\u0165 s ka\u017ed\u00fdm n\u00e1kupom, preto\u017ee v\u00e1m prin\u00e1\u0161ame \u0161pi\u010dkov\u00e9 zna\u010dky a bezprobl\u00e9mov\u00e9 doru\u010denie a\u017e k va\u0161im dver\u00e1m. Za\u017eite maxim\u00e1lne pohodlie a prvotriednu kvalitu len na Whitelip.se. Nakupujte teraz a doprajte si p\u00f4\u017eitok z pr\u00e9miov\u00fdch nikot\u00ednov\u00fdch vrec\u00fa\u0161ok v celej bielej farbe.<\/span><span data-ccp-props=\"{&quot;201341983&quot;:0,&quot;335559739&quot;:160,&quot;335559740&quot;:259}\">\u00a0<\/span><\/p>","protected":false},"excerpt":{"rendered":"<article class=\"text-token-text-primary w-full focus:outline-none [--shadow-height:45px] has-data-writing-block:pointer-events-none has-data-writing-block:-mt-(--shadow-height) has-data-writing-block:pt-(--shadow-height) [&amp;:has([data-writing-block])&gt;*]:pointer-events-auto [content-visibility:auto] supports-[content-visibility:auto]:[contain-intrinsic-size:auto_100lvh] scroll-mt-[calc(var(--header-height)+min(200px,max(70px,20svh)))]\" dir=\"auto\" tabindex=\"-1\" data-turn-id=\"request-WEB:53f85bc0-55a4-4148-bb59-ef9269c3c52e-117\" data-testid=\"conversation-turn-230\" data-scroll-anchor=\"true\" data-turn=\"assistant\">\n<div class=\"text-base my-auto mx-auto pb-10 [--thread-content-margin:--spacing(4)] thread-sm:[--thread-content-margin:--spacing(6)] thread-lg:[--thread-content-margin:--spacing(16)] px-(--thread-content-margin)\">\n<div class=\"[--thread-content-max-width:40rem] thread-lg:[--thread-content-max-width:48rem] mx-auto max-w-(--thread-content-max-width) flex-1 group\/turn-messages focus-visible:outline-hidden relative flex w-full min-w-0 flex-col agent-turn\" tabindex=\"-1\">\n<div class=\"flex max-w-full flex-col grow\">\n<div class=\"min-h-8 text-message relative flex w-full flex-col items-end gap-2 text-start break-words whitespace-normal [.text-message+&amp;]:mt-5\" dir=\"auto\" data-message-author-role=\"assistant\" data-message-id=\"3342c41c-209b-4b33-8a74-3937723048a7\" data-message-model-slug=\"gpt-5-thinking\">\n<div class=\"flex w-full flex-col gap-1 empty:hidden first:pt-[1px]\">\n<div class=\"markdown prose dark:prose-invert w-full break-words dark markdown-new-styling\">\n<p data-start=\"0\" data-end=\"216\" data-is-last-node=\"\" data-is-only-node=\"\">Powerful, sweet <strong data-start=\"16\" data-end=\"26\">orange<\/strong> with a bold citrus hit. The <strong data-start=\"55\" data-end=\"74\">slim, <\/strong>all-white pouches sit discreetly under the lip for a clean, comfortable feel. Nicotine strength <strong data-start=\"161\" data-end=\"172\">30 mg\/g<\/strong>, crafted for users who want high intensity.<\/p>\n<\/div>\n<\/div>\n<\/div>\n<\/div>\n<div class=\"z-0 flex min-h-[46px] justify-start\"><\/div>\n<div class=\"mt-3 w-full empty:hidden\">\n<div class=\"text-center\"><\/div>\n<\/div>\n<\/div>\n<\/div>\n<\/article>\n<div class=\"pointer-events-none h-px w-px\" aria-hidden=\"true\" data-edge=\"true\"><\/div>\n","protected":false},"featured_media":8269,"comment_status":"open","ping_status":"closed","template":"","format":[206],"meta":{"_acf_changed":false},"product_brand":[],"product_cat":[46],"product_tag":[16571],"flavours":[190],"nicotine":[221,233],"class_list":{"0":"post-8268","1":"product","2":"type-product","3":"status-publish","4":"has-post-thumbnail","6":"product_cat-cuba","7":"product_tag-15-mg-pouch","8":"pa_quantity-1-pack","9":"pa_quantity-10-pack","10":"pa_quantity-3-pack","11":"pa_quantity-30-pack","12":"pa_quantity-5-pack","13":"pa_quantity-60-pack","14":"flavours-citrus","15":"format-slim","16":"nicotine-30-mg-g","17":"nicotine-extreme","19":"first","20":"outofstock","21":"taxable","22":"shipping-taxable","23":"purchasable","24":"product-type-variable"},"acf":[],"_links":{"self":[{"href":"https:\/\/whitelip.com\/sk\/wp-json\/wp\/v2\/product\/8268","targetHints":{"allow":["GET"]}}],"collection":[{"href":"https:\/\/whitelip.com\/sk\/wp-json\/wp\/v2\/product"}],"about":[{"href":"https:\/\/whitelip.com\/sk\/wp-json\/wp\/v2\/types\/product"}],"replies":[{"embeddable":true,"href":"https:\/\/whitelip.com\/sk\/wp-json\/wp\/v2\/comments?post=8268"}],"wp:featuredmedia":[{"embeddable":true,"href":"https:\/\/whitelip.com\/sk\/wp-json\/wp\/v2\/media\/8269"}],"wp:attachment":[{"href":"https:\/\/whitelip.com\/sk\/wp-json\/wp\/v2\/media?parent=8268"}],"wp:term":[{"taxonomy":"product_brand","embeddable":true,"href":"https:\/\/whitelip.com\/sk\/wp-json\/wp\/v2\/product_brand?post=8268"},{"taxonomy":"product_cat","embeddable":true,"href":"https:\/\/whitelip.com\/sk\/wp-json\/wp\/v2\/product_cat?post=8268"},{"taxonomy":"product_tag","embeddable":true,"href":"https:\/\/whitelip.com\/sk\/wp-json\/wp\/v2\/product_tag?post=8268"},{"taxonomy":"flavours","embeddable":true,"href":"https:\/\/whitelip.com\/sk\/wp-json\/wp\/v2\/flavours?post=8268"},{"taxonomy":"format","embeddable":true,"href":"https:\/\/whitelip.com\/sk\/wp-json\/wp\/v2\/format?post=8268"},{"taxonomy":"nicotine","embeddable":true,"href":"https:\/\/whitelip.com\/sk\/wp-json\/wp\/v2\/nicotine?post=8268"}],"curies":[{"name":"wp","href":"https:\/\/api.w.org\/{rel}","templated":true}]}}