{"id":8260,"date":"2024-11-28T12:40:46","date_gmt":"2024-11-28T12:40:46","guid":{"rendered":"https:\/\/whitelip.com\/hit-dr-cherry\/"},"modified":"2026-03-09T18:59:57","modified_gmt":"2026-03-09T18:59:57","slug":"hit-dr-cherry","status":"publish","type":"product","link":"https:\/\/whitelip.com\/sk\/hit\/hit-dr-cherry\/","title":{"rendered":"HIT DR. Cherry"},"content":{"rendered":"<h2><b>HIT Dr. Cherry<\/b><\/h2>\n<p><span style=\"font-weight: 400;\">Nikot\u00ednov\u00e9 vrec\u00fa\u0161ka HIT Dr. Cherry pon\u00fakaj\u00fa jedine\u010dn\u00fa kombin\u00e1ciu sladkej a \u0161tip\u013eavej \u010dere\u0161\u0148ovej chuti, ktor\u00e1 pripom\u00edna klasick\u00fa s\u00f3du Dr. Pepper. Ka\u017ed\u00e9 vrec\u00fa\u0161ko tenk\u00e9ho form\u00e1tu obsahuje 20 mg nikot\u00ednu na gram, \u010do predstavuje pribli\u017ene 10 mg na vrec\u00fa\u0161ko, a poskytuje tak siln\u00fd z\u00e1\u017eitok vhodn\u00fd pre sk\u00fasen\u00fdch u\u017e\u00edvate\u013eov. Vrec\u00fa\u0161ka s\u00fa navrhnut\u00e9 na diskr\u00e9tne pou\u017e\u00edvanie bez zafarbenia zubov, tak\u017ee s\u00fa ide\u00e1lne na u\u017e\u00edvanie na cest\u00e1ch. Tieto vrec\u00fa\u0161ka, ktor\u00e9 vyr\u00e1ba \u0161v\u00e9dsky v\u00fdrobca HIT, zn\u00e1my kombin\u00e1ciou modern\u00fdch met\u00f3d s tradi\u010dnou kvalitou, s\u00fa pr\u00edkladom vysok\u00fdch \u0161tandardov a inovat\u00edvnych kombin\u00e1ci\u00ed chut\u00ed.<\/span><\/p>\n<table>\n<tbody>\n<tr>\n<td><b>Atrib\u00fat<\/b><\/td>\n<td><b>Podrobnosti<\/b><\/td>\n<\/tr>\n<tr>\n<td><b>Obsah na plechovku<\/b><\/td>\n<td><span style=\"font-weight: 400;\">15 g (20 vrec\u00fa\u0161ok)<\/span><\/td>\n<\/tr>\n<tr>\n<td><b>Obsah nikot\u00ednu<\/b><\/td>\n<td><span style=\"font-weight: 400;\">20 mg\/g (10 mg na vrecko)<\/span><\/td>\n<\/tr>\n<tr>\n<td><b>Form\u00e1t vrecka<\/b><\/td>\n<td><span style=\"font-weight: 400;\">Slim<\/span><\/td>\n<\/tr>\n<tr>\n<td><b>V\u00fdrobca<\/b><\/td>\n<td><span style=\"font-weight: 400;\">HIT<\/span><\/td>\n<\/tr>\n<tr>\n<td><b>Pr\u00edchu\u0165<\/b><\/td>\n<td><span style=\"font-weight: 400;\">Cherry (in\u0161pirovan\u00e9 Dr. Pepperom)<\/span><\/td>\n<\/tr>\n<tr>\n<td><b>Typ<\/b><\/td>\n<td><span style=\"font-weight: 400;\">Celobiele vrecko<\/span><\/td>\n<\/tr>\n<\/tbody>\n<\/table>","protected":false},"excerpt":{"rendered":"<p>Sladk\u00fd, pikantn\u00fd <strong data-start=\"13\" data-end=\"27\">\u010dere\u0161\u0148a<\/strong> pripom\u00edna klasick\u00fa s\u00f3du. <strong data-start=\"57\" data-end=\"65\">Slim<\/strong> vrec\u00fa\u0161ka sa diskr\u00e9tne umiestnia pod pery a nezanech\u00e1vaj\u00fa \u0161kvrny na zuboch. Ka\u017ed\u00e9 vrecko obsahuje <strong data-start=\"146\" data-end=\"165\">~10 mg nikot\u00ednu<\/strong> (20 mg\/g), \u010do prin\u00e1\u0161a siln\u00fd z\u00e1\u017eitok aj sk\u00fasen\u00fdm u\u017e\u00edvate\u013eom. V\u00fdrobca: HIT (\u0160v\u00e9dsko).<\/p>","protected":false},"featured_media":3030,"comment_status":"open","ping_status":"closed","template":"","format":[206],"meta":{"_acf_changed":false},"product_brand":[],"product_cat":[66],"product_tag":[16587],"flavours":[196],"nicotine":[218,232],"class_list":{"0":"post-8260","1":"product","2":"type-product","3":"status-publish","4":"has-post-thumbnail","6":"product_cat-hit","7":"product_tag-10-mg-pouch","8":"pa_quantity-1-pack","9":"pa_quantity-10-pack","10":"pa_quantity-3-pack","11":"pa_quantity-30-pack","12":"pa_quantity-5-pack","13":"pa_quantity-60-pack","14":"flavours-fruits-berries","15":"format-slim","16":"nicotine-20-mg-g","17":"nicotine-extra-strong","19":"first","20":"outofstock","21":"taxable","22":"shipping-taxable","23":"purchasable","24":"product-type-variable"},"acf":[],"_links":{"self":[{"href":"https:\/\/whitelip.com\/sk\/wp-json\/wp\/v2\/product\/8260","targetHints":{"allow":["GET"]}}],"collection":[{"href":"https:\/\/whitelip.com\/sk\/wp-json\/wp\/v2\/product"}],"about":[{"href":"https:\/\/whitelip.com\/sk\/wp-json\/wp\/v2\/types\/product"}],"replies":[{"embeddable":true,"href":"https:\/\/whitelip.com\/sk\/wp-json\/wp\/v2\/comments?post=8260"}],"wp:featuredmedia":[{"embeddable":true,"href":"https:\/\/whitelip.com\/sk\/wp-json\/wp\/v2\/media\/3030"}],"wp:attachment":[{"href":"https:\/\/whitelip.com\/sk\/wp-json\/wp\/v2\/media?parent=8260"}],"wp:term":[{"taxonomy":"product_brand","embeddable":true,"href":"https:\/\/whitelip.com\/sk\/wp-json\/wp\/v2\/product_brand?post=8260"},{"taxonomy":"product_cat","embeddable":true,"href":"https:\/\/whitelip.com\/sk\/wp-json\/wp\/v2\/product_cat?post=8260"},{"taxonomy":"product_tag","embeddable":true,"href":"https:\/\/whitelip.com\/sk\/wp-json\/wp\/v2\/product_tag?post=8260"},{"taxonomy":"flavours","embeddable":true,"href":"https:\/\/whitelip.com\/sk\/wp-json\/wp\/v2\/flavours?post=8260"},{"taxonomy":"format","embeddable":true,"href":"https:\/\/whitelip.com\/sk\/wp-json\/wp\/v2\/format?post=8260"},{"taxonomy":"nicotine","embeddable":true,"href":"https:\/\/whitelip.com\/sk\/wp-json\/wp\/v2\/nicotine?post=8260"}],"curies":[{"name":"wp","href":"https:\/\/api.w.org\/{rel}","templated":true}]}}