{"id":8252,"date":"2024-11-28T12:40:23","date_gmt":"2024-11-28T12:40:23","guid":{"rendered":"https:\/\/whitelip.com\/helwit-salmiak\/"},"modified":"2026-04-29T10:11:07","modified_gmt":"2026-04-29T10:11:07","slug":"helwit-salmiak","status":"publish","type":"product","link":"https:\/\/whitelip.com\/sk\/helwit\/helwit-salmiak\/","title":{"rendered":"HELWIT Salmiak"},"content":{"rendered":"<h2><b>HELWIT Salmiak<\/b><\/h2>\n<p><span style=\"font-weight: 400;\">Nikot\u00ednov\u00e9 vrec\u00fa\u0161ka HELWIT Salmiak pon\u00fakaj\u00fa v\u00fdrazn\u00fa a intenz\u00edvnu chu\u0165 slanej sladkej drievnej \u0161\u0165avy, ktor\u00e1 je ur\u010den\u00e1 pre t\u00fdch, ktor\u00ed ocenia v\u00fdrazn\u00fa chu\u0165 a vy\u0161\u0161\u00ed obsah nikot\u00ednu. Ka\u017ed\u00e9 vrec\u00fa\u0161ko tenk\u00e9ho form\u00e1tu obsahuje 12 mg nikot\u00ednu na gram, \u010do predstavuje pribli\u017ene 6 mg na vrec\u00fa\u0161ko, a poskytuje tak siln\u00fd a uspokojuj\u00faci z\u00e1\u017eitok. Vrec\u00fa\u0161ka s\u00fa navrhnut\u00e9 na diskr\u00e9tne pou\u017e\u00edvanie bez zafarbenia zubov. Tieto vrec\u00fa\u0161ka vyr\u00e1ba \u0161v\u00e9dsky v\u00fdrobca YOIK AB, ktor\u00fd je zn\u00e1my kombin\u00e1ciou modern\u00fdch met\u00f3d s tradi\u010dnou kvalitou, a s\u00fa pr\u00edkladom vysok\u00fdch \u0161tandardov a inovat\u00edvnych kombin\u00e1ci\u00ed chut\u00ed.<\/span><\/p>\n<table>\n<tbody>\n<tr>\n<td><b>Atrib\u00fat<\/b><\/td>\n<td><b>Podrobnosti<\/b><\/td>\n<\/tr>\n<tr>\n<td><b>Obsah na plechovku<\/b><\/td>\n<td><span style=\"font-weight: 400;\">10 g (20 vrec\u00fa\u0161ok)<\/span><\/td>\n<\/tr>\n<tr>\n<td><b>Obsah nikot\u00ednu<\/b><\/td>\n<td><span style=\"font-weight: 400;\">12 mg\/g (6 mg na vrecko)<\/span><\/td>\n<\/tr>\n<tr>\n<td><b>Form\u00e1t vrecka<\/b><\/td>\n<td><span style=\"font-weight: 400;\">Slim<\/span><\/td>\n<\/tr>\n<tr>\n<td><b>V\u00fdrobca<\/b><\/td>\n<td><span style=\"font-weight: 400;\">SPOLO\u010cNOS\u0164 YOIK AB<\/span><\/td>\n<\/tr>\n<tr>\n<td><b>Pr\u00edchu\u0165<\/b><\/td>\n<td><span style=\"font-weight: 400;\">Slan\u00e9 sladk\u00e9 drievko (Salmiak)<\/span><\/td>\n<\/tr>\n<tr>\n<td><b>Typ<\/b><\/td>\n<td><span style=\"font-weight: 400;\">Celobiele vrecko<\/span><\/td>\n<\/tr>\n<\/tbody>\n<\/table>","protected":false},"excerpt":{"rendered":"<p>Odv\u00e1\u017eny, intenz\u00edvny <strong data-start=\"14\" data-end=\"32\">slan\u00e1 sladk\u00e1 du\u017eina<\/strong> s robustn\u00fdm a uspokojiv\u00fdm profilom. <strong data-start=\"68\" data-end=\"76\">Slim<\/strong> vrec\u00fa\u0161ka sa diskr\u00e9tne umiestnia pod pery a nezanech\u00e1vaj\u00fa \u0161kvrny na zuboch. Ka\u017ed\u00e9 vrecko obsahuje <strong data-start=\"157\" data-end=\"175\">~6 mg nikot\u00ednu<\/strong> (12 mg\/g), \u010do prin\u00e1\u0161a siln\u00fd a uspokojiv\u00fd \u00fa\u010dinok.<\/p>","protected":false},"featured_media":8253,"comment_status":"open","ping_status":"closed","template":"","format":[206],"meta":{"_acf_changed":false},"product_brand":[],"product_cat":[52],"product_tag":[16559],"flavours":[198],"nicotine":[209,232],"class_list":{"0":"post-8252","1":"product","2":"type-product","3":"status-publish","4":"has-post-thumbnail","6":"product_cat-helwit","7":"product_tag-6-mg-pouch","8":"pa_quantity-1-pack","9":"pa_quantity-10-pack","10":"pa_quantity-3-pack","11":"pa_quantity-30-pack","12":"pa_quantity-5-pack","13":"pa_quantity-60-pack","14":"flavours-licorice","15":"format-slim","16":"nicotine-12-mg-g","17":"nicotine-extra-strong","19":"first","20":"instock","21":"taxable","22":"shipping-taxable","23":"purchasable","24":"product-type-variable"},"acf":[],"_links":{"self":[{"href":"https:\/\/whitelip.com\/sk\/wp-json\/wp\/v2\/product\/8252","targetHints":{"allow":["GET"]}}],"collection":[{"href":"https:\/\/whitelip.com\/sk\/wp-json\/wp\/v2\/product"}],"about":[{"href":"https:\/\/whitelip.com\/sk\/wp-json\/wp\/v2\/types\/product"}],"replies":[{"embeddable":true,"href":"https:\/\/whitelip.com\/sk\/wp-json\/wp\/v2\/comments?post=8252"}],"wp:featuredmedia":[{"embeddable":true,"href":"https:\/\/whitelip.com\/sk\/wp-json\/wp\/v2\/media\/8253"}],"wp:attachment":[{"href":"https:\/\/whitelip.com\/sk\/wp-json\/wp\/v2\/media?parent=8252"}],"wp:term":[{"taxonomy":"product_brand","embeddable":true,"href":"https:\/\/whitelip.com\/sk\/wp-json\/wp\/v2\/product_brand?post=8252"},{"taxonomy":"product_cat","embeddable":true,"href":"https:\/\/whitelip.com\/sk\/wp-json\/wp\/v2\/product_cat?post=8252"},{"taxonomy":"product_tag","embeddable":true,"href":"https:\/\/whitelip.com\/sk\/wp-json\/wp\/v2\/product_tag?post=8252"},{"taxonomy":"flavours","embeddable":true,"href":"https:\/\/whitelip.com\/sk\/wp-json\/wp\/v2\/flavours?post=8252"},{"taxonomy":"format","embeddable":true,"href":"https:\/\/whitelip.com\/sk\/wp-json\/wp\/v2\/format?post=8252"},{"taxonomy":"nicotine","embeddable":true,"href":"https:\/\/whitelip.com\/sk\/wp-json\/wp\/v2\/nicotine?post=8252"}],"curies":[{"name":"wp","href":"https:\/\/api.w.org\/{rel}","templated":true}]}}