{"id":8242,"date":"2024-12-20T19:39:04","date_gmt":"2024-12-20T19:39:04","guid":{"rendered":"https:\/\/whitelip.com\/velo-zesty-elderflower\/"},"modified":"2026-04-21T10:11:48","modified_gmt":"2026-04-21T10:11:48","slug":"velo-zesty-elderflower","status":"publish","type":"product","link":"https:\/\/whitelip.com\/sk\/velo\/velo-zesty-elderflower\/","title":{"rendered":"VELO Zesty Elderflower"},"content":{"rendered":"<h2><b>VELO Zesty Elderflower<\/b><\/h2>\n<p><span style=\"font-weight: 400;\">VELO Zesty Elderflower pon\u00faka sofistikovan\u00fa zmes sladk\u00e9ho bezoto\u010dov\u00e9ho kvetu a zesty citr\u00f3novej chuti, ktor\u00e1 poskytuje osvie\u017euj\u00facu a kvetin\u00e1rsku nikot\u00ednov\u00fa sk\u00fasenos\u0165, ktor\u00e1 pripom\u00edna chladn\u00fd letn\u00fd de\u0148. Tieto \u0161t\u00edhle, celkom biele nikot\u00ednov\u00e9 vank\u00fa\u0161iky s\u00fa ur\u010den\u00e9 na diskr\u00e9tne a pohodln\u00e9 pou\u017eitie a perfect sa zmestia pod pery bez vidite\u013enosti. Vyv\u00e1\u017een\u00e1 kombin\u00e1cia sladkosti bezoto\u010dov\u00e9ho kvetu a citr\u00f3nov\u00e9ho kysl\u00e9ho lesku vytv\u00e1raj\u00fa harmonick\u00fa pr\u00edchu\u0165, ktor\u00e1 pri\u0165ahuje t\u00fdch, ktor\u00ed h\u013eadaj\u00fa jedine\u010dn\u00fa a elegann\u00fa chu\u0165. Bez tab\u00e1ka a s pou\u017eit\u00edm vysokokvalitn\u00fdch rastlinn\u00fdch vl\u00e1kien, VELO Zesty Elderflower poskytuje konzistentn\u00e9 uvo\u013e\u0148ovanie chuti a nikot\u00ednu, \u010do ho rob\u00ed vynikaj\u00facou vo\u013ebou pre pou\u017e\u00edvate\u013eov, ktor\u00ed si \u017eelaj\u00fa rafinovan\u00fd a energizuj\u00faci nikot\u00ednov\u00fd vank\u00fa\u0161ik.<\/span><\/p>\n<table>\n<tbody>\n<tr>\n<td><b>Atrib\u00fat<\/b><\/td>\n<td><b>Podrobnosti<\/b><\/td>\n<\/tr>\n<tr>\n<td><span style=\"font-weight: 400;\">Zna\u010dka<\/span><\/td>\n<td><span style=\"font-weight: 400;\">VELO<\/span><\/td>\n<\/tr>\n<tr>\n<td><span style=\"font-weight: 400;\">Typ v\u00fdrobku<\/span><\/td>\n<td><span style=\"font-weight: 400;\">V\u0161etky biele nikot\u00ednov\u00e9 vreck\u00e1<\/span><\/td>\n<\/tr>\n<tr>\n<td><span style=\"font-weight: 400;\">Form\u00e1t<\/span><\/td>\n<td><span style=\"font-weight: 400;\">Slim<\/span><\/td>\n<\/tr>\n<tr>\n<td><span style=\"font-weight: 400;\">Pr\u00edchu\u0165<\/span><\/td>\n<td><span style=\"font-weight: 400;\">Bezokov\u00e1 kvetina a Limeta<\/span><\/td>\n<\/tr>\n<tr>\n<td><span style=\"font-weight: 400;\">Sila nikot\u00ednu<\/span><\/td>\n<td><span style=\"font-weight: 400;\">14,3 mg\/g (10 mg na vrecko)<\/span><\/td>\n<\/tr>\n<tr>\n<td><span style=\"font-weight: 400;\">Hmotnos\u0165 porcie<\/span><\/td>\n<td><span style=\"font-weight: 400;\">0,7 gramu<\/span><\/td>\n<\/tr>\n<tr>\n<td><span style=\"font-weight: 400;\">Po\u010det porci\u00ed<\/span><\/td>\n<td><span style=\"font-weight: 400;\">20 za plechovku<\/span><\/td>\n<\/tr>\n<tr>\n<td><span style=\"font-weight: 400;\">Celkov\u00e1 hmotnos\u0165 plechovky<\/span><\/td>\n<td><span style=\"font-weight: 400;\">14 gramov<\/span><\/td>\n<\/tr>\n<tr>\n<td><span style=\"font-weight: 400;\">V\u00fdrobca<\/span><\/td>\n<td><span style=\"font-weight: 400;\">BAT<\/span><\/td>\n<\/tr>\n<tr>\n<td><span style=\"font-weight: 400;\">Pozoruhodn\u00e9 funkcie<\/span><\/td>\n<td><span style=\"font-weight: 400;\">Bez tab\u00e1ka, diskr\u00e9tne \u0161t\u00edhle porcie, vyv\u00e1\u017een\u00e1 kvetinovit\u00e1 a citrusov\u00e1 pr\u00edchu\u0165<\/span><\/td>\n<\/tr>\n<\/tbody>\n<\/table>","protected":false},"excerpt":{"rendered":"<p>VELO Zesty Elderflower nikot\u00ednov\u00e9 vrec\u00fa\u0161ka poskytuj\u00fa rafinovan\u00fd <strong data-start=\"58\" data-end=\"86\">Pikantn\u00fd bazov\u00fd kvet a limetka<\/strong> s kvetinovou sladkos\u0165ou a svie\u017eim citrusov\u00fdm n\u00e1dychom. <strong data-start=\"141\" data-end=\"149\">Slim<\/strong>, \u00faplne biely form\u00e1t pre diskr\u00e9tne, pohodln\u00e9 pou\u017e\u00edvanie a konzistentn\u00e9 uvo\u013e\u0148ovanie. Ka\u017ed\u00e9 vrecko obsahuje <strong data-start=\"244\" data-end=\"262\">10 mg nikot\u00ednu<\/strong>.<\/p>","protected":false},"featured_media":8243,"comment_status":"open","ping_status":"closed","template":"","format":[206],"meta":{"_acf_changed":false},"product_brand":[],"product_cat":[48],"product_tag":[16587],"flavours":[195],"nicotine":[211,232],"class_list":{"0":"post-8242","1":"product","2":"type-product","3":"status-publish","4":"has-post-thumbnail","6":"product_cat-velo","7":"product_tag-10-mg-pouch","8":"pa_quantity-1-pack","9":"pa_quantity-10-pack","10":"pa_quantity-3-pack","11":"pa_quantity-30-pack","12":"pa_quantity-5-pack","13":"pa_quantity-60-pack","14":"flavours-flower","15":"format-slim","16":"nicotine-14-mg-g","17":"nicotine-extra-strong","19":"first","20":"instock","21":"taxable","22":"shipping-taxable","23":"product-type-variable"},"acf":[],"_links":{"self":[{"href":"https:\/\/whitelip.com\/sk\/wp-json\/wp\/v2\/product\/8242","targetHints":{"allow":["GET"]}}],"collection":[{"href":"https:\/\/whitelip.com\/sk\/wp-json\/wp\/v2\/product"}],"about":[{"href":"https:\/\/whitelip.com\/sk\/wp-json\/wp\/v2\/types\/product"}],"replies":[{"embeddable":true,"href":"https:\/\/whitelip.com\/sk\/wp-json\/wp\/v2\/comments?post=8242"}],"wp:featuredmedia":[{"embeddable":true,"href":"https:\/\/whitelip.com\/sk\/wp-json\/wp\/v2\/media\/8243"}],"wp:attachment":[{"href":"https:\/\/whitelip.com\/sk\/wp-json\/wp\/v2\/media?parent=8242"}],"wp:term":[{"taxonomy":"product_brand","embeddable":true,"href":"https:\/\/whitelip.com\/sk\/wp-json\/wp\/v2\/product_brand?post=8242"},{"taxonomy":"product_cat","embeddable":true,"href":"https:\/\/whitelip.com\/sk\/wp-json\/wp\/v2\/product_cat?post=8242"},{"taxonomy":"product_tag","embeddable":true,"href":"https:\/\/whitelip.com\/sk\/wp-json\/wp\/v2\/product_tag?post=8242"},{"taxonomy":"flavours","embeddable":true,"href":"https:\/\/whitelip.com\/sk\/wp-json\/wp\/v2\/flavours?post=8242"},{"taxonomy":"format","embeddable":true,"href":"https:\/\/whitelip.com\/sk\/wp-json\/wp\/v2\/format?post=8242"},{"taxonomy":"nicotine","embeddable":true,"href":"https:\/\/whitelip.com\/sk\/wp-json\/wp\/v2\/nicotine?post=8242"}],"curies":[{"name":"wp","href":"https:\/\/api.w.org\/{rel}","templated":true}]}}