{"id":8240,"date":"2024-12-20T19:39:04","date_gmt":"2024-12-20T19:39:04","guid":{"rendered":"https:\/\/whitelip.com\/velo-purple-grape\/"},"modified":"2026-04-29T10:11:31","modified_gmt":"2026-04-29T10:11:31","slug":"velo-purple-grape","status":"publish","type":"product","link":"https:\/\/whitelip.com\/sk\/velo\/velo-purple-grape\/","title":{"rendered":"VELO Purple Grape"},"content":{"rendered":"<h2><strong>VELO Purple Grape<\/strong><\/h2>\n<p><span style=\"font-weight: 400;\">VELO Purple Grape pon\u00faka \u017eiv\u00fd a ovocn\u00fd nikot\u00ednov\u00fd z\u00e1\u017eitok, ktor\u00fd zachyt\u00e1va sladk\u00fa a mierne trpk\u00fa esenciu \u010derven\u00e9ho hrozna. Tieto tenk\u00e9, \u00faplne biele nikot\u00ednov\u00e9 vrec\u00fa\u0161ka s\u00fa navrhnut\u00e9 na diskr\u00e9tne a pohodln\u00e9 pou\u017e\u00edvanie, bez probl\u00e9mov sa zmestia pod pery bez toho, aby boli n\u00e1padn\u00e9. Vyv\u00e1\u017een\u00fd chu\u0165ov\u00fd profil poskytuje uspokojiv\u00fd pocit chuti, v\u010faka \u010domu je vynikaj\u00facou vo\u013ebou pre t\u00fdch, ktor\u00ed h\u013eadaj\u00fa chu\u0165ov\u00fa alternat\u00edvu k tradi\u010dn\u00fdm v\u00fdrobkom. Vrec\u00fa\u0161ka neobsahuj\u00fa tabak, vyu\u017e\u00edvaj\u00fa vysokokvalitn\u00e9 rastlinn\u00e9 vl\u00e1kna a s\u00fa navrhnut\u00e9 tak, aby poskytovali konzistentn\u00e9 uvo\u013e\u0148ovanie nikot\u00ednu a chuti. \u0160t\u00edhly form\u00e1t zaru\u010duje minim\u00e1lne kvapkanie a pohodln\u00e9 nosenie, \u010do vyhovuje nov\u00fdm aj sk\u00fasen\u00fdm pou\u017e\u00edvate\u013eom, ktor\u00ed h\u013eadaj\u00fa osvie\u017euj\u00face a pr\u00edjemn\u00e9 nikot\u00ednov\u00e9 vrec\u00fa\u0161ka.<\/span><\/p>\n<table>\n<tbody>\n<tr>\n<td><b>Atrib\u00fat<\/b><\/td>\n<td><b>Podrobnosti<\/b><\/td>\n<\/tr>\n<tr>\n<td><span style=\"font-weight: 400;\">Zna\u010dka<\/span><\/td>\n<td><span style=\"font-weight: 400;\">VELO<\/span><\/td>\n<\/tr>\n<tr>\n<td><span style=\"font-weight: 400;\">Typ v\u00fdrobku<\/span><\/td>\n<td><span style=\"font-weight: 400;\">V\u0161etky biele nikot\u00ednov\u00e9 vreck\u00e1<\/span><\/td>\n<\/tr>\n<tr>\n<td><span style=\"font-weight: 400;\">Form\u00e1t<\/span><\/td>\n<td><span style=\"font-weight: 400;\">Slim<\/span><\/td>\n<\/tr>\n<tr>\n<td><span style=\"font-weight: 400;\">Pr\u00edchu\u0165<\/span><\/td>\n<td><span style=\"font-weight: 400;\">\u010cerven\u00e9 hrozno<\/span><\/td>\n<\/tr>\n<tr>\n<td><span style=\"font-weight: 400;\">Sila nikot\u00ednu<\/span><\/td>\n<td><span style=\"font-weight: 400;\">14 mg\/g (10 mg na vrecko)<\/span><\/td>\n<\/tr>\n<tr>\n<td><span style=\"font-weight: 400;\">Hmotnos\u0165 porcie<\/span><\/td>\n<td><span style=\"font-weight: 400;\">0,7 gramu<\/span><\/td>\n<\/tr>\n<tr>\n<td><span style=\"font-weight: 400;\">Po\u010det porci\u00ed<\/span><\/td>\n<td><span style=\"font-weight: 400;\">20 za plechovku<\/span><\/td>\n<\/tr>\n<tr>\n<td><span style=\"font-weight: 400;\">Celkov\u00e1 hmotnos\u0165 plechovky<\/span><\/td>\n<td><span style=\"font-weight: 400;\">14 gramov<\/span><\/td>\n<\/tr>\n<tr>\n<td><span style=\"font-weight: 400;\">V\u00fdrobca<\/span><\/td>\n<td><span style=\"font-weight: 400;\">BAT<\/span><\/td>\n<\/tr>\n<tr>\n<td><span style=\"font-weight: 400;\">Pozoruhodn\u00e9 funkcie<\/span><\/td>\n<td><span style=\"font-weight: 400;\">Bez tabaku, diskr\u00e9tne tenk\u00e9 porcie, vyv\u00e1\u017een\u00e1 sladk\u00e1 a trpk\u00e1 chu\u0165<\/span><\/td>\n<\/tr>\n<\/tbody>\n<\/table>","protected":false},"excerpt":{"rendered":"<p>VELO Nikot\u00ednov\u00e9 vrec\u00fa\u0161ka Purple Grape prin\u00e1\u0161aj\u00fa \u017eiv\u00fa, ovocn\u00fa chu\u0165 <strong data-start=\"61\" data-end=\"77\">Fialov\u00e9 hrozno<\/strong> so sladkou, mierne trpkou chu\u0165ou. <strong data-start=\"122\" data-end=\"130\">Slim<\/strong>, \u00faplne biely form\u00e1t pre diskr\u00e9tne, pohodln\u00e9 pou\u017e\u00edvanie a konzistentn\u00e9 uvo\u013e\u0148ovanie. Ka\u017ed\u00e9 vrecko obsahuje <strong data-start=\"225\" data-end=\"243\">10 mg nikot\u00ednu<\/strong>.<\/p>","protected":false},"featured_media":8241,"comment_status":"open","ping_status":"closed","template":"","format":[206],"meta":{"_acf_changed":false},"product_brand":[],"product_cat":[48],"product_tag":[16587],"flavours":[196],"nicotine":[211,232],"class_list":{"0":"post-8240","1":"product","2":"type-product","3":"status-publish","4":"has-post-thumbnail","6":"product_cat-velo","7":"product_tag-10-mg-pouch","8":"pa_quantity-1-pack","9":"pa_quantity-10-pack","10":"pa_quantity-3-pack","11":"pa_quantity-30-pack","12":"pa_quantity-5-pack","13":"pa_quantity-60-pack","14":"flavours-fruits-berries","15":"format-slim","16":"nicotine-14-mg-g","17":"nicotine-extra-strong","19":"first","20":"outofstock","21":"taxable","22":"shipping-taxable","23":"purchasable","24":"product-type-variable"},"acf":[],"_links":{"self":[{"href":"https:\/\/whitelip.com\/sk\/wp-json\/wp\/v2\/product\/8240","targetHints":{"allow":["GET"]}}],"collection":[{"href":"https:\/\/whitelip.com\/sk\/wp-json\/wp\/v2\/product"}],"about":[{"href":"https:\/\/whitelip.com\/sk\/wp-json\/wp\/v2\/types\/product"}],"replies":[{"embeddable":true,"href":"https:\/\/whitelip.com\/sk\/wp-json\/wp\/v2\/comments?post=8240"}],"wp:featuredmedia":[{"embeddable":true,"href":"https:\/\/whitelip.com\/sk\/wp-json\/wp\/v2\/media\/8241"}],"wp:attachment":[{"href":"https:\/\/whitelip.com\/sk\/wp-json\/wp\/v2\/media?parent=8240"}],"wp:term":[{"taxonomy":"product_brand","embeddable":true,"href":"https:\/\/whitelip.com\/sk\/wp-json\/wp\/v2\/product_brand?post=8240"},{"taxonomy":"product_cat","embeddable":true,"href":"https:\/\/whitelip.com\/sk\/wp-json\/wp\/v2\/product_cat?post=8240"},{"taxonomy":"product_tag","embeddable":true,"href":"https:\/\/whitelip.com\/sk\/wp-json\/wp\/v2\/product_tag?post=8240"},{"taxonomy":"flavours","embeddable":true,"href":"https:\/\/whitelip.com\/sk\/wp-json\/wp\/v2\/flavours?post=8240"},{"taxonomy":"format","embeddable":true,"href":"https:\/\/whitelip.com\/sk\/wp-json\/wp\/v2\/format?post=8240"},{"taxonomy":"nicotine","embeddable":true,"href":"https:\/\/whitelip.com\/sk\/wp-json\/wp\/v2\/nicotine?post=8240"}],"curies":[{"name":"wp","href":"https:\/\/api.w.org\/{rel}","templated":true}]}}