{"id":8224,"date":"2024-11-28T12:39:59","date_gmt":"2024-11-28T12:39:59","guid":{"rendered":"https:\/\/whitelip.com\/loop-jalapeno-lime-mini-2\/"},"modified":"2026-04-13T17:42:46","modified_gmt":"2026-04-13T17:42:46","slug":"loop-jalapeno-lime-mini-2","status":"publish","type":"product","link":"https:\/\/whitelip.com\/sk\/loop\/loop-jalapeno-lime-mini-2\/","title":{"rendered":"LOOP Jalape\u00f1o Lime Mini #2"},"content":{"rendered":"<h2><b>LOOP Jalape\u00f1o Lime Mini #2<\/b><\/h2>\n<p><span style=\"font-weight: 400;\">LOOP Jalape\u00f1o Lime Mini #2 pon\u00faka \u017eiariv\u00fa kombin\u00e1ciu pikantnej limetky a jemn\u00e9ho jalape\u00f1o \u0161tip\u013eav\u00e9ho n\u00e1dychu, ktor\u00e1 prin\u00e1\u0161a odv\u00e1\u017eny a osvie\u017euj\u00faci nikot\u00ednov\u00fd z\u00e1\u017eitok v kompaktnom form\u00e1te. Tieto mini nikot\u00ednov\u00e9 vrec\u00fa\u0161ka s\u00fa navrhnut\u00e9 na diskr\u00e9tne a pohodln\u00e9 pou\u017e\u00edvanie a dokonale sa zmestia pod peru. V\u010faka miernej sile nikot\u00ednu je LOOP Jalape\u00f1o Lime Mini #2 ide\u00e1lny pre pou\u017e\u00edvate\u013eov, ktor\u00ed h\u013eadaj\u00fa jemn\u00fa, ale z\u00e1rove\u0148 aromatick\u00fa mo\u017enos\u0165. Jeho jedine\u010dn\u00e1 zmes korenia a citrusov zaru\u010duje uspokojuj\u00faci a povzbudzuj\u00faci z\u00e1\u017eitok kedyko\u013evek a kdeko\u013evek.<\/span><\/p>\n<table>\n<tbody>\n<tr>\n<td><b>Atrib\u00fat<\/b><\/td>\n<td><b>Podrobnosti<\/b><\/td>\n<\/tr>\n<tr>\n<td><span style=\"font-weight: 400;\">Obsah na plechovku<\/span><\/td>\n<td><span style=\"font-weight: 400;\">10 g (20 vrec\u00fa\u0161ok)<\/span><\/td>\n<\/tr>\n<tr>\n<td><span style=\"font-weight: 400;\">Obsah nikot\u00ednu<\/span><\/td>\n<td><span style=\"font-weight: 400;\">6 mg\/g<\/span><\/td>\n<\/tr>\n<tr>\n<td><span style=\"font-weight: 400;\">Form\u00e1t vrecka<\/span><\/td>\n<td><span style=\"font-weight: 400;\">Mini<\/span><\/td>\n<\/tr>\n<tr>\n<td><span style=\"font-weight: 400;\">V\u00fdrobca<\/span><\/td>\n<td><span style=\"font-weight: 400;\">LOOP<\/span><\/td>\n<\/tr>\n<tr>\n<td><span style=\"font-weight: 400;\">Pr\u00edchu\u0165<\/span><\/td>\n<td><span style=\"font-weight: 400;\">Jalape\u00f1o a limetka<\/span><\/td>\n<\/tr>\n<tr>\n<td><span style=\"font-weight: 400;\">Typ<\/span><\/td>\n<td><span style=\"font-weight: 400;\">Celobiele vrecko, bez tabaku<\/span><\/td>\n<\/tr>\n<\/tbody>\n<\/table>","protected":false},"excerpt":{"rendered":"<p>Vibruj\u00face <strong data-start=\"8\" data-end=\"25\">jalape\u00f1o limetka<\/strong> s pikantn\u00fdmi citrusmi a jemn\u00fdm pikantn\u00fdm n\u00e1dychom. <strong data-start=\"69\" data-end=\"77\">Mini<\/strong>, beztabakov\u00e9 vrec\u00fa\u0161ka sa diskr\u00e9tne umiestnia pod pery, aby sa dali pohodlne pou\u017e\u00edva\u0165 na cest\u00e1ch. Poskytuje miernu, vyv\u00e1\u017een\u00fa silu pre jemn\u00e9, ale chu\u0165ovo v\u00fdrazn\u00e9 povzbudenie.<\/p>","protected":false},"featured_media":8225,"comment_status":"open","ping_status":"closed","template":"","format":[205],"meta":{"_acf_changed":false},"product_brand":[],"product_cat":[32],"product_tag":[17012],"flavours":[187],"nicotine":[212,232],"class_list":{"0":"post-8224","1":"product","2":"type-product","3":"status-publish","4":"has-post-thumbnail","6":"product_cat-loop","7":"product_tag-6-8-mg-pouch","8":"pa_quantity-1-pack","9":"pa_quantity-10-pack","10":"pa_quantity-3-pack","11":"pa_quantity-30-pack","12":"pa_quantity-5-pack","13":"pa_quantity-60-pack","14":"flavours-chili","15":"format-mini","16":"nicotine-15-mg-g","17":"nicotine-extra-strong","19":"first","20":"outofstock","21":"taxable","22":"shipping-taxable","23":"purchasable","24":"product-type-variable"},"acf":[],"_links":{"self":[{"href":"https:\/\/whitelip.com\/sk\/wp-json\/wp\/v2\/product\/8224","targetHints":{"allow":["GET"]}}],"collection":[{"href":"https:\/\/whitelip.com\/sk\/wp-json\/wp\/v2\/product"}],"about":[{"href":"https:\/\/whitelip.com\/sk\/wp-json\/wp\/v2\/types\/product"}],"replies":[{"embeddable":true,"href":"https:\/\/whitelip.com\/sk\/wp-json\/wp\/v2\/comments?post=8224"}],"wp:featuredmedia":[{"embeddable":true,"href":"https:\/\/whitelip.com\/sk\/wp-json\/wp\/v2\/media\/8225"}],"wp:attachment":[{"href":"https:\/\/whitelip.com\/sk\/wp-json\/wp\/v2\/media?parent=8224"}],"wp:term":[{"taxonomy":"product_brand","embeddable":true,"href":"https:\/\/whitelip.com\/sk\/wp-json\/wp\/v2\/product_brand?post=8224"},{"taxonomy":"product_cat","embeddable":true,"href":"https:\/\/whitelip.com\/sk\/wp-json\/wp\/v2\/product_cat?post=8224"},{"taxonomy":"product_tag","embeddable":true,"href":"https:\/\/whitelip.com\/sk\/wp-json\/wp\/v2\/product_tag?post=8224"},{"taxonomy":"flavours","embeddable":true,"href":"https:\/\/whitelip.com\/sk\/wp-json\/wp\/v2\/flavours?post=8224"},{"taxonomy":"format","embeddable":true,"href":"https:\/\/whitelip.com\/sk\/wp-json\/wp\/v2\/format?post=8224"},{"taxonomy":"nicotine","embeddable":true,"href":"https:\/\/whitelip.com\/sk\/wp-json\/wp\/v2\/nicotine?post=8224"}],"curies":[{"name":"wp","href":"https:\/\/api.w.org\/{rel}","templated":true}]}}