{"id":8222,"date":"2024-11-28T12:39:37","date_gmt":"2024-11-28T12:39:37","guid":{"rendered":"https:\/\/whitelip.com\/killa-watermelon\/"},"modified":"2026-04-28T10:11:17","modified_gmt":"2026-04-28T10:11:17","slug":"killa-watermelon","status":"publish","type":"product","link":"https:\/\/whitelip.com\/sk\/killa\/killa-watermelon\/","title":{"rendered":"KILLA Vodn\u00fd mel\u00f3n"},"content":{"rendered":"<h2><b>KILLA Vodn\u00fd mel\u00f3n<\/b><\/h2>\n<p><span style=\"font-weight: 400;\">Nikot\u00ednov\u00e9 vrec\u00fa\u0161ka KILLA Watermelon pon\u00fakaj\u00fa osvie\u017euj\u00faci pr\u00edval sladkej mel\u00f3novej pr\u00edchute a poskytuj\u00fa uspokojuj\u00faci z\u00e1\u017eitok pre u\u017e\u00edvate\u013eov, ktor\u00ed h\u013eadaj\u00fa siln\u00fd nikot\u00ednov\u00fd hit. Tieto vrec\u00fa\u0161ka bez tabaku a tenk\u00e9ho form\u00e1tu s\u00fa navrhnut\u00e9 na diskr\u00e9tne a pohodln\u00e9 pou\u017e\u00edvanie, tak\u017ee s\u00fa ide\u00e1lne na u\u017e\u00edvanie na cest\u00e1ch. Autentick\u00e1 ar\u00f3ma a chu\u0165 mel\u00f3na poskytuj\u00fa pr\u00edjemn\u00fd zmyslov\u00fd z\u00e1\u017eitok, ktor\u00fd dop\u013a\u0148a vyv\u00e1\u017een\u00e1 sila nikot\u00ednu vhodn\u00e1 pre pravideln\u00fdch u\u017e\u00edvate\u013eov.<\/span><\/p>\n<table>\n<tbody>\n<tr>\n<td><b>Atrib\u00fat<\/b><\/td>\n<td><b>Podrobnosti<\/b><\/td>\n<\/tr>\n<tr>\n<td><span style=\"font-weight: 400;\">Obsah na plechovku<\/span><\/td>\n<td><span style=\"font-weight: 400;\">14 g (20 vrec\u00fa\u0161ok)<\/span><\/td>\n<\/tr>\n<tr>\n<td><span style=\"font-weight: 400;\">Obsah nikot\u00ednu<\/span><\/td>\n<td><span style=\"font-weight: 400;\">16 mg\/g (11,2 mg na vrecko)<\/span><\/td>\n<\/tr>\n<tr>\n<td><span style=\"font-weight: 400;\">Form\u00e1t vrecka<\/span><\/td>\n<td><span style=\"font-weight: 400;\">Slim<\/span><\/td>\n<\/tr>\n<tr>\n<td><span style=\"font-weight: 400;\">V\u00fdrobca<\/span><\/td>\n<td><span style=\"font-weight: 400;\">NGP<\/span><\/td>\n<\/tr>\n<tr>\n<td><span style=\"font-weight: 400;\">Pr\u00edchu\u0165<\/span><\/td>\n<td><span style=\"font-weight: 400;\">Mel\u00f3n<\/span><\/td>\n<\/tr>\n<tr>\n<td><span style=\"font-weight: 400;\">Typ<\/span><\/td>\n<td><span style=\"font-weight: 400;\">Celobiele vrecko, bez tabaku<\/span><\/td>\n<\/tr>\n<\/tbody>\n<\/table>","protected":false},"excerpt":{"rendered":"<p class=\"sr-only\"><span style=\"font-size: 16px;\">Osvie\u017euj\u00face, sladk\u00e9 <\/span><strong style=\"font-size: 16px;\" data-start=\"18\" data-end=\"32\">mel\u00f3n<\/strong><span style=\"font-size: 16px;\"> pre \u010dist\u00fd a uspokojiv\u00fd zdvih. <\/span><strong style=\"font-size: 16px;\" data-start=\"63\" data-end=\"71\">Slim<\/strong><span style=\"font-size: 16px;\">, vrec\u00fa\u0161ka bez tabaku sa diskr\u00e9tne umiestnia pod peru na pohodln\u00e9 pou\u017e\u00edvanie na cest\u00e1ch. Autentick\u00e1 v\u00f4\u0148a a chu\u0165 s vyv\u00e1\u017eenou silou vhodnou pre pravideln\u00fdch u\u017e\u00edvate\u013eov. Ka\u017ed\u00e9 vrec\u00fa\u0161ko obsahuje <\/span><strong style=\"font-size: 16px;\" data-start=\"253\" data-end=\"273\">11,2 mg nikot\u00ednu<\/strong><span style=\"font-size: 16px;\"> pre siln\u00fd a pr\u00edjemn\u00fd z\u00e1\u017eitok.<\/span><\/p>","protected":false},"featured_media":8223,"comment_status":"open","ping_status":"closed","template":"","format":[206],"meta":{"_acf_changed":false},"product_brand":[],"product_cat":[64],"product_tag":[16577],"flavours":[196],"nicotine":[213,232],"class_list":{"0":"post-8222","1":"product","2":"type-product","3":"status-publish","4":"has-post-thumbnail","6":"product_cat-killa","7":"product_tag-11-2-mg-pouch","8":"pa_quantity-1-pack","9":"pa_quantity-10-pack","10":"pa_quantity-3-pack","11":"pa_quantity-30-pack","12":"pa_quantity-5-pack","13":"pa_quantity-60-pack","14":"flavours-fruits-berries","15":"format-slim","16":"nicotine-16-mg-g","17":"nicotine-extra-strong","19":"first","20":"instock","21":"taxable","22":"shipping-taxable","23":"purchasable","24":"product-type-variable"},"acf":[],"_links":{"self":[{"href":"https:\/\/whitelip.com\/sk\/wp-json\/wp\/v2\/product\/8222","targetHints":{"allow":["GET"]}}],"collection":[{"href":"https:\/\/whitelip.com\/sk\/wp-json\/wp\/v2\/product"}],"about":[{"href":"https:\/\/whitelip.com\/sk\/wp-json\/wp\/v2\/types\/product"}],"replies":[{"embeddable":true,"href":"https:\/\/whitelip.com\/sk\/wp-json\/wp\/v2\/comments?post=8222"}],"wp:featuredmedia":[{"embeddable":true,"href":"https:\/\/whitelip.com\/sk\/wp-json\/wp\/v2\/media\/8223"}],"wp:attachment":[{"href":"https:\/\/whitelip.com\/sk\/wp-json\/wp\/v2\/media?parent=8222"}],"wp:term":[{"taxonomy":"product_brand","embeddable":true,"href":"https:\/\/whitelip.com\/sk\/wp-json\/wp\/v2\/product_brand?post=8222"},{"taxonomy":"product_cat","embeddable":true,"href":"https:\/\/whitelip.com\/sk\/wp-json\/wp\/v2\/product_cat?post=8222"},{"taxonomy":"product_tag","embeddable":true,"href":"https:\/\/whitelip.com\/sk\/wp-json\/wp\/v2\/product_tag?post=8222"},{"taxonomy":"flavours","embeddable":true,"href":"https:\/\/whitelip.com\/sk\/wp-json\/wp\/v2\/flavours?post=8222"},{"taxonomy":"format","embeddable":true,"href":"https:\/\/whitelip.com\/sk\/wp-json\/wp\/v2\/format?post=8222"},{"taxonomy":"nicotine","embeddable":true,"href":"https:\/\/whitelip.com\/sk\/wp-json\/wp\/v2\/nicotine?post=8222"}],"curies":[{"name":"wp","href":"https:\/\/api.w.org\/{rel}","templated":true}]}}