{"id":8220,"date":"2024-11-28T12:39:36","date_gmt":"2024-11-28T12:39:36","guid":{"rendered":"https:\/\/whitelip.com\/killa-spearmint\/"},"modified":"2026-04-29T12:15:27","modified_gmt":"2026-04-29T12:15:27","slug":"killa-spearmint","status":"publish","type":"product","link":"https:\/\/whitelip.com\/sk\/killa\/killa-spearmint\/","title":{"rendered":"KILLA Spearmint"},"content":{"rendered":"<h2><b>KILLA Spearmint<\/b><\/h2>\n<p><span style=\"font-weight: 400;\">Nikot\u00ednov\u00e9 vrec\u00fa\u0161ka KILLA Spearmint poskytuj\u00fa osvie\u017euj\u00faci pr\u00edval sladkej m\u00e4tovej pr\u00edchute v kombin\u00e1cii so siln\u00fdm nikot\u00ednov\u00fdm z\u00e1\u017eitkom. Tieto vrec\u00fa\u0161ka bez tabaku s\u00fa ur\u010den\u00e9 pre pou\u017e\u00edvate\u013eov, ktor\u00ed h\u013eadaj\u00fa siln\u00fd a povzbudzuj\u00faci pocit, a pon\u00fakaj\u00fa diskr\u00e9tny a pohodln\u00fd sp\u00f4sob, ako si vychutna\u0165 nikot\u00edn bez faj\u010denia. Tenk\u00fd form\u00e1t zaru\u010duje pohodln\u00e9 ulo\u017eenie pod perou a prin\u00e1\u0161a uspokojiv\u00e9 uvo\u013e\u0148ovanie chuti a nikot\u00ednu.<\/span><\/p>\n<table>\n<tbody>\n<tr>\n<td><b>Atrib\u00fat<\/b><\/td>\n<td><b>Podrobnosti<\/b><\/td>\n<\/tr>\n<tr>\n<td><span style=\"font-weight: 400;\">Obsah na plechovku<\/span><\/td>\n<td><span style=\"font-weight: 400;\">16 g (20 vrec\u00fa\u0161ok)<\/span><\/td>\n<\/tr>\n<tr>\n<td><span style=\"font-weight: 400;\">Obsah nikot\u00ednu<\/span><\/td>\n<td><span style=\"font-weight: 400;\">16 mg\/g (12,8 mg na vrecko)<\/span><\/td>\n<\/tr>\n<tr>\n<td><span style=\"font-weight: 400;\">Form\u00e1t vrecka<\/span><\/td>\n<td><span style=\"font-weight: 400;\">Slim<\/span><\/td>\n<\/tr>\n<tr>\n<td><span style=\"font-weight: 400;\">V\u00fdrobca<\/span><\/td>\n<td><span style=\"font-weight: 400;\">R\u00ed\u0161a NGP<\/span><\/td>\n<\/tr>\n<tr>\n<td><span style=\"font-weight: 400;\">Pr\u00edchu\u0165<\/span><\/td>\n<td><span style=\"font-weight: 400;\">M\u00e4ta pieporn\u00e1<\/span><\/td>\n<\/tr>\n<tr>\n<td><span style=\"font-weight: 400;\">Typ<\/span><\/td>\n<td><span style=\"font-weight: 400;\">Celobiele vrecko, bez tabaku<\/span><\/td>\n<\/tr>\n<\/tbody>\n<\/table>","protected":false},"excerpt":{"rendered":"<p>Osvie\u017euj\u00face, sladk\u00e9 <strong data-start=\"18\" data-end=\"31\">m\u00e4ta pieporn\u00e1<\/strong> s \u010dist\u00fdm, osvie\u017euj\u00facim v\u00fd\u0165ahom. <strong data-start=\"65\" data-end=\"73\">Slim<\/strong>, beztabakov\u00e9 vrec\u00fa\u0161ka sa diskr\u00e9tne umiest\u0148uj\u00fa pod pery na pohodln\u00e9 pou\u017e\u00edvanie bez faj\u010denia. Ka\u017ed\u00e9 vrecko obsahuje <strong data-start=\"177\" data-end=\"197\">12,8 mg nikot\u00ednu<\/strong>, a prin\u00e1\u0161a siln\u00e9 a uspokojiv\u00e9 vydanie.<\/p>","protected":false},"featured_media":8221,"comment_status":"open","ping_status":"closed","template":"","format":[206],"meta":{"_acf_changed":false},"product_brand":[],"product_cat":[64],"product_tag":[16676],"flavours":[199],"nicotine":[213,232],"class_list":{"0":"post-8220","1":"product","2":"type-product","3":"status-publish","4":"has-post-thumbnail","6":"product_cat-killa","7":"product_tag-12-8-mg-pouch","8":"pa_quantity-1-pack","9":"pa_quantity-10-pack","10":"pa_quantity-3-pack","11":"pa_quantity-30-pack","12":"pa_quantity-5-pack","13":"pa_quantity-60-pack","14":"flavours-mint","15":"format-slim","16":"nicotine-16-mg-g","17":"nicotine-extra-strong","19":"first","20":"instock","21":"taxable","22":"shipping-taxable","23":"purchasable","24":"product-type-variable"},"acf":[],"_links":{"self":[{"href":"https:\/\/whitelip.com\/sk\/wp-json\/wp\/v2\/product\/8220","targetHints":{"allow":["GET"]}}],"collection":[{"href":"https:\/\/whitelip.com\/sk\/wp-json\/wp\/v2\/product"}],"about":[{"href":"https:\/\/whitelip.com\/sk\/wp-json\/wp\/v2\/types\/product"}],"replies":[{"embeddable":true,"href":"https:\/\/whitelip.com\/sk\/wp-json\/wp\/v2\/comments?post=8220"}],"wp:featuredmedia":[{"embeddable":true,"href":"https:\/\/whitelip.com\/sk\/wp-json\/wp\/v2\/media\/8221"}],"wp:attachment":[{"href":"https:\/\/whitelip.com\/sk\/wp-json\/wp\/v2\/media?parent=8220"}],"wp:term":[{"taxonomy":"product_brand","embeddable":true,"href":"https:\/\/whitelip.com\/sk\/wp-json\/wp\/v2\/product_brand?post=8220"},{"taxonomy":"product_cat","embeddable":true,"href":"https:\/\/whitelip.com\/sk\/wp-json\/wp\/v2\/product_cat?post=8220"},{"taxonomy":"product_tag","embeddable":true,"href":"https:\/\/whitelip.com\/sk\/wp-json\/wp\/v2\/product_tag?post=8220"},{"taxonomy":"flavours","embeddable":true,"href":"https:\/\/whitelip.com\/sk\/wp-json\/wp\/v2\/flavours?post=8220"},{"taxonomy":"format","embeddable":true,"href":"https:\/\/whitelip.com\/sk\/wp-json\/wp\/v2\/format?post=8220"},{"taxonomy":"nicotine","embeddable":true,"href":"https:\/\/whitelip.com\/sk\/wp-json\/wp\/v2\/nicotine?post=8220"}],"curies":[{"name":"wp","href":"https:\/\/api.w.org\/{rel}","templated":true}]}}