{"id":8216,"date":"2024-11-28T12:39:36","date_gmt":"2024-11-28T12:39:36","guid":{"rendered":"https:\/\/whitelip.com\/killa-13\/"},"modified":"2026-05-12T10:11:31","modified_gmt":"2026-05-12T10:11:31","slug":"killa-13","status":"publish","type":"product","link":"https:\/\/whitelip.com\/sk\/killa\/killa-13\/","title":{"rendered":"KILLA 13"},"content":{"rendered":"<h2><b>KILLA 13<\/b><\/h2>\n<p><span style=\"font-weight: 400;\">Nikot\u00ednov\u00e9 vrec\u00fa\u0161ka KILLA 13 pon\u00fakaj\u00fa dynamick\u00fa pr\u00edchu\u0165 in\u0161pirovan\u00fa energetick\u00fdm n\u00e1pojom, ktor\u00e1 prin\u00e1\u0161a osvie\u017euj\u00faci a povzbudzuj\u00faci z\u00e1\u017eitok. Tieto vrec\u00fa\u0161ka bez tabaku s\u00fa prisp\u00f4soben\u00e9 pre pou\u017e\u00edvate\u013eov, ktor\u00ed h\u013eadaj\u00fa siln\u00fd nikot\u00ednov\u00fd z\u00e1sah, a poskytuj\u00fa diskr\u00e9tnu a pohodln\u00fa alternat\u00edvu k tradi\u010dn\u00fdm nikot\u00ednov\u00fdm v\u00fdrobkom. Tenk\u00fd form\u00e1t zaru\u010duje pohodln\u00e9 ulo\u017eenie pod perou, \u010do umo\u017e\u0148uje pou\u017e\u00edvanie kedyko\u013evek a kdeko\u013evek. KILLA 13 vynik\u00e1 jedine\u010dnou chu\u0165ou a siln\u00fdm \u00fa\u010dinkom, v\u010faka \u010domu je ob\u013e\u00fabenou vo\u013ebou medzi nad\u0161encami nikot\u00ednov\u00fdch vrec\u00fa\u0161ok.<\/span><\/p>\n<table>\n<tbody>\n<tr>\n<td><b>Atrib\u00fat<\/b><\/td>\n<td><b>Podrobnosti<\/b><\/td>\n<\/tr>\n<tr>\n<td><span style=\"font-weight: 400;\">Obsah na plechovku<\/span><\/td>\n<td><span style=\"font-weight: 400;\">14 g (20 vrec\u00fa\u0161ok)<\/span><\/td>\n<\/tr>\n<tr>\n<td><span style=\"font-weight: 400;\">Obsah nikot\u00ednu<\/span><\/td>\n<td><span style=\"font-weight: 400;\">16 mg\/g (11,2 mg na vrecko)<\/span><\/td>\n<\/tr>\n<tr>\n<td><span style=\"font-weight: 400;\">Form\u00e1t vrecka<\/span><\/td>\n<td><span style=\"font-weight: 400;\">Slim<\/span><\/td>\n<\/tr>\n<tr>\n<td><span style=\"font-weight: 400;\">V\u00fdrobca<\/span><\/td>\n<td><span style=\"font-weight: 400;\">R\u00ed\u0161a NGP<\/span><\/td>\n<\/tr>\n<tr>\n<td><span style=\"font-weight: 400;\">Pr\u00edchu\u0165<\/span><\/td>\n<td><span style=\"font-weight: 400;\">Energetick\u00fd n\u00e1poj<\/span><\/td>\n<\/tr>\n<tr>\n<td><span style=\"font-weight: 400;\">Typ<\/span><\/td>\n<td><span style=\"font-weight: 400;\">Celobiele vrecko, bez tabaku<\/span><\/td>\n<\/tr>\n<\/tbody>\n<\/table>","protected":false},"excerpt":{"rendered":"<p>Dynamick\u00e9 <strong data-start=\"8\" data-end=\"24\">energetick\u00fd n\u00e1poj<\/strong> osvie\u017euj\u00facu a povzbudzuj\u00facu chu\u0165. <strong data-start=\"70\" data-end=\"78\">Slim<\/strong>, vrec\u00fa\u0161ka bez tabaku sa diskr\u00e9tne vkladaj\u00fa pod pery, aby ste ich mohli kedyko\u013evek pohodlne pou\u017ei\u0165. Ka\u017ed\u00e9 vrecko obsahuje <strong data-start=\"178\" data-end=\"198\">11,2 mg nikot\u00ednu<\/strong>, a prin\u00e1\u0161a siln\u00fd, energizuj\u00faci z\u00e1\u017eitok s jedine\u010dnou, v\u00fdraznou chu\u0165ou.<\/p>","protected":false},"featured_media":8217,"comment_status":"open","ping_status":"closed","template":"","format":[206],"meta":{"_acf_changed":false},"product_brand":[],"product_cat":[64],"product_tag":[16577],"flavours":[194],"nicotine":[213,232],"class_list":{"0":"post-8216","1":"product","2":"type-product","3":"status-publish","4":"has-post-thumbnail","6":"product_cat-killa","7":"product_tag-11-2-mg-pouch","8":"pa_quantity-1-pack","9":"pa_quantity-10-pack","10":"pa_quantity-3-pack","11":"pa_quantity-30-pack","12":"pa_quantity-5-pack","13":"pa_quantity-60-pack","14":"flavours-energy-drink","15":"format-slim","16":"nicotine-16-mg-g","17":"nicotine-extra-strong","19":"first","20":"outofstock","21":"taxable","22":"shipping-taxable","23":"purchasable","24":"product-type-variable"},"acf":[],"_links":{"self":[{"href":"https:\/\/whitelip.com\/sk\/wp-json\/wp\/v2\/product\/8216","targetHints":{"allow":["GET"]}}],"collection":[{"href":"https:\/\/whitelip.com\/sk\/wp-json\/wp\/v2\/product"}],"about":[{"href":"https:\/\/whitelip.com\/sk\/wp-json\/wp\/v2\/types\/product"}],"replies":[{"embeddable":true,"href":"https:\/\/whitelip.com\/sk\/wp-json\/wp\/v2\/comments?post=8216"}],"wp:featuredmedia":[{"embeddable":true,"href":"https:\/\/whitelip.com\/sk\/wp-json\/wp\/v2\/media\/8217"}],"wp:attachment":[{"href":"https:\/\/whitelip.com\/sk\/wp-json\/wp\/v2\/media?parent=8216"}],"wp:term":[{"taxonomy":"product_brand","embeddable":true,"href":"https:\/\/whitelip.com\/sk\/wp-json\/wp\/v2\/product_brand?post=8216"},{"taxonomy":"product_cat","embeddable":true,"href":"https:\/\/whitelip.com\/sk\/wp-json\/wp\/v2\/product_cat?post=8216"},{"taxonomy":"product_tag","embeddable":true,"href":"https:\/\/whitelip.com\/sk\/wp-json\/wp\/v2\/product_tag?post=8216"},{"taxonomy":"flavours","embeddable":true,"href":"https:\/\/whitelip.com\/sk\/wp-json\/wp\/v2\/flavours?post=8216"},{"taxonomy":"format","embeddable":true,"href":"https:\/\/whitelip.com\/sk\/wp-json\/wp\/v2\/format?post=8216"},{"taxonomy":"nicotine","embeddable":true,"href":"https:\/\/whitelip.com\/sk\/wp-json\/wp\/v2\/nicotine?post=8216"}],"curies":[{"name":"wp","href":"https:\/\/api.w.org\/{rel}","templated":true}]}}