{"id":8214,"date":"2024-11-28T12:39:36","date_gmt":"2024-11-28T12:39:36","guid":{"rendered":"https:\/\/whitelip.com\/killa-melon\/"},"modified":"2026-04-21T10:11:25","modified_gmt":"2026-04-21T10:11:25","slug":"killa-melon","status":"publish","type":"product","link":"https:\/\/whitelip.com\/sk\/killa\/killa-melon\/","title":{"rendered":"KILLA Mel\u00f3n"},"content":{"rendered":"<h2><strong>KILLA Mel\u00f3n<\/strong><\/h2>\n<p>KILLA Mel\u00f3n - Poc\u00ed\u0165te \u013eadov\u00fd chlad pod perami s chu\u0165ou chladiv\u00e9ho mel\u00f3nu. Plechovka obsahuje 20 tenk\u00fdch vrec\u00fa\u0161ok so silou nikot\u00ednu 16 mg\/g.<\/p>\n<ul>\n<li>Pr\u00edchu\u0165: Mel\u00f3n<\/li>\n<li>Form\u00e1t: Slim<\/li>\n<li>Vreck\u00e1: 20 ks<\/li>\n<li>Nikot\u00edn: 16 mg\/g<\/li>\n<li>Hmotnos\u0165: 16 g<\/li>\n<li>Zna\u010dka: <a href=\"https:\/\/whitelip.com\/sk\/killa\/\">KILLA<\/a><\/li>\n<li>V\u00fdrobca: <a href=\"https:\/\/ngpeurope.eu\/en\/\" target=\"_blank\" rel=\"noopener\">N.G.P EUROPE<\/a><\/li>\n<\/ul>\n<p><em><strong>O zna\u010dke: KILLA<\/strong><\/em><\/p>\n<p>Presk\u00famajte cenovo dostupn\u00e9 a vysokokvalitn\u00e9 nikot\u00ednov\u00e9 vrec\u00fa\u0161ka KILLA - cenovo v\u00fdhodn\u00fd sortiment, ktor\u00fd nerob\u00ed kompromisy v kvalite. V\u010faka r\u00f4znym vzru\u0161uj\u00facim pr\u00edchutiam a sil\u00e1m nikot\u00ednu pon\u00faka KILLA cenovo dostupn\u00e9 a uspokojuj\u00face rie\u0161enie na uspokojenie va\u0161ich nikot\u00ednov\u00fdch potrieb. Presk\u00famajte n\u00e1\u0161 sortiment lacn\u00fdch nikot\u00ednov\u00fdch vrec\u00fa\u0161ok KILLA a vychutnajte si cenovo dostupn\u00fd a chutn\u00fd nikot\u00ednov\u00fd z\u00e1\u017eitok kedyko\u013evek a kdeko\u013evek.<\/p>\n<p><em><strong>O str\u00e1nke Whitelip.se:\u00a0<\/strong><\/em><\/p>\n<p><span data-contrast=\"auto\">Vitajte na str\u00e1nke Whitelip.se, va\u0161ej kone\u010dnej destin\u00e1cii pre vysokokvalitn\u00e9 nikot\u00ednov\u00e9 vrec\u00fa\u0161ka. Presk\u00famajte n\u00e1\u0161 \u0161irok\u00fd sortiment v\u00fdrobkov navrhnut\u00fdch tak, aby uspokojili va\u0161e potreby v oblasti nikot\u00ednu, s pohodln\u00fdm doru\u010den\u00edm do Spojen\u00fdch \u0161t\u00e1tov a Eur\u00f3py a s mo\u017enos\u0165ou bezplatnej dopravy pri pokladni. Zv\u00fd\u0161te svoju spokojnos\u0165 s ka\u017ed\u00fdm n\u00e1kupom, preto\u017ee v\u00e1m prin\u00e1\u0161ame \u0161pi\u010dkov\u00e9 zna\u010dky a bezprobl\u00e9mov\u00e9 doru\u010denie a\u017e k va\u0161im dver\u00e1m. Za\u017eite maxim\u00e1lne pohodlie a prvotriednu kvalitu len na Whitelip.se. Nakupujte teraz a doprajte si p\u00f4\u017eitok z pr\u00e9miov\u00fdch nikot\u00ednov\u00fdch vrec\u00fa\u0161ok v celej bielej farbe.<\/span><\/p>","protected":false},"excerpt":{"rendered":"<p>Chladenie <strong data-start=\"8\" data-end=\"17\">mel\u00f3n<\/strong> s \u013eadovou, osvie\u017euj\u00facou chu\u0165ou. <strong data-start=\"56\" data-end=\"64\">Slim<\/strong>, beztabakov\u00e9 vrec\u00fa\u0161ka sa diskr\u00e9tne nach\u00e1dzaj\u00fa pod perou a poskytuj\u00fa \u010dist\u00fd a hladk\u00fd z\u00e1\u017eitok. Ka\u017ed\u00e9 vrec\u00fa\u0161ko obsahuje <strong data-start=\"168\" data-end=\"188\">16 mg\/g nikot\u00ednu<\/strong>, a poskytuje siln\u00fd, uspokojiv\u00fd kopanec; <strong data-start=\"228\" data-end=\"250\">20 vrec\u00fa\u0161ok v plechovke<\/strong>.<\/p>","protected":false},"featured_media":8215,"comment_status":"open","ping_status":"closed","template":"","format":[206],"meta":{"_acf_changed":false},"product_brand":[],"product_cat":[64],"product_tag":[16676],"flavours":[196],"nicotine":[213,232],"class_list":{"0":"post-8214","1":"product","2":"type-product","3":"status-publish","4":"has-post-thumbnail","6":"product_cat-killa","7":"product_tag-12-8-mg-pouch","8":"pa_quantity-1-pack","9":"pa_quantity-10-pack","10":"pa_quantity-3-pack","11":"pa_quantity-30-pack","12":"pa_quantity-5-pack","13":"pa_quantity-60-pack","14":"flavours-fruits-berries","15":"format-slim","16":"nicotine-16-mg-g","17":"nicotine-extra-strong","19":"first","20":"instock","21":"taxable","22":"shipping-taxable","23":"purchasable","24":"product-type-variable"},"acf":[],"_links":{"self":[{"href":"https:\/\/whitelip.com\/sk\/wp-json\/wp\/v2\/product\/8214","targetHints":{"allow":["GET"]}}],"collection":[{"href":"https:\/\/whitelip.com\/sk\/wp-json\/wp\/v2\/product"}],"about":[{"href":"https:\/\/whitelip.com\/sk\/wp-json\/wp\/v2\/types\/product"}],"replies":[{"embeddable":true,"href":"https:\/\/whitelip.com\/sk\/wp-json\/wp\/v2\/comments?post=8214"}],"wp:featuredmedia":[{"embeddable":true,"href":"https:\/\/whitelip.com\/sk\/wp-json\/wp\/v2\/media\/8215"}],"wp:attachment":[{"href":"https:\/\/whitelip.com\/sk\/wp-json\/wp\/v2\/media?parent=8214"}],"wp:term":[{"taxonomy":"product_brand","embeddable":true,"href":"https:\/\/whitelip.com\/sk\/wp-json\/wp\/v2\/product_brand?post=8214"},{"taxonomy":"product_cat","embeddable":true,"href":"https:\/\/whitelip.com\/sk\/wp-json\/wp\/v2\/product_cat?post=8214"},{"taxonomy":"product_tag","embeddable":true,"href":"https:\/\/whitelip.com\/sk\/wp-json\/wp\/v2\/product_tag?post=8214"},{"taxonomy":"flavours","embeddable":true,"href":"https:\/\/whitelip.com\/sk\/wp-json\/wp\/v2\/flavours?post=8214"},{"taxonomy":"format","embeddable":true,"href":"https:\/\/whitelip.com\/sk\/wp-json\/wp\/v2\/format?post=8214"},{"taxonomy":"nicotine","embeddable":true,"href":"https:\/\/whitelip.com\/sk\/wp-json\/wp\/v2\/nicotine?post=8214"}],"curies":[{"name":"wp","href":"https:\/\/api.w.org\/{rel}","templated":true}]}}