{"id":8210,"date":"2024-11-28T12:39:14","date_gmt":"2024-11-28T12:39:14","guid":{"rendered":"https:\/\/whitelip.com\/zxs-melon-freeze-slim\/"},"modified":"2026-04-28T10:11:17","modified_gmt":"2026-04-28T10:11:17","slug":"zxs-melon-freeze-slim","status":"publish","type":"product","link":"https:\/\/whitelip.com\/sk\/zxs\/zxs-melon-freeze-slim\/","title":{"rendered":"Z!XS Mel\u00f3n Freeze Slim"},"content":{"rendered":"<h2><b>Z!XS Mel\u00f3n Freeze Slim<\/b><\/h2>\n<p><span style=\"font-weight: 400;\">Z!XS Melon Freeze Slim kombinuje <\/span><b>sladk\u00e1 a \u0161\u0165avnat\u00e1 chu\u0165 mel\u00f3na<\/b><span style=\"font-weight: 400;\"> s osvie\u017euj\u00facim <\/span><b>\u013eadov\u00fd mentolov\u00fd twist<\/b><span style=\"font-weight: 400;\">, ktor\u00e1 prin\u00e1\u0161a osvie\u017euj\u00faci a ovocn\u00fd nikot\u00ednov\u00fd z\u00e1\u017eitok. T\u00e1to jedine\u010dn\u00e1 zmes poskytuje dokonal\u00fa rovnov\u00e1hu prirodzenej sladkosti a chladivej svie\u017eosti, ide\u00e1lnu pre pou\u017e\u00edvate\u013eov, ktor\u00ed h\u013eadaj\u00fa hladk\u00fd, ale z\u00e1rove\u0148 o\u017eivuj\u00faci chu\u0165ov\u00fd profil. Ka\u017ed\u00e9 tenk\u00e9, \u00faplne biele vrec\u00fa\u0161ko obsahuje <\/span><b>10 mg nikot\u00ednu<\/b><span style=\"font-weight: 400;\">, ktor\u00fd pon\u00faka siln\u00e9 a stabiln\u00e9 uvo\u013enenie na uspokojiv\u00e9 pou\u017e\u00edvanie.<\/span><\/p>\n<p><span style=\"font-weight: 400;\">Tenk\u00fd form\u00e1t zaru\u010duje diskr\u00e9tne a pohodln\u00e9 umiestnenie pod pery, tak\u017ee je ide\u00e1lny na \u010dist\u00fd p\u00f4\u017eitok bez \u0161kv\u0155n kedyko\u013evek a kdeko\u013evek. Z!XS Melon Freeze Slim je \u00faplne bez tabaku a je vyroben\u00fd z vysokokvalitn\u00fdch rastlinn\u00fdch materi\u00e1lov a predstavuje modern\u00fa nikot\u00ednov\u00fa alternat\u00edvu s ovocn\u00fdm pr\u00edchu\u0165ou a svie\u017eim chladiv\u00fdm z\u00e1verom.<\/span><\/p>\n<table>\n<tbody>\n<tr>\n<td><b>Atrib\u00fat<\/b><\/td>\n<td><b>Podrobnosti<\/b><\/td>\n<\/tr>\n<tr>\n<td><b>Zna\u010dka<\/b><\/td>\n<td><span style=\"font-weight: 400;\">Z!XS<\/span><\/td>\n<\/tr>\n<tr>\n<td><b>Typ v\u00fdrobku<\/b><\/td>\n<td><span style=\"font-weight: 400;\">V\u0161etky biele nikot\u00ednov\u00e9 vreck\u00e1<\/span><\/td>\n<\/tr>\n<tr>\n<td><b>Form\u00e1t<\/b><\/td>\n<td><span style=\"font-weight: 400;\">Slim<\/span><\/td>\n<\/tr>\n<tr>\n<td><b>Pr\u00edchu\u0165<\/b><\/td>\n<td><span style=\"font-weight: 400;\">Mel\u00f3n a mentol<\/span><\/td>\n<\/tr>\n<tr>\n<td><b>Sila nikot\u00ednu<\/b><\/td>\n<td><span style=\"font-weight: 400;\">10 mg na vrecko<\/span><\/td>\n<\/tr>\n<tr>\n<td><b>Hmotnos\u0165 porcie<\/b><\/td>\n<td><span style=\"font-weight: 400;\">0,7 gramu<\/span><\/td>\n<\/tr>\n<tr>\n<td><b>Po\u010det porci\u00ed<\/b><\/td>\n<td><span style=\"font-weight: 400;\">20 za plechovku<\/span><\/td>\n<\/tr>\n<tr>\n<td><b>Celkov\u00e1 hmotnos\u0165 plechovky<\/b><\/td>\n<td><span style=\"font-weight: 400;\">14 gramov<\/span><\/td>\n<\/tr>\n<tr>\n<td><b>V\u00fdrobca<\/b><\/td>\n<td><span style=\"font-weight: 400;\">Z!XS International<\/span><\/td>\n<\/tr>\n<tr>\n<td><b>Pozoruhodn\u00e9 funkcie<\/b><\/td>\n<td><span style=\"font-weight: 400;\">Bez tabaku, tenk\u00fd form\u00e1t, sladk\u00e1 mel\u00f3nov\u00e1 pr\u00edchu\u0165 s \u013eadov\u00fdm mentolov\u00fdm n\u00e1dychom<\/span><\/td>\n<\/tr>\n<\/tbody>\n<\/table>","protected":false},"excerpt":{"rendered":"<p>Z!XS <strong data-start=\"5\" data-end=\"21\">Zmrazenie mel\u00f3na<\/strong> <strong data-start=\"22\" data-end=\"30\">\u0161t\u00edhly<\/strong> kombinuje sladk\u00fd, \u0161\u0165avnat\u00fd mel\u00f3n s osvie\u017euj\u00facim \u013eadov\u00fdm mentolov\u00fdm n\u00e1dychom a vytv\u00e1ra osvie\u017euj\u00faci ovocn\u00fd profil. Celobiele vrec\u00fa\u0161ka s\u00fa diskr\u00e9tne a pohodln\u00e9. Ka\u017ed\u00e9 vrecko obsahuje <strong data-start=\"204\" data-end=\"222\">10 mg nikot\u00ednu<\/strong> pre siln\u00e9 a stabiln\u00e9 uvo\u013enenie.<\/p>","protected":false},"featured_media":8211,"comment_status":"open","ping_status":"closed","template":"","format":[206],"meta":{"_acf_changed":false},"product_brand":[],"product_cat":[39],"product_tag":[16587],"flavours":[196],"nicotine":[213,232],"class_list":{"0":"post-8210","1":"product","2":"type-product","3":"status-publish","4":"has-post-thumbnail","6":"product_cat-zxs","7":"product_tag-10-mg-pouch","8":"pa_quantity-1-pack","9":"pa_quantity-10-pack","10":"pa_quantity-3-pack","11":"pa_quantity-30-pack","12":"pa_quantity-5-pack","13":"pa_quantity-60-pack","14":"flavours-fruits-berries","15":"format-slim","16":"nicotine-16-mg-g","17":"nicotine-extra-strong","19":"first","20":"instock","21":"taxable","22":"shipping-taxable","23":"purchasable","24":"product-type-variable"},"acf":[],"_links":{"self":[{"href":"https:\/\/whitelip.com\/sk\/wp-json\/wp\/v2\/product\/8210","targetHints":{"allow":["GET"]}}],"collection":[{"href":"https:\/\/whitelip.com\/sk\/wp-json\/wp\/v2\/product"}],"about":[{"href":"https:\/\/whitelip.com\/sk\/wp-json\/wp\/v2\/types\/product"}],"replies":[{"embeddable":true,"href":"https:\/\/whitelip.com\/sk\/wp-json\/wp\/v2\/comments?post=8210"}],"wp:featuredmedia":[{"embeddable":true,"href":"https:\/\/whitelip.com\/sk\/wp-json\/wp\/v2\/media\/8211"}],"wp:attachment":[{"href":"https:\/\/whitelip.com\/sk\/wp-json\/wp\/v2\/media?parent=8210"}],"wp:term":[{"taxonomy":"product_brand","embeddable":true,"href":"https:\/\/whitelip.com\/sk\/wp-json\/wp\/v2\/product_brand?post=8210"},{"taxonomy":"product_cat","embeddable":true,"href":"https:\/\/whitelip.com\/sk\/wp-json\/wp\/v2\/product_cat?post=8210"},{"taxonomy":"product_tag","embeddable":true,"href":"https:\/\/whitelip.com\/sk\/wp-json\/wp\/v2\/product_tag?post=8210"},{"taxonomy":"flavours","embeddable":true,"href":"https:\/\/whitelip.com\/sk\/wp-json\/wp\/v2\/flavours?post=8210"},{"taxonomy":"format","embeddable":true,"href":"https:\/\/whitelip.com\/sk\/wp-json\/wp\/v2\/format?post=8210"},{"taxonomy":"nicotine","embeddable":true,"href":"https:\/\/whitelip.com\/sk\/wp-json\/wp\/v2\/nicotine?post=8210"}],"curies":[{"name":"wp","href":"https:\/\/api.w.org\/{rel}","templated":true}]}}