{"id":8188,"date":"2024-11-28T12:38:50","date_gmt":"2024-11-28T12:38:50","guid":{"rendered":"https:\/\/whitelip.com\/zxs-north-ice-slim\/"},"modified":"2026-04-28T10:11:42","modified_gmt":"2026-04-28T10:11:42","slug":"zxs-north-ice-slim","status":"publish","type":"product","link":"https:\/\/whitelip.com\/sk\/zxs\/zxs-north-ice-slim\/","title":{"rendered":"Z!XS North Ice Slim"},"content":{"rendered":"<h2><b>Z!XS North Ice Slim<\/b><\/h2>\n<p><span style=\"font-weight: 400;\">Z!XS North Ice Slim prin\u00e1\u0161a <\/span><b>intenz\u00edvna \u013eadov\u00e1 pr\u00edchu\u0165 m\u00e4ty<\/b><span style=\"font-weight: 400;\"> s prudk\u00fdm a osvie\u017euj\u00facim chladiv\u00fdm \u00fa\u010dinkom, ktor\u00fd vytv\u00e1ra o\u017eivuj\u00faci nikot\u00ednov\u00fd z\u00e1\u017eitok. Ka\u017ed\u00fd tenk\u00fd, \u00faplne biely s\u00e1\u010dok je ide\u00e1lny pre pou\u017e\u00edvate\u013eov, ktor\u00ed maj\u00fa radi \u010dist\u00fd a siln\u00fd m\u00e4tov\u00fd profil. <\/span><b>10 mg nikot\u00ednu<\/b><span style=\"font-weight: 400;\">, a poskytuje siln\u00e9 a stabiln\u00e9 uvo\u013enenie pre uspokojiv\u00e9 pou\u017e\u00edvanie.<\/span><\/p>\n<p><span style=\"font-weight: 400;\">\u0160t\u00edhly form\u00e1t zaru\u010duje diskr\u00e9tne a pohodln\u00e9 umiestnenie pod perou a pon\u00faka \u010dist\u00fa alternat\u00edvu bez tabaku bez zafarbenia zubov. Z!XS North Ice Slim je vyroben\u00fd z vysokokvalitn\u00fdch rastlinn\u00fdch materi\u00e1lov a kombinuje v\u00fdrazn\u00e9 chladiv\u00e9 pocity so spo\u013eahlivou nikot\u00ednovou silou, tak\u017ee je ide\u00e1lnou vo\u013ebou pre t\u00fdch, ktor\u00ed uprednost\u0148uj\u00fa svie\u017ee a povzbudzuj\u00face vrec\u00fa\u0161ka.<\/span><\/p>\n<table>\n<tbody>\n<tr>\n<td><b>Atrib\u00fat<\/b><\/td>\n<td><b>Podrobnosti<\/b><\/td>\n<\/tr>\n<tr>\n<td><b>Zna\u010dka<\/b><\/td>\n<td><span style=\"font-weight: 400;\">Z!XS<\/span><\/td>\n<\/tr>\n<tr>\n<td><b>Typ v\u00fdrobku<\/b><\/td>\n<td><span style=\"font-weight: 400;\">V\u0161etky biele nikot\u00ednov\u00e9 vreck\u00e1<\/span><\/td>\n<\/tr>\n<tr>\n<td><b>Form\u00e1t<\/b><\/td>\n<td><span style=\"font-weight: 400;\">Slim<\/span><\/td>\n<\/tr>\n<tr>\n<td><b>Pr\u00edchu\u0165<\/b><\/td>\n<td><span style=\"font-weight: 400;\">\u013dadov\u00e1 m\u00e4ta<\/span><\/td>\n<\/tr>\n<tr>\n<td><b>Sila nikot\u00ednu<\/b><\/td>\n<td><span style=\"font-weight: 400;\">10 mg na vrecko<\/span><\/td>\n<\/tr>\n<tr>\n<td><b>Hmotnos\u0165 porcie<\/b><\/td>\n<td><span style=\"font-weight: 400;\">0,7 gramu<\/span><\/td>\n<\/tr>\n<tr>\n<td><b>Po\u010det porci\u00ed<\/b><\/td>\n<td><span style=\"font-weight: 400;\">20 za plechovku<\/span><\/td>\n<\/tr>\n<tr>\n<td><b>Celkov\u00e1 hmotnos\u0165 plechovky<\/b><\/td>\n<td><span style=\"font-weight: 400;\">14 gramov<\/span><\/td>\n<\/tr>\n<tr>\n<td><b>V\u00fdrobca<\/b><\/td>\n<td><span style=\"font-weight: 400;\">Z!XS International<\/span><\/td>\n<\/tr>\n<tr>\n<td><b>Pozoruhodn\u00e9 funkcie<\/b><\/td>\n<td><span style=\"font-weight: 400;\">Bez tabaku, tenk\u00fd form\u00e1t, ostr\u00e1 a osvie\u017euj\u00faca pr\u00edchu\u0165 \u013eadovej m\u00e4ty<\/span><\/td>\n<\/tr>\n<\/tbody>\n<\/table>","protected":false},"excerpt":{"rendered":"<p>Z!XS <strong data-start=\"5\" data-end=\"18\">Severn\u00fd \u013ead<\/strong> <strong data-start=\"19\" data-end=\"27\">\u0161t\u00edhly<\/strong> prin\u00e1\u0161a intenz\u00edvnu \u013eadov\u00fa m\u00e4tu s ostr\u00fdm, osvie\u017euj\u00facim chladiv\u00fdm \u00fa\u010dinkom. Celobiele vrec\u00fa\u0161ka s\u00fa diskr\u00e9tne a pohodln\u00e9. Ka\u017ed\u00e9 vrecko obsahuje <strong data-start=\"167\" data-end=\"185\">10 mg nikot\u00ednu<\/strong> pre siln\u00e9 a stabiln\u00e9 uvo\u013enenie.<\/p>","protected":false},"featured_media":8189,"comment_status":"open","ping_status":"closed","template":"","format":[206],"meta":{"_acf_changed":false},"product_brand":[],"product_cat":[39],"product_tag":[16587],"flavours":[199],"nicotine":[213,232],"class_list":{"0":"post-8188","1":"product","2":"type-product","3":"status-publish","4":"has-post-thumbnail","6":"product_cat-zxs","7":"product_tag-10-mg-pouch","8":"pa_quantity-1-pack","9":"pa_quantity-10-pack","10":"pa_quantity-3-pack","11":"pa_quantity-30-pack","12":"pa_quantity-5-pack","13":"pa_quantity-60-pack","14":"flavours-mint","15":"format-slim","16":"nicotine-16-mg-g","17":"nicotine-extra-strong","19":"first","20":"instock","21":"taxable","22":"shipping-taxable","23":"purchasable","24":"product-type-variable"},"acf":[],"_links":{"self":[{"href":"https:\/\/whitelip.com\/sk\/wp-json\/wp\/v2\/product\/8188","targetHints":{"allow":["GET"]}}],"collection":[{"href":"https:\/\/whitelip.com\/sk\/wp-json\/wp\/v2\/product"}],"about":[{"href":"https:\/\/whitelip.com\/sk\/wp-json\/wp\/v2\/types\/product"}],"replies":[{"embeddable":true,"href":"https:\/\/whitelip.com\/sk\/wp-json\/wp\/v2\/comments?post=8188"}],"wp:featuredmedia":[{"embeddable":true,"href":"https:\/\/whitelip.com\/sk\/wp-json\/wp\/v2\/media\/8189"}],"wp:attachment":[{"href":"https:\/\/whitelip.com\/sk\/wp-json\/wp\/v2\/media?parent=8188"}],"wp:term":[{"taxonomy":"product_brand","embeddable":true,"href":"https:\/\/whitelip.com\/sk\/wp-json\/wp\/v2\/product_brand?post=8188"},{"taxonomy":"product_cat","embeddable":true,"href":"https:\/\/whitelip.com\/sk\/wp-json\/wp\/v2\/product_cat?post=8188"},{"taxonomy":"product_tag","embeddable":true,"href":"https:\/\/whitelip.com\/sk\/wp-json\/wp\/v2\/product_tag?post=8188"},{"taxonomy":"flavours","embeddable":true,"href":"https:\/\/whitelip.com\/sk\/wp-json\/wp\/v2\/flavours?post=8188"},{"taxonomy":"format","embeddable":true,"href":"https:\/\/whitelip.com\/sk\/wp-json\/wp\/v2\/format?post=8188"},{"taxonomy":"nicotine","embeddable":true,"href":"https:\/\/whitelip.com\/sk\/wp-json\/wp\/v2\/nicotine?post=8188"}],"curies":[{"name":"wp","href":"https:\/\/api.w.org\/{rel}","templated":true}]}}