{"id":8186,"date":"2024-11-28T12:38:49","date_gmt":"2024-11-28T12:38:49","guid":{"rendered":"https:\/\/whitelip.com\/pablo-red\/"},"modified":"2026-05-06T20:10:54","modified_gmt":"2026-05-06T20:10:54","slug":"pablo-red","status":"publish","type":"product","link":"https:\/\/whitelip.com\/sk\/pablo\/pablo-red\/","title":{"rendered":"PABLO \u010cerven\u00e1"},"content":{"rendered":"<h2><b>PABLO \u010cerven\u00e1<\/b><\/h2>\n<p><span style=\"font-weight: 400;\">Nikot\u00ednov\u00e9 vrec\u00fa\u0161ka PABLO Red kombinuj\u00fa odv\u00e1\u017eny a ohniv\u00fd chu\u0165ov\u00fd profil s extr\u00e9mne vysokou silou nikot\u00ednu, \u010d\u00edm poskytuj\u00fa intenz\u00edvny a povzbudzuj\u00faci z\u00e1\u017eitok. Tieto tenk\u00e9 vrec\u00fa\u0161ka bez tabaku s\u00fa navrhnut\u00e9 na diskr\u00e9tne a pohodln\u00e9 pou\u017e\u00edvanie a bez probl\u00e9mov sa zmestia pod pery. PABLO Red je vytvoren\u00fd pre sk\u00fasen\u00fdch u\u017e\u00edvate\u013eov, ktor\u00ed t\u00fa\u017eia po silnom nikot\u00ednovom n\u00e1boji s v\u00fdrazn\u00fdm a odv\u00e1\u017enym chu\u0165ov\u00fdm z\u00e1\u017eitkom.<\/span><\/p>\n<table>\n<tbody>\n<tr>\n<td><b>Atrib\u00fat<\/b><\/td>\n<td><b>Podrobnosti<\/b><\/td>\n<\/tr>\n<tr>\n<td><span style=\"font-weight: 400;\">Obsah na plechovku<\/span><\/td>\n<td><span style=\"font-weight: 400;\">16 g (20 vrec\u00fa\u0161ok)<\/span><\/td>\n<\/tr>\n<tr>\n<td><span style=\"font-weight: 400;\">Obsah nikot\u00ednu<\/span><\/td>\n<td><span style=\"font-weight: 400;\">30 mg\/g (24 mg na vrecko)<\/span><\/td>\n<\/tr>\n<tr>\n<td><span style=\"font-weight: 400;\">Form\u00e1t vrecka<\/span><\/td>\n<td><span style=\"font-weight: 400;\">Slim<\/span><\/td>\n<\/tr>\n<tr>\n<td><span style=\"font-weight: 400;\">V\u00fdrobca<\/span><\/td>\n<td><span style=\"font-weight: 400;\">Imp\u00e9rium N.G.P<\/span><\/td>\n<\/tr>\n<tr>\n<td><span style=\"font-weight: 400;\">Pr\u00edchu\u0165<\/span><\/td>\n<td><span style=\"font-weight: 400;\">Korenist\u00fd\/\u010derven\u00fd profil chuti<\/span><\/td>\n<\/tr>\n<tr>\n<td><span style=\"font-weight: 400;\">Typ<\/span><\/td>\n<td><span style=\"font-weight: 400;\">Celobiele vrecko, bez tabaku<\/span><\/td>\n<\/tr>\n<\/tbody>\n<\/table>","protected":false},"excerpt":{"rendered":"<p>Nikot\u00ednov\u00e9 vrec\u00fa\u0161ka PABLO Red prin\u00e1\u0161aj\u00fa odv\u00e1\u017enu, ohniv\u00fa <strong data-start=\"49\" data-end=\"56\">\u010cerven\u00e1<\/strong> chu\u0165 s intenz\u00edvnou silou. <strong data-start=\"87\" data-end=\"95\">Slim<\/strong>, bez tabaku, pre diskr\u00e9tne a pohodln\u00e9 pou\u017e\u00edvanie a \u010dist\u00e9, osvie\u017euj\u00face uvo\u013enenie. Ka\u017ed\u00e9 vrecko obsahuje <strong data-start=\"202\" data-end=\"222\">24 mg nikot\u00ednu<\/strong>.<\/p>","protected":false},"featured_media":8187,"comment_status":"open","ping_status":"closed","template":"","format":[206],"meta":{"_acf_changed":false},"product_brand":[],"product_cat":[44],"product_tag":[16998],"flavours":[199],"nicotine":[221,233],"class_list":{"0":"post-8186","1":"product","2":"type-product","3":"status-publish","4":"has-post-thumbnail","6":"product_cat-pablo","7":"product_tag-24-mg-pouch","8":"pa_quantity-1-pack","9":"pa_quantity-10-pack","10":"pa_quantity-3-pack","11":"pa_quantity-30-pack","12":"pa_quantity-5-pack","13":"pa_quantity-60-pack","14":"flavours-mint","15":"format-slim","16":"nicotine-30-mg-g","17":"nicotine-extreme","19":"first","20":"instock","21":"taxable","22":"shipping-taxable","23":"purchasable","24":"product-type-variable"},"acf":[],"_links":{"self":[{"href":"https:\/\/whitelip.com\/sk\/wp-json\/wp\/v2\/product\/8186","targetHints":{"allow":["GET"]}}],"collection":[{"href":"https:\/\/whitelip.com\/sk\/wp-json\/wp\/v2\/product"}],"about":[{"href":"https:\/\/whitelip.com\/sk\/wp-json\/wp\/v2\/types\/product"}],"replies":[{"embeddable":true,"href":"https:\/\/whitelip.com\/sk\/wp-json\/wp\/v2\/comments?post=8186"}],"wp:featuredmedia":[{"embeddable":true,"href":"https:\/\/whitelip.com\/sk\/wp-json\/wp\/v2\/media\/8187"}],"wp:attachment":[{"href":"https:\/\/whitelip.com\/sk\/wp-json\/wp\/v2\/media?parent=8186"}],"wp:term":[{"taxonomy":"product_brand","embeddable":true,"href":"https:\/\/whitelip.com\/sk\/wp-json\/wp\/v2\/product_brand?post=8186"},{"taxonomy":"product_cat","embeddable":true,"href":"https:\/\/whitelip.com\/sk\/wp-json\/wp\/v2\/product_cat?post=8186"},{"taxonomy":"product_tag","embeddable":true,"href":"https:\/\/whitelip.com\/sk\/wp-json\/wp\/v2\/product_tag?post=8186"},{"taxonomy":"flavours","embeddable":true,"href":"https:\/\/whitelip.com\/sk\/wp-json\/wp\/v2\/flavours?post=8186"},{"taxonomy":"format","embeddable":true,"href":"https:\/\/whitelip.com\/sk\/wp-json\/wp\/v2\/format?post=8186"},{"taxonomy":"nicotine","embeddable":true,"href":"https:\/\/whitelip.com\/sk\/wp-json\/wp\/v2\/nicotine?post=8186"}],"curies":[{"name":"wp","href":"https:\/\/api.w.org\/{rel}","templated":true}]}}