{"id":8178,"date":"2024-11-28T12:38:49","date_gmt":"2024-11-28T12:38:49","guid":{"rendered":"https:\/\/whitelip.com\/killa-pineapple\/"},"modified":"2026-04-29T10:11:06","modified_gmt":"2026-04-29T10:11:06","slug":"killa-pineapple","status":"publish","type":"product","link":"https:\/\/whitelip.com\/sk\/killa\/killa-pineapple\/","title":{"rendered":"KILLA Anan\u00e1s"},"content":{"rendered":"<h2><b>KILLA Anan\u00e1s<\/b><\/h2>\n<p><span style=\"font-weight: 400;\">Nikot\u00ednov\u00e9 vrec\u00fa\u0161ka KILLA Pineapple pon\u00fakaj\u00fa \u017eiv\u00fd a tropick\u00fd z\u00e1\u017eitok, ktor\u00fd zachyt\u00e1va esenciu zrel\u00fdch, \u0161\u0165avnat\u00fdch anan\u00e1sov s harmonickou rovnov\u00e1hou sladkosti a kyslosti. Tento osvie\u017euj\u00faci chu\u0165ov\u00fd profil poskytuje pou\u017e\u00edvate\u013eom n\u00e1dhern\u00fd \u00fanik do tropick\u00e9ho raja, v\u010faka \u010domu je ka\u017ed\u00e9 pou\u017eitie pr\u00edjemnou cestou. Tieto vrec\u00fa\u0161ka bez tabaku s\u00fa ur\u010den\u00e9 pre t\u00fdch, ktor\u00ed h\u013eadaj\u00fa siln\u00fd nikot\u00ednov\u00fd z\u00e1sah, a zaru\u010duj\u00fa diskr\u00e9tny a pohodln\u00fd z\u00e1\u017eitok. \u0160t\u00edhly form\u00e1t sa pohodlne zmest\u00ed pod pery, \u010do umo\u017e\u0148uje pou\u017eitie kedyko\u013evek a kdeko\u013evek bez toho, aby vzbudzoval pozornos\u0165. KILLA Pineapple je vynikaj\u00facou vo\u013ebou pre pou\u017e\u00edvate\u013eov, ktor\u00ed oce\u0148uj\u00fa exotick\u00e9 pr\u00edchute v kombin\u00e1cii s uspokojivou silou nikot\u00ednu.<\/span><\/p>\n<table>\n<tbody>\n<tr>\n<td><b>Atrib\u00fat<\/b><\/td>\n<td><b>Podrobnosti<\/b><\/td>\n<\/tr>\n<tr>\n<td><span style=\"font-weight: 400;\">Obsah na plechovku<\/span><\/td>\n<td><span style=\"font-weight: 400;\">14 g (20 vrec\u00fa\u0161ok)<\/span><\/td>\n<\/tr>\n<tr>\n<td><span style=\"font-weight: 400;\">Obsah nikot\u00ednu<\/span><\/td>\n<td><span style=\"font-weight: 400;\">16 mg\/g (11,2 mg na vrecko)<\/span><\/td>\n<\/tr>\n<tr>\n<td><span style=\"font-weight: 400;\">Form\u00e1t vrecka<\/span><\/td>\n<td><span style=\"font-weight: 400;\">Slim<\/span><\/td>\n<\/tr>\n<tr>\n<td><span style=\"font-weight: 400;\">V\u00fdrobca<\/span><\/td>\n<td><span style=\"font-weight: 400;\">R\u00ed\u0161a NGP<\/span><\/td>\n<\/tr>\n<tr>\n<td><span style=\"font-weight: 400;\">Pr\u00edchu\u0165<\/span><\/td>\n<td><span style=\"font-weight: 400;\">Anan\u00e1s<\/span><\/td>\n<\/tr>\n<tr>\n<td><span style=\"font-weight: 400;\">Typ<\/span><\/td>\n<td><span style=\"font-weight: 400;\">Celobiele vrecko, bez tabaku<\/span><\/td>\n<\/tr>\n<\/tbody>\n<\/table>","protected":false},"excerpt":{"rendered":"<p>\u017div\u00fd, tropick\u00fd <strong data-start=\"18\" data-end=\"31\">anan\u00e1s<\/strong> s vyv\u00e1\u017eenou sladkos\u0165ou a kyslos\u0165ou. <strong data-start=\"69\" data-end=\"77\">Slim<\/strong>, vrec\u00fa\u0161ka bez tabaku sa diskr\u00e9tne umiestnia pod pery, aby ste ich mohli kedyko\u013evek pohodlne pou\u017ei\u0165. Ka\u017ed\u00e9 vrecko obsahuje <strong data-start=\"177\" data-end=\"197\">11,2 mg nikot\u00ednu<\/strong>, a poskytuje uspokojiv\u00fd, robustn\u00fd z\u00e1\u017eitok.<\/p>","protected":false},"featured_media":8179,"comment_status":"open","ping_status":"closed","template":"","format":[206],"meta":{"_acf_changed":false},"product_brand":[],"product_cat":[64],"product_tag":[16577],"flavours":[196],"nicotine":[213,232],"class_list":{"0":"post-8178","1":"product","2":"type-product","3":"status-publish","4":"has-post-thumbnail","6":"product_cat-killa","7":"product_tag-11-2-mg-pouch","8":"pa_quantity-1-pack","9":"pa_quantity-10-pack","10":"pa_quantity-3-pack","11":"pa_quantity-30-pack","12":"pa_quantity-5-pack","13":"pa_quantity-60-pack","14":"flavours-fruits-berries","15":"format-slim","16":"nicotine-16-mg-g","17":"nicotine-extra-strong","19":"first","20":"instock","21":"taxable","22":"shipping-taxable","23":"purchasable","24":"product-type-variable"},"acf":[],"_links":{"self":[{"href":"https:\/\/whitelip.com\/sk\/wp-json\/wp\/v2\/product\/8178","targetHints":{"allow":["GET"]}}],"collection":[{"href":"https:\/\/whitelip.com\/sk\/wp-json\/wp\/v2\/product"}],"about":[{"href":"https:\/\/whitelip.com\/sk\/wp-json\/wp\/v2\/types\/product"}],"replies":[{"embeddable":true,"href":"https:\/\/whitelip.com\/sk\/wp-json\/wp\/v2\/comments?post=8178"}],"wp:featuredmedia":[{"embeddable":true,"href":"https:\/\/whitelip.com\/sk\/wp-json\/wp\/v2\/media\/8179"}],"wp:attachment":[{"href":"https:\/\/whitelip.com\/sk\/wp-json\/wp\/v2\/media?parent=8178"}],"wp:term":[{"taxonomy":"product_brand","embeddable":true,"href":"https:\/\/whitelip.com\/sk\/wp-json\/wp\/v2\/product_brand?post=8178"},{"taxonomy":"product_cat","embeddable":true,"href":"https:\/\/whitelip.com\/sk\/wp-json\/wp\/v2\/product_cat?post=8178"},{"taxonomy":"product_tag","embeddable":true,"href":"https:\/\/whitelip.com\/sk\/wp-json\/wp\/v2\/product_tag?post=8178"},{"taxonomy":"flavours","embeddable":true,"href":"https:\/\/whitelip.com\/sk\/wp-json\/wp\/v2\/flavours?post=8178"},{"taxonomy":"format","embeddable":true,"href":"https:\/\/whitelip.com\/sk\/wp-json\/wp\/v2\/format?post=8178"},{"taxonomy":"nicotine","embeddable":true,"href":"https:\/\/whitelip.com\/sk\/wp-json\/wp\/v2\/nicotine?post=8178"}],"curies":[{"name":"wp","href":"https:\/\/api.w.org\/{rel}","templated":true}]}}