{"id":8174,"date":"2024-11-28T12:38:49","date_gmt":"2024-11-28T12:38:49","guid":{"rendered":"https:\/\/whitelip.com\/lundgrens-rimfrost\/"},"modified":"2026-05-11T10:11:53","modified_gmt":"2026-05-11T10:11:53","slug":"lundgrens-rimfrost","status":"publish","type":"product","link":"https:\/\/whitelip.com\/sk\/lundgrens\/lundgrens-rimfrost\/","title":{"rendered":"LUNDGRENS Rimfrost"},"content":{"rendered":"<h2><b>LUNDGRENS Rimfrost<\/b><\/h2>\n<p><span style=\"font-weight: 400;\">Nikot\u00ednov\u00e9 vrec\u00fa\u0161ka LUNDGRENS Rimfrost pon\u00fakaj\u00fa osvie\u017euj\u00faci pr\u00edval \u013eadovej m\u00e4tovej pr\u00edchute, ktor\u00e1 prin\u00e1\u0161a svie\u017ei a osvie\u017euj\u00faci z\u00e1\u017eitok. Tieto tenk\u00e9, \u00faplne biele vrec\u00fa\u0161ka s\u00fa vytvoren\u00e9 tak, aby sa diskr\u00e9tne a pohodlne vkladali pod pery a zabezpe\u010dili \u010dist\u00e9 a uspokojuj\u00face uvo\u013e\u0148ovanie chuti a nikot\u00ednu. LUNDGRENS Rimfrost je ide\u00e1lny pre t\u00fdch, ktor\u00ed maj\u00fa radi chladiv\u00e9 a osvie\u017euj\u00face chute, a je navrhnut\u00fd tak, aby poskytoval vyv\u00e1\u017een\u00e9 mno\u017estvo nikot\u00ednu bez toho, aby v\u00e1m zafarbil zuby.<\/span><\/p>\n<table>\n<tbody>\n<tr>\n<td><b>Atrib\u00fat<\/b><\/td>\n<td><b>Podrobnosti<\/b><\/td>\n<\/tr>\n<tr>\n<td><span style=\"font-weight: 400;\">Obsah na plechovku<\/span><\/td>\n<td><span style=\"font-weight: 400;\">21.6g<\/span><\/td>\n<\/tr>\n<tr>\n<td><span style=\"font-weight: 400;\">Obsah nikot\u00ednu<\/span><\/td>\n<td><span style=\"font-weight: 400;\">10 mg\/g (8 mg na vrecko)<\/span><\/td>\n<\/tr>\n<tr>\n<td><span style=\"font-weight: 400;\">Form\u00e1t vrecka<\/span><\/td>\n<td><span style=\"font-weight: 400;\">Slim<\/span><\/td>\n<\/tr>\n<tr>\n<td><span style=\"font-weight: 400;\">V\u00fdrobca<\/span><\/td>\n<td><span style=\"font-weight: 400;\">Fiedler &amp; Lundgren<\/span><\/td>\n<\/tr>\n<tr>\n<td><span style=\"font-weight: 400;\">Pr\u00edchu\u0165<\/span><\/td>\n<td><span style=\"font-weight: 400;\">\u013dadov\u00e1 m\u00e4ta<\/span><\/td>\n<\/tr>\n<tr>\n<td><span style=\"font-weight: 400;\">Typ<\/span><\/td>\n<td><span style=\"font-weight: 400;\">Celobiele vrecko, bez tabaku<\/span><\/td>\n<\/tr>\n<\/tbody>\n<\/table>","protected":false},"excerpt":{"rendered":"<p>Lundgrens Rimfrost <strong data-start=\"19\" data-end=\"31\">\u013eadov\u00e1 m\u00e4ta<\/strong> poskytuje svie\u017ei, revitaliza\u010dn\u00fd profil. <strong>Slim<\/strong>, \u00faplne biele vrec\u00fa\u0161ka sa diskr\u00e9tne umiest\u0148uj\u00fa pod pery, \u010do zaru\u010duje \u010dist\u00e9 a pohodln\u00e9 pou\u017e\u00edvanie a vyv\u00e1\u017een\u00e9 uvo\u013e\u0148ovanie chuti a nikot\u00ednu bez zafarbenia zubov.<\/p>","protected":false},"featured_media":8175,"comment_status":"open","ping_status":"closed","template":"","format":[204],"meta":{"_acf_changed":false},"product_brand":[],"product_cat":[59],"product_tag":[16583],"flavours":[199],"nicotine":[210,232],"class_list":{"0":"post-8174","1":"product","2":"type-product","3":"status-publish","4":"has-post-thumbnail","6":"product_cat-lundgrens","7":"product_tag-8-mg-pouch","8":"pa_quantity-1-pack","9":"pa_quantity-10-pack","10":"pa_quantity-3-pack","11":"pa_quantity-30-pack","12":"pa_quantity-5-pack","13":"pa_quantity-60-pack","14":"flavours-mint","15":"format-large","16":"nicotine-13-mg-g","17":"nicotine-extra-strong","19":"first","20":"outofstock","21":"taxable","22":"shipping-taxable","23":"purchasable","24":"product-type-variable"},"acf":[],"_links":{"self":[{"href":"https:\/\/whitelip.com\/sk\/wp-json\/wp\/v2\/product\/8174","targetHints":{"allow":["GET"]}}],"collection":[{"href":"https:\/\/whitelip.com\/sk\/wp-json\/wp\/v2\/product"}],"about":[{"href":"https:\/\/whitelip.com\/sk\/wp-json\/wp\/v2\/types\/product"}],"replies":[{"embeddable":true,"href":"https:\/\/whitelip.com\/sk\/wp-json\/wp\/v2\/comments?post=8174"}],"wp:featuredmedia":[{"embeddable":true,"href":"https:\/\/whitelip.com\/sk\/wp-json\/wp\/v2\/media\/8175"}],"wp:attachment":[{"href":"https:\/\/whitelip.com\/sk\/wp-json\/wp\/v2\/media?parent=8174"}],"wp:term":[{"taxonomy":"product_brand","embeddable":true,"href":"https:\/\/whitelip.com\/sk\/wp-json\/wp\/v2\/product_brand?post=8174"},{"taxonomy":"product_cat","embeddable":true,"href":"https:\/\/whitelip.com\/sk\/wp-json\/wp\/v2\/product_cat?post=8174"},{"taxonomy":"product_tag","embeddable":true,"href":"https:\/\/whitelip.com\/sk\/wp-json\/wp\/v2\/product_tag?post=8174"},{"taxonomy":"flavours","embeddable":true,"href":"https:\/\/whitelip.com\/sk\/wp-json\/wp\/v2\/flavours?post=8174"},{"taxonomy":"format","embeddable":true,"href":"https:\/\/whitelip.com\/sk\/wp-json\/wp\/v2\/format?post=8174"},{"taxonomy":"nicotine","embeddable":true,"href":"https:\/\/whitelip.com\/sk\/wp-json\/wp\/v2\/nicotine?post=8174"}],"curies":[{"name":"wp","href":"https:\/\/api.w.org\/{rel}","templated":true}]}}