{"id":8148,"date":"2024-11-28T12:38:25","date_gmt":"2024-11-28T12:38:25","guid":{"rendered":"https:\/\/whitelip.com\/pablo-exclusive-strawberry-cheesecake-50mg\/"},"modified":"2026-05-06T10:11:10","modified_gmt":"2026-05-06T10:11:10","slug":"pablo-exclusive-strawberry-cheesecake-50mg","status":"publish","type":"product","link":"https:\/\/whitelip.com\/sk\/pablo\/pablo-exclusive-strawberry-cheesecake-50mg\/","title":{"rendered":"PABLO Exclusive Strawberry Cheesecake 50mg"},"content":{"rendered":"<h2><b>PABLO Exclusive Strawberry Cheesecake 50mg<\/b><\/h2>\n<p><span style=\"font-weight: 400;\">PABLO Exclusive Strawberry Cheesecake 50 mg nikot\u00ednov\u00e9 vrec\u00fa\u0161ka pon\u00fakaj\u00fa dekadentn\u00fa a jedine\u010dn\u00fa chu\u0165, v ktorej sa mie\u0161a sladkos\u0165 zrel\u00fdch jah\u00f4d s kr\u00e9movou bohatos\u0165ou tvarohov\u00e9ho kol\u00e1\u010da. V\u010faka v\u00fdnimo\u010dne vysokej sile nikot\u00ednu s\u00fa tieto tenk\u00e9 vrec\u00fa\u0161ka bez tabaku ur\u010den\u00e9 pre sk\u00fasen\u00fdch u\u017e\u00edvate\u013eov, ktor\u00ed h\u013eadaj\u00fa odv\u00e1\u017eny a aromatick\u00fd z\u00e1\u017eitok. PABLO Exclusive Strawberry Cheesecake je navrhnut\u00e9 na diskr\u00e9tne a pohodln\u00e9 pou\u017e\u00edvanie a prin\u00e1\u0161a konzistentn\u00e9 a uspokojuj\u00face uvo\u013e\u0148ovanie chuti a nikot\u00ednu.<\/span><\/p>\n<table>\n<tbody>\n<tr>\n<td><b>Atrib\u00fat<\/b><\/td>\n<td><b>Podrobnosti<\/b><\/td>\n<\/tr>\n<tr>\n<td><span style=\"font-weight: 400;\">Obsah na plechovku<\/span><\/td>\n<td><span style=\"font-weight: 400;\">15 g (20 vrec\u00fa\u0161ok)<\/span><\/td>\n<\/tr>\n<tr>\n<td><span style=\"font-weight: 400;\">Obsah nikot\u00ednu<\/span><\/td>\n<td><span style=\"font-weight: 400;\">50 mg\/g (30 mg na vrecko)<\/span><\/td>\n<\/tr>\n<tr>\n<td><span style=\"font-weight: 400;\">Form\u00e1t vrecka<\/span><\/td>\n<td><span style=\"font-weight: 400;\">Slim<\/span><\/td>\n<\/tr>\n<tr>\n<td><span style=\"font-weight: 400;\">V\u00fdrobca<\/span><\/td>\n<td><span style=\"font-weight: 400;\">Imp\u00e9rium N.G.P<\/span><\/td>\n<\/tr>\n<tr>\n<td><span style=\"font-weight: 400;\">Pr\u00edchu\u0165<\/span><\/td>\n<td><span style=\"font-weight: 400;\">Jahodov\u00fd tvarohov\u00fd kol\u00e1\u010d<\/span><\/td>\n<\/tr>\n<tr>\n<td><span style=\"font-weight: 400;\">Typ<\/span><\/td>\n<td><span style=\"font-weight: 400;\">Celobiele vrecko, bez tabaku<\/span><\/td>\n<\/tr>\n<\/tbody>\n<\/table>","protected":false},"excerpt":{"rendered":"<p>PABLO Exclusive Strawberry Cheesecake 50 mg nikot\u00ednov\u00e9 vrec\u00fa\u0161ka poskytuj\u00fa dekadentn\u00fa <strong data-start=\"79\" data-end=\"104\">Jahodov\u00fd tvarohov\u00fd kol\u00e1\u010d<\/strong> chu\u0165 s kr\u00e9movou bohatos\u0165ou a sladk\u00fdmi bobu\u013eov\u00fdmi t\u00f3nmi. <strong data-start=\"156\" data-end=\"164\">Slim<\/strong>, beztabakov\u00fd form\u00e1t pre diskr\u00e9tne a pohodln\u00e9 pou\u017e\u00edvanie s \u010dist\u00fdm a stabiln\u00fdm uvo\u013e\u0148ovan\u00edm. Ka\u017ed\u00e9 vrecko obsahuje <strong data-start=\"266\" data-end=\"284\">30 mg nikot\u00ednu<\/strong>.<\/p>","protected":false},"featured_media":44858,"comment_status":"open","ping_status":"closed","template":"","format":[206],"meta":{"_acf_changed":false},"product_brand":[],"product_cat":[44],"product_tag":[16605],"flavours":[196],"nicotine":[226,233],"class_list":{"0":"post-8148","1":"product","2":"type-product","3":"status-publish","4":"has-post-thumbnail","6":"product_cat-pablo","7":"product_tag-30-mg-pouch","8":"pa_quantity-1-pack","9":"pa_quantity-10-pack","10":"pa_quantity-3-pack","11":"pa_quantity-30-pack","12":"pa_quantity-5-pack","13":"pa_quantity-60-pack","14":"flavours-fruits-berries","15":"format-slim","16":"nicotine-50-mg-g","17":"nicotine-extreme","19":"first","20":"instock","21":"taxable","22":"shipping-taxable","23":"purchasable","24":"product-type-variable"},"acf":[],"_links":{"self":[{"href":"https:\/\/whitelip.com\/sk\/wp-json\/wp\/v2\/product\/8148","targetHints":{"allow":["GET"]}}],"collection":[{"href":"https:\/\/whitelip.com\/sk\/wp-json\/wp\/v2\/product"}],"about":[{"href":"https:\/\/whitelip.com\/sk\/wp-json\/wp\/v2\/types\/product"}],"replies":[{"embeddable":true,"href":"https:\/\/whitelip.com\/sk\/wp-json\/wp\/v2\/comments?post=8148"}],"wp:featuredmedia":[{"embeddable":true,"href":"https:\/\/whitelip.com\/sk\/wp-json\/wp\/v2\/media\/44858"}],"wp:attachment":[{"href":"https:\/\/whitelip.com\/sk\/wp-json\/wp\/v2\/media?parent=8148"}],"wp:term":[{"taxonomy":"product_brand","embeddable":true,"href":"https:\/\/whitelip.com\/sk\/wp-json\/wp\/v2\/product_brand?post=8148"},{"taxonomy":"product_cat","embeddable":true,"href":"https:\/\/whitelip.com\/sk\/wp-json\/wp\/v2\/product_cat?post=8148"},{"taxonomy":"product_tag","embeddable":true,"href":"https:\/\/whitelip.com\/sk\/wp-json\/wp\/v2\/product_tag?post=8148"},{"taxonomy":"flavours","embeddable":true,"href":"https:\/\/whitelip.com\/sk\/wp-json\/wp\/v2\/flavours?post=8148"},{"taxonomy":"format","embeddable":true,"href":"https:\/\/whitelip.com\/sk\/wp-json\/wp\/v2\/format?post=8148"},{"taxonomy":"nicotine","embeddable":true,"href":"https:\/\/whitelip.com\/sk\/wp-json\/wp\/v2\/nicotine?post=8148"}],"curies":[{"name":"wp","href":"https:\/\/api.w.org\/{rel}","templated":true}]}}