{"id":8138,"date":"2024-11-28T12:38:03","date_gmt":"2024-11-28T12:38:03","guid":{"rendered":"https:\/\/whitelip.com\/lundgrens-ang\/"},"modified":"2026-04-17T11:36:51","modified_gmt":"2026-04-17T11:36:51","slug":"lundgrens-ang","status":"publish","type":"product","link":"https:\/\/whitelip.com\/sk\/lundgrens\/lundgrens-ang\/","title":{"rendered":"LUNDGRENS \u00c4ng"},"content":{"rendered":"<h2><b>LUNDGRENS \u00c4ng<\/b><\/h2>\n<p><span style=\"font-weight: 400;\">Nikot\u00ednov\u00e9 vrec\u00fa\u0161ka LUNDGRENS \u00c4ng pon\u00fakaj\u00fa svie\u017eu a kvetinov\u00fa pr\u00edchu\u0165 in\u0161pirovan\u00fa \u0161v\u00e9dskymi l\u00fakami, ktor\u00e1 prin\u00e1\u0161a jedine\u010dn\u00fd a aromatick\u00fd z\u00e1\u017eitok. Tieto tenk\u00e9, \u00faplne biele vrec\u00fa\u0161ka poskytuj\u00fa diskr\u00e9tne a pohodln\u00e9 ulo\u017eenie pod perou a zabezpe\u010duj\u00fa \u010dist\u00e9 uvo\u013e\u0148ovanie chuti a nikot\u00ednu. LUNDGRENS \u00c4ng je ide\u00e1lny pre t\u00fdch, ktor\u00ed h\u013eadaj\u00fa jemn\u00fd, ale osvie\u017euj\u00faci pocit, a je navrhnut\u00fd tak, aby pon\u00fakal prirodzen\u00e9 a vyv\u00e1\u017een\u00e9 dodanie nikot\u00ednu bez zafarbenia zubov.<\/span><\/p>\n<table>\n<tbody>\n<tr>\n<td><b>Atrib\u00fat<\/b><\/td>\n<td><b>Podrobnosti<\/b><\/td>\n<\/tr>\n<tr>\n<td><span style=\"font-weight: 400;\">Obsah na plechovku<\/span><\/td>\n<td><span style=\"font-weight: 400;\">21.6g<\/span><\/td>\n<\/tr>\n<tr>\n<td><span style=\"font-weight: 400;\">Obsah nikot\u00ednu<\/span><\/td>\n<td><span style=\"font-weight: 400;\">10 mg\/g (8 mg na vrecko)<\/span><\/td>\n<\/tr>\n<tr>\n<td><span style=\"font-weight: 400;\">Form\u00e1t vrecka<\/span><\/td>\n<td><span style=\"font-weight: 400;\">Slim<\/span><\/td>\n<\/tr>\n<tr>\n<td><span style=\"font-weight: 400;\">V\u00fdrobca<\/span><\/td>\n<td><span style=\"font-weight: 400;\">Fiedler &amp; Lundgren<\/span><\/td>\n<\/tr>\n<tr>\n<td><span style=\"font-weight: 400;\">Pr\u00edchu\u0165<\/span><\/td>\n<td><span style=\"font-weight: 400;\">Kvetinov\u00e9 a svie\u017ee<\/span><\/td>\n<\/tr>\n<tr>\n<td><span style=\"font-weight: 400;\">Typ<\/span><\/td>\n<td><span style=\"font-weight: 400;\">Celobiele vrecko, bez tabaku<\/span><\/td>\n<\/tr>\n<\/tbody>\n<\/table>","protected":false},"excerpt":{"rendered":"<p>Lundgrens \u00c4ng <strong data-start=\"14\" data-end=\"44\">svie\u017ee kvetinov\u00e9 t\u00f3ny l\u00faky<\/strong> prin\u00e1\u0161aj\u00fa jedine\u010dn\u00fd aromatick\u00fd z\u00e1\u017eitok. Na str\u00e1nke . <strong data-start=\"88\" data-end=\"107\">\u0161t\u00edhly,<\/strong> \u00faplne biele vrec\u00fa\u0161ka sa diskr\u00e9tne umiestnia pod pery, \u010do zaru\u010duje \u010dist\u00e9 a pohodln\u00e9 pou\u017e\u00edvanie a prirodzen\u00e9, vyv\u00e1\u017een\u00e9 uvo\u013e\u0148ovanie nikot\u00ednu bez zafarbenia zubov. Ide\u00e1lne pre t\u00fdch, ktor\u00ed h\u013eadaj\u00fa jemn\u00fd, osvie\u017euj\u00faci pocit.<\/p>","protected":false},"featured_media":2968,"comment_status":"open","ping_status":"closed","template":"","format":[204],"meta":{"_acf_changed":false},"product_brand":[],"product_cat":[59],"product_tag":[16583],"flavours":[196],"nicotine":[207,236],"class_list":{"0":"post-8138","1":"product","2":"type-product","3":"status-publish","4":"has-post-thumbnail","6":"product_cat-lundgrens","7":"product_tag-8-mg-pouch","8":"pa_quantity-1-pack","9":"pa_quantity-10-pack","10":"pa_quantity-3-pack","11":"pa_quantity-30-pack","12":"pa_quantity-5-pack","13":"pa_quantity-60-pack","14":"flavours-fruits-berries","15":"format-large","16":"nicotine-10-mg-g","17":"nicotine-strong","19":"first","20":"outofstock","21":"taxable","22":"shipping-taxable","23":"purchasable","24":"product-type-variable"},"acf":[],"_links":{"self":[{"href":"https:\/\/whitelip.com\/sk\/wp-json\/wp\/v2\/product\/8138","targetHints":{"allow":["GET"]}}],"collection":[{"href":"https:\/\/whitelip.com\/sk\/wp-json\/wp\/v2\/product"}],"about":[{"href":"https:\/\/whitelip.com\/sk\/wp-json\/wp\/v2\/types\/product"}],"replies":[{"embeddable":true,"href":"https:\/\/whitelip.com\/sk\/wp-json\/wp\/v2\/comments?post=8138"}],"wp:featuredmedia":[{"embeddable":true,"href":"https:\/\/whitelip.com\/sk\/wp-json\/wp\/v2\/media\/2968"}],"wp:attachment":[{"href":"https:\/\/whitelip.com\/sk\/wp-json\/wp\/v2\/media?parent=8138"}],"wp:term":[{"taxonomy":"product_brand","embeddable":true,"href":"https:\/\/whitelip.com\/sk\/wp-json\/wp\/v2\/product_brand?post=8138"},{"taxonomy":"product_cat","embeddable":true,"href":"https:\/\/whitelip.com\/sk\/wp-json\/wp\/v2\/product_cat?post=8138"},{"taxonomy":"product_tag","embeddable":true,"href":"https:\/\/whitelip.com\/sk\/wp-json\/wp\/v2\/product_tag?post=8138"},{"taxonomy":"flavours","embeddable":true,"href":"https:\/\/whitelip.com\/sk\/wp-json\/wp\/v2\/flavours?post=8138"},{"taxonomy":"format","embeddable":true,"href":"https:\/\/whitelip.com\/sk\/wp-json\/wp\/v2\/format?post=8138"},{"taxonomy":"nicotine","embeddable":true,"href":"https:\/\/whitelip.com\/sk\/wp-json\/wp\/v2\/nicotine?post=8138"}],"curies":[{"name":"wp","href":"https:\/\/api.w.org\/{rel}","templated":true}]}}