{"id":8132,"date":"2024-11-28T12:38:03","date_gmt":"2024-11-28T12:38:03","guid":{"rendered":"https:\/\/whitelip.com\/killa-cold-mint\/"},"modified":"2026-04-28T10:11:15","modified_gmt":"2026-04-28T10:11:15","slug":"killa-cold-mint","status":"publish","type":"product","link":"https:\/\/whitelip.com\/sk\/killa\/killa-cold-mint\/","title":{"rendered":"KILLA Cold Mint"},"content":{"rendered":"<h2><b>KILLA Cold Mint<\/b><\/h2>\n<p><span style=\"font-weight: 400;\">Nikot\u00ednov\u00e9 vrec\u00fa\u0161ka KILLA Cold Mint pon\u00fakaj\u00fa osvie\u017euj\u00facu zmes \u013eadovej m\u00e4ty a mentolu, ktor\u00e1 prin\u00e1\u0161a osvie\u017euj\u00faci a intenz\u00edvny z\u00e1\u017eitok. Tieto vrec\u00fa\u0161ka bez tabaku s\u00fa ur\u010den\u00e9 pre pou\u017e\u00edvate\u013eov, ktor\u00ed h\u013eadaj\u00fa siln\u00fd nikot\u00ednov\u00fd z\u00e1sah, a poskytuj\u00fa diskr\u00e9tnu a pohodln\u00fa alternat\u00edvu k tradi\u010dn\u00fdm nikot\u00ednov\u00fdm v\u00fdrobkom. Tenk\u00fd form\u00e1t zaru\u010duje pohodln\u00e9 umiestnenie pod perou, \u010do umo\u017e\u0148uje pou\u017eitie kedyko\u013evek a kdeko\u013evek. KILLA Cold Mint vynik\u00e1 siln\u00fdm \u00fa\u010dinkom a revitaliza\u010dnou chu\u0165ou, v\u010faka \u010domu je ob\u013e\u00fabenou vo\u013ebou medzi nad\u0161encami nikot\u00ednov\u00fdch vrec\u00fa\u0161ok.<\/span><\/p>\n<table>\n<tbody>\n<tr>\n<td><b>Atrib\u00fat<\/b><\/td>\n<td><b>Podrobnosti<\/b><\/td>\n<\/tr>\n<tr>\n<td><span style=\"font-weight: 400;\">Obsah na plechovku<\/span><\/td>\n<td><span style=\"font-weight: 400;\">16 g (20 vrec\u00fa\u0161ok)<\/span><\/td>\n<\/tr>\n<tr>\n<td><span style=\"font-weight: 400;\">Obsah nikot\u00ednu<\/span><\/td>\n<td><span style=\"font-weight: 400;\">16 mg\/g (12,8 mg na vrecko)<\/span><\/td>\n<\/tr>\n<tr>\n<td><span style=\"font-weight: 400;\">Form\u00e1t vrecka<\/span><\/td>\n<td><span style=\"font-weight: 400;\">Slim<\/span><\/td>\n<\/tr>\n<tr>\n<td><span style=\"font-weight: 400;\">V\u00fdrobca<\/span><\/td>\n<td><span style=\"font-weight: 400;\">N.G.P. Empire<\/span><\/td>\n<\/tr>\n<tr>\n<td><span style=\"font-weight: 400;\">Pr\u00edchu\u0165<\/span><\/td>\n<td><span style=\"font-weight: 400;\">\u013dadov\u00e1 m\u00e4ta, mentol<\/span><\/td>\n<\/tr>\n<tr>\n<td><span style=\"font-weight: 400;\">Typ<\/span><\/td>\n<td><span style=\"font-weight: 400;\">Celobiele vrecko, bez tabaku<\/span><\/td>\n<\/tr>\n<\/tbody>\n<\/table>","protected":false},"excerpt":{"rendered":"<p>O\u017eivenie <strong data-start=\"13\" data-end=\"26\">Studen\u00e1 m\u00e4ta<\/strong> s \u013eadovou m\u00e4tou a mentolom pre osvie\u017euj\u00faci a intenz\u00edvny \u00fa\u010dinok. <strong data-start=\"85\" data-end=\"93\">Slim<\/strong>, vrec\u00fa\u0161ka bez tabaku sa diskr\u00e9tne vkladaj\u00fa pod pery, aby ste ich mohli kedyko\u013evek pohodlne pou\u017ei\u0165. Ka\u017ed\u00e9 vrecko obsahuje <strong data-start=\"193\" data-end=\"213\">12,8 mg nikot\u00ednu<\/strong>, ktor\u00fd dod\u00e1va siln\u00fd, revitaliza\u010dn\u00fd impulz.<\/p>","protected":false},"featured_media":8133,"comment_status":"open","ping_status":"closed","template":"","format":[206],"meta":{"_acf_changed":false},"product_brand":[],"product_cat":[64],"product_tag":[16676],"flavours":[199],"nicotine":[213,232],"class_list":{"0":"post-8132","1":"product","2":"type-product","3":"status-publish","4":"has-post-thumbnail","6":"product_cat-killa","7":"product_tag-12-8-mg-pouch","8":"pa_quantity-1-pack","9":"pa_quantity-10-pack","10":"pa_quantity-3-pack","11":"pa_quantity-30-pack","12":"pa_quantity-5-pack","13":"pa_quantity-60-pack","14":"flavours-mint","15":"format-slim","16":"nicotine-16-mg-g","17":"nicotine-extra-strong","19":"first","20":"outofstock","21":"taxable","22":"shipping-taxable","23":"purchasable","24":"product-type-variable"},"acf":[],"_links":{"self":[{"href":"https:\/\/whitelip.com\/sk\/wp-json\/wp\/v2\/product\/8132","targetHints":{"allow":["GET"]}}],"collection":[{"href":"https:\/\/whitelip.com\/sk\/wp-json\/wp\/v2\/product"}],"about":[{"href":"https:\/\/whitelip.com\/sk\/wp-json\/wp\/v2\/types\/product"}],"replies":[{"embeddable":true,"href":"https:\/\/whitelip.com\/sk\/wp-json\/wp\/v2\/comments?post=8132"}],"wp:featuredmedia":[{"embeddable":true,"href":"https:\/\/whitelip.com\/sk\/wp-json\/wp\/v2\/media\/8133"}],"wp:attachment":[{"href":"https:\/\/whitelip.com\/sk\/wp-json\/wp\/v2\/media?parent=8132"}],"wp:term":[{"taxonomy":"product_brand","embeddable":true,"href":"https:\/\/whitelip.com\/sk\/wp-json\/wp\/v2\/product_brand?post=8132"},{"taxonomy":"product_cat","embeddable":true,"href":"https:\/\/whitelip.com\/sk\/wp-json\/wp\/v2\/product_cat?post=8132"},{"taxonomy":"product_tag","embeddable":true,"href":"https:\/\/whitelip.com\/sk\/wp-json\/wp\/v2\/product_tag?post=8132"},{"taxonomy":"flavours","embeddable":true,"href":"https:\/\/whitelip.com\/sk\/wp-json\/wp\/v2\/flavours?post=8132"},{"taxonomy":"format","embeddable":true,"href":"https:\/\/whitelip.com\/sk\/wp-json\/wp\/v2\/format?post=8132"},{"taxonomy":"nicotine","embeddable":true,"href":"https:\/\/whitelip.com\/sk\/wp-json\/wp\/v2\/nicotine?post=8132"}],"curies":[{"name":"wp","href":"https:\/\/api.w.org\/{rel}","templated":true}]}}