{"id":8120,"date":"2024-12-20T19:39:04","date_gmt":"2024-12-20T19:39:04","guid":{"rendered":"https:\/\/whitelip.com\/velo-crispy-peppermint-mini\/"},"modified":"2026-04-14T12:59:01","modified_gmt":"2026-04-14T12:59:01","slug":"velo-crispy-peppermint-mini","status":"publish","type":"product","link":"https:\/\/whitelip.com\/sk\/velo\/velo-crispy-peppermint-mini\/","title":{"rendered":"VELO Chrumkav\u00e9 m\u00e4tov\u00e9 mini"},"content":{"rendered":"<h2><b>VELO Chrumkav\u00e9 m\u00e4tov\u00e9 mini<\/b><\/h2>\n<p><span style=\"font-weight: 400;\">VELO Crispy Peppermint Mini pon\u00faka osvie\u017euj\u00faci a povzbudzuj\u00faci z\u00e1\u017eitok z m\u00e4ty v kompaktnom, diskr\u00e9tnom form\u00e1te. Tieto beztabakov\u00e9, \u00faplne biele vrec\u00fa\u0161ka s nikot\u00ednom s\u00fa navrhnut\u00e9 tak, aby sa pohodlne zmestili pod pery a poskytovali konzistentn\u00e9 uvo\u013e\u0148ovanie chuti a nikot\u00ednu. Svie\u017ea m\u00e4tov\u00e1 pr\u00edchu\u0165 poskytuje chladiv\u00fd a uspokojiv\u00fd pocit, tak\u017ee je vynikaj\u00facou vo\u013ebou pre t\u00fdch, ktor\u00ed h\u013eadaj\u00fa siln\u00fd, ale diskr\u00e9tny nikot\u00ednov\u00fd z\u00e1\u017eitok.<\/span><\/p>\n<table>\n<tbody>\n<tr>\n<td><b>Atrib\u00fat<\/b><\/td>\n<td><b>Podrobnosti<\/b><\/td>\n<\/tr>\n<tr>\n<td><span style=\"font-weight: 400;\">Zna\u010dka<\/span><\/td>\n<td><span style=\"font-weight: 400;\">VELO<\/span><\/td>\n<\/tr>\n<tr>\n<td><span style=\"font-weight: 400;\">Typ v\u00fdrobku<\/span><\/td>\n<td><span style=\"font-weight: 400;\">V\u0161etky biele nikot\u00ednov\u00e9 vreck\u00e1<\/span><\/td>\n<\/tr>\n<tr>\n<td><span style=\"font-weight: 400;\">Form\u00e1t<\/span><\/td>\n<td><span style=\"font-weight: 400;\">Mini<\/span><\/td>\n<\/tr>\n<tr>\n<td><span style=\"font-weight: 400;\">Pr\u00edchu\u0165<\/span><\/td>\n<td><span style=\"font-weight: 400;\">M\u00e4ta pieporn\u00e1<\/span><\/td>\n<\/tr>\n<tr>\n<td><span style=\"font-weight: 400;\">Sila nikot\u00ednu<\/span><\/td>\n<td><span style=\"font-weight: 400;\">8 mg na vrec\u00fa\u0161ko (16 mg\/g)<\/span><\/td>\n<\/tr>\n<tr>\n<td><span style=\"font-weight: 400;\">Hmotnos\u0165 porcie<\/span><\/td>\n<td><span style=\"font-weight: 400;\">0,5 gramu<\/span><\/td>\n<\/tr>\n<tr>\n<td><span style=\"font-weight: 400;\">Po\u010det porci\u00ed<\/span><\/td>\n<td><span style=\"font-weight: 400;\">20 za plechovku<\/span><\/td>\n<\/tr>\n<tr>\n<td><span style=\"font-weight: 400;\">Celkov\u00e1 hmotnos\u0165 plechovky<\/span><\/td>\n<td><span style=\"font-weight: 400;\">10 gramov<\/span><\/td>\n<\/tr>\n<tr>\n<td><span style=\"font-weight: 400;\">V\u00fdrobca<\/span><\/td>\n<td><span style=\"font-weight: 400;\">BAT<\/span><\/td>\n<\/tr>\n<tr>\n<td><span style=\"font-weight: 400;\">Pozoruhodn\u00e9 funkcie<\/span><\/td>\n<td><span style=\"font-weight: 400;\">Bez tabaku, diskr\u00e9tne mini porcie, siln\u00e1 m\u00e4tov\u00e1 pr\u00edchu\u0165<\/span><\/td>\n<\/tr>\n<\/tbody>\n<\/table>","protected":false},"excerpt":{"rendered":"<p>VELO Chrumkav\u00e9 m\u00e4tov\u00e9 miniat\u00farne nikot\u00ednov\u00e9 vrec\u00fa\u0161ka prin\u00e1\u0161aj\u00fa osvie\u017eenie <strong data-start=\"66\" data-end=\"87\">Chrumkav\u00e1 m\u00e4ta pieporn\u00e1<\/strong> v kompaktnom a diskr\u00e9tnom form\u00e1te. Mini, <strong data-start=\"132\" data-end=\"140\">\u0161t\u00edhly<\/strong>, \u00faplne biely pre pohodln\u00e9 pou\u017e\u00edvanie pod perami a konzistentn\u00e9 uvo\u013e\u0148ovanie. Ka\u017ed\u00e9 vrecko obsahuje <strong data-start=\"228\" data-end=\"245\">8 mg nikot\u00ednu<\/strong>.<\/p>","protected":false},"featured_media":8121,"comment_status":"open","ping_status":"closed","template":"","format":[206],"meta":{"_acf_changed":false},"product_brand":[],"product_cat":[48],"product_tag":[16583],"flavours":[199],"nicotine":[213,232],"class_list":{"0":"post-8120","1":"product","2":"type-product","3":"status-publish","4":"has-post-thumbnail","6":"product_cat-velo","7":"product_tag-8-mg-pouch","8":"pa_quantity-1-pack","9":"pa_quantity-10-pack","10":"pa_quantity-3-pack","11":"pa_quantity-30-pack","12":"pa_quantity-5-pack","13":"pa_quantity-60-pack","14":"flavours-mint","15":"format-slim","16":"nicotine-16-mg-g","17":"nicotine-extra-strong","19":"first","20":"instock","21":"taxable","22":"shipping-taxable","23":"product-type-variable"},"acf":[],"_links":{"self":[{"href":"https:\/\/whitelip.com\/sk\/wp-json\/wp\/v2\/product\/8120","targetHints":{"allow":["GET"]}}],"collection":[{"href":"https:\/\/whitelip.com\/sk\/wp-json\/wp\/v2\/product"}],"about":[{"href":"https:\/\/whitelip.com\/sk\/wp-json\/wp\/v2\/types\/product"}],"replies":[{"embeddable":true,"href":"https:\/\/whitelip.com\/sk\/wp-json\/wp\/v2\/comments?post=8120"}],"wp:featuredmedia":[{"embeddable":true,"href":"https:\/\/whitelip.com\/sk\/wp-json\/wp\/v2\/media\/8121"}],"wp:attachment":[{"href":"https:\/\/whitelip.com\/sk\/wp-json\/wp\/v2\/media?parent=8120"}],"wp:term":[{"taxonomy":"product_brand","embeddable":true,"href":"https:\/\/whitelip.com\/sk\/wp-json\/wp\/v2\/product_brand?post=8120"},{"taxonomy":"product_cat","embeddable":true,"href":"https:\/\/whitelip.com\/sk\/wp-json\/wp\/v2\/product_cat?post=8120"},{"taxonomy":"product_tag","embeddable":true,"href":"https:\/\/whitelip.com\/sk\/wp-json\/wp\/v2\/product_tag?post=8120"},{"taxonomy":"flavours","embeddable":true,"href":"https:\/\/whitelip.com\/sk\/wp-json\/wp\/v2\/flavours?post=8120"},{"taxonomy":"format","embeddable":true,"href":"https:\/\/whitelip.com\/sk\/wp-json\/wp\/v2\/format?post=8120"},{"taxonomy":"nicotine","embeddable":true,"href":"https:\/\/whitelip.com\/sk\/wp-json\/wp\/v2\/nicotine?post=8120"}],"curies":[{"name":"wp","href":"https:\/\/api.w.org\/{rel}","templated":true}]}}