{"id":8118,"date":"2024-11-28T12:38:02","date_gmt":"2024-11-28T12:38:02","guid":{"rendered":"https:\/\/whitelip.com\/killa-strawberry-cheesecake\/"},"modified":"2026-04-28T10:11:15","modified_gmt":"2026-04-28T10:11:15","slug":"killa-strawberry-cheesecake","status":"publish","type":"product","link":"https:\/\/whitelip.com\/sk\/killa\/killa-strawberry-cheesecake\/","title":{"rendered":"KILLA Jahodov\u00fd tvarohov\u00fd kol\u00e1\u010d"},"content":{"rendered":"<h2><b>KILLA Jahodov\u00fd tvarohov\u00fd kol\u00e1\u010d<\/b><\/h2>\n<p><span style=\"font-weight: 400;\">Nikot\u00ednov\u00e9 vrec\u00fa\u0161ka KILLA Strawberry Cheesecake pon\u00fakaj\u00fa n\u00e1dhern\u00e9 spojenie kr\u00e9mov\u00e9ho tvarohov\u00e9ho kol\u00e1\u010da a sladk\u00fdch, zrel\u00fdch jah\u00f4d, \u010do prin\u00e1\u0161a z\u00e1\u017eitok in\u0161pirovan\u00fd dezertom pre u\u017e\u00edvate\u013eov, ktor\u00ed h\u013eadaj\u00fa siln\u00fd nikot\u00ednov\u00fd hit. Tieto vrec\u00fa\u0161ka bez tabaku, tenk\u00e9ho form\u00e1tu, sa pohodlne a diskr\u00e9tne vkladaj\u00fa pod pery, tak\u017ee s\u00fa ide\u00e1lne na pou\u017eitie na cest\u00e1ch. Vlhk\u00e1 text\u00fara zais\u0165uje r\u00fdchle uvo\u013e\u0148ovanie chuti a nikot\u00ednu, \u010d\u00edm poskytuje uspokojuj\u00faci a p\u00f4\u017eitk\u00e1rsky pocit pripom\u00ednaj\u00faci klasick\u00fd americk\u00fd dezert. KILLA Strawberry Cheesecake je ide\u00e1lny pre t\u00fdch, ktor\u00ed oce\u0148uj\u00fa jedine\u010dn\u00e9, sladk\u00e9 pr\u00edchute v kombin\u00e1cii so siln\u00fdm nikot\u00ednom.<\/span><\/p>\n<table>\n<tbody>\n<tr>\n<td><b>Atrib\u00fat<\/b><\/td>\n<td><b>Podrobnosti<\/b><\/td>\n<\/tr>\n<tr>\n<td><span style=\"font-weight: 400;\">Obsah na plechovku<\/span><\/td>\n<td><span style=\"font-weight: 400;\">16 g (20 vrec\u00fa\u0161ok)<\/span><\/td>\n<\/tr>\n<tr>\n<td><span style=\"font-weight: 400;\">Obsah nikot\u00ednu<\/span><\/td>\n<td><span style=\"font-weight: 400;\">16 mg\/g (12,8 mg na vrecko)<\/span><\/td>\n<\/tr>\n<tr>\n<td><span style=\"font-weight: 400;\">Form\u00e1t vrecka<\/span><\/td>\n<td><span style=\"font-weight: 400;\">Slim<\/span><\/td>\n<\/tr>\n<tr>\n<td><span style=\"font-weight: 400;\">V\u00fdrobca<\/span><\/td>\n<td><span style=\"font-weight: 400;\">N.G.P. Empire<\/span><\/td>\n<\/tr>\n<tr>\n<td><span style=\"font-weight: 400;\">Pr\u00edchu\u0165<\/span><\/td>\n<td><span style=\"font-weight: 400;\">Jahodov\u00fd tvarohov\u00fd kol\u00e1\u010d<\/span><\/td>\n<\/tr>\n<tr>\n<td><span style=\"font-weight: 400;\">Typ<\/span><\/td>\n<td><span style=\"font-weight: 400;\">Celobiele vrecko, bez tabaku<\/span><\/td>\n<\/tr>\n<\/tbody>\n<\/table>","protected":false},"excerpt":{"rendered":"<p>Rozko\u0161n\u00fd <strong data-start=\"11\" data-end=\"36\">jahodov\u00fd cheesecake<\/strong> s kr\u00e9mov\u00fdm tvarohov\u00fdm kol\u00e1\u010dom a sladk\u00fdmi zrel\u00fdmi jahodami. <strong data-start=\"90\" data-end=\"98\">Slim<\/strong>, vrec\u00fa\u0161ka bez tabaku sa diskr\u00e9tne vkladaj\u00fa pod pery; vlhk\u00e1 text\u00fara podporuje r\u00fdchle uvo\u013e\u0148ovanie chuti. Ka\u017ed\u00e9 vrec\u00fa\u0161ko obsahuje <strong data-start=\"218\" data-end=\"238\">12,8 mg nikot\u00ednu<\/strong> pre siln\u00fd a p\u00f4\u017eitk\u00e1rsky z\u00e1\u017eitok.<\/p>","protected":false},"featured_media":8119,"comment_status":"open","ping_status":"closed","template":"","format":[206],"meta":{"_acf_changed":false},"product_brand":[],"product_cat":[64],"product_tag":[16676],"flavours":[196],"nicotine":[213,232],"class_list":{"0":"post-8118","1":"product","2":"type-product","3":"status-publish","4":"has-post-thumbnail","6":"product_cat-killa","7":"product_tag-12-8-mg-pouch","8":"pa_quantity-1-pack","9":"pa_quantity-10-pack","10":"pa_quantity-3-pack","11":"pa_quantity-30-pack","12":"pa_quantity-5-pack","13":"pa_quantity-60-pack","14":"flavours-fruits-berries","15":"format-slim","16":"nicotine-16-mg-g","17":"nicotine-extra-strong","19":"first","20":"instock","21":"taxable","22":"shipping-taxable","23":"purchasable","24":"product-type-variable"},"acf":[],"_links":{"self":[{"href":"https:\/\/whitelip.com\/sk\/wp-json\/wp\/v2\/product\/8118","targetHints":{"allow":["GET"]}}],"collection":[{"href":"https:\/\/whitelip.com\/sk\/wp-json\/wp\/v2\/product"}],"about":[{"href":"https:\/\/whitelip.com\/sk\/wp-json\/wp\/v2\/types\/product"}],"replies":[{"embeddable":true,"href":"https:\/\/whitelip.com\/sk\/wp-json\/wp\/v2\/comments?post=8118"}],"wp:featuredmedia":[{"embeddable":true,"href":"https:\/\/whitelip.com\/sk\/wp-json\/wp\/v2\/media\/8119"}],"wp:attachment":[{"href":"https:\/\/whitelip.com\/sk\/wp-json\/wp\/v2\/media?parent=8118"}],"wp:term":[{"taxonomy":"product_brand","embeddable":true,"href":"https:\/\/whitelip.com\/sk\/wp-json\/wp\/v2\/product_brand?post=8118"},{"taxonomy":"product_cat","embeddable":true,"href":"https:\/\/whitelip.com\/sk\/wp-json\/wp\/v2\/product_cat?post=8118"},{"taxonomy":"product_tag","embeddable":true,"href":"https:\/\/whitelip.com\/sk\/wp-json\/wp\/v2\/product_tag?post=8118"},{"taxonomy":"flavours","embeddable":true,"href":"https:\/\/whitelip.com\/sk\/wp-json\/wp\/v2\/flavours?post=8118"},{"taxonomy":"format","embeddable":true,"href":"https:\/\/whitelip.com\/sk\/wp-json\/wp\/v2\/format?post=8118"},{"taxonomy":"nicotine","embeddable":true,"href":"https:\/\/whitelip.com\/sk\/wp-json\/wp\/v2\/nicotine?post=8118"}],"curies":[{"name":"wp","href":"https:\/\/api.w.org\/{rel}","templated":true}]}}