{"id":8112,"date":"2024-11-28T12:37:39","date_gmt":"2024-11-28T12:37:39","guid":{"rendered":"https:\/\/whitelip.com\/siberia-80-all-white-slim\/"},"modified":"2026-04-29T10:11:05","modified_gmt":"2026-04-29T10:11:05","slug":"siberia-80-all-white-slim","status":"publish","type":"product","link":"https:\/\/whitelip.com\/sk\/siberia\/siberia-80-all-white-slim\/","title":{"rendered":"Siberia -80 All White Slim"},"content":{"rendered":"<h2><b>Siberia -80 All White Slim<\/b><\/h2>\n<p><span style=\"font-weight: 400;\">Nikot\u00ednov\u00e9 vrec\u00fa\u0161ka Siberia -80 All White Slim prin\u00e1\u0161aj\u00fa mimoriadne siln\u00fd nikot\u00ednov\u00fd z\u00e1\u017eitok s osvie\u017euj\u00facou a \u013eadovou m\u00e4tovou pr\u00edchu\u0165ou. Tieto tenk\u00e9 vrec\u00fa\u0161ka bez tabaku s\u00fa navrhnut\u00e9 na diskr\u00e9tne a pohodln\u00e9 pou\u017e\u00edvanie a bez probl\u00e9mov sa zmestia pod pery. Siberia -80 All White Slim je ide\u00e1lna pre sk\u00fasen\u00fdch pou\u017e\u00edvate\u013eov a poskytuje \u010dist\u00e9 a siln\u00e9 uvo\u013e\u0148ovanie chuti a nikot\u00ednu, \u010d\u00edm zabezpe\u010duje v\u00fdrazn\u00fd a povzbudzuj\u00faci pocit bez zafarbenia zubov.<\/span><\/p>\n<table>\n<tbody>\n<tr>\n<td><b>Atrib\u00fat<\/b><\/td>\n<td><b>Podrobnosti<\/b><\/td>\n<\/tr>\n<tr>\n<td><span style=\"font-weight: 400;\">Obsah na plechovku<\/span><\/td>\n<td><span style=\"font-weight: 400;\">15 g (20 vrec\u00fa\u0161ok)<\/span><\/td>\n<\/tr>\n<tr>\n<td><span style=\"font-weight: 400;\">Obsah nikot\u00ednu<\/span><\/td>\n<td><span style=\"font-weight: 400;\">33 mg\/g (25 mg na vrecko)<\/span><\/td>\n<\/tr>\n<tr>\n<td><span style=\"font-weight: 400;\">Form\u00e1t vrecka<\/span><\/td>\n<td><span style=\"font-weight: 400;\">Slim<\/span><\/td>\n<\/tr>\n<tr>\n<td><span style=\"font-weight: 400;\">V\u00fdrobca<\/span><\/td>\n<td><span style=\"font-weight: 400;\">SIBERIA<\/span><\/td>\n<\/tr>\n<tr>\n<td><span style=\"font-weight: 400;\">Pr\u00edchu\u0165<\/span><\/td>\n<td><span style=\"font-weight: 400;\">\u013dadov\u00e1 m\u00e4ta<\/span><\/td>\n<\/tr>\n<tr>\n<td><span style=\"font-weight: 400;\">Typ<\/span><\/td>\n<td><span style=\"font-weight: 400;\">Celobiele vrecko, bez tabaku<\/span><\/td>\n<\/tr>\n<\/tbody>\n<\/table>","protected":false},"excerpt":{"rendered":"<p>Siberia -80 All White Slim nikot\u00ednov\u00e9 vrec\u00fa\u0161ka poskytuj\u00fa mimoriadne siln\u00fa <strong data-start=\"68\" data-end=\"80\">\u013dadov\u00e1 m\u00e4ta<\/strong> s osvie\u017euj\u00facou chu\u0165ou a svie\u017eim chladom. <strong data-start=\"120\" data-end=\"128\">Slim<\/strong>, beztabakov\u00fd form\u00e1t pre diskr\u00e9tne, pohodln\u00e9 pou\u017e\u00edvanie a \u010dist\u00e9, siln\u00e9 uvo\u013e\u0148ovanie. Ka\u017ed\u00e9 vrecko obsahuje <strong data-start=\"231\" data-end=\"249\">25 mg nikot\u00ednu<\/strong>.<\/p>","protected":false},"featured_media":8113,"comment_status":"open","ping_status":"closed","template":"","format":[206],"meta":{"_acf_changed":false},"product_brand":[],"product_cat":[61],"product_tag":[16589],"flavours":[199],"nicotine":[222,233],"class_list":{"0":"post-8112","1":"product","2":"type-product","3":"status-publish","4":"has-post-thumbnail","6":"product_cat-siberia","7":"product_tag-25-mg-pouch","8":"pa_quantity-1-pack","9":"pa_quantity-10-pack","10":"pa_quantity-3-pack","11":"pa_quantity-30-pack","12":"pa_quantity-5-pack","13":"pa_quantity-60-pack","14":"flavours-mint","15":"format-slim","16":"nicotine-33-mg-g","17":"nicotine-extreme","19":"first","20":"outofstock","21":"taxable","22":"shipping-taxable","23":"purchasable","24":"product-type-variable"},"acf":[],"_links":{"self":[{"href":"https:\/\/whitelip.com\/sk\/wp-json\/wp\/v2\/product\/8112","targetHints":{"allow":["GET"]}}],"collection":[{"href":"https:\/\/whitelip.com\/sk\/wp-json\/wp\/v2\/product"}],"about":[{"href":"https:\/\/whitelip.com\/sk\/wp-json\/wp\/v2\/types\/product"}],"replies":[{"embeddable":true,"href":"https:\/\/whitelip.com\/sk\/wp-json\/wp\/v2\/comments?post=8112"}],"wp:featuredmedia":[{"embeddable":true,"href":"https:\/\/whitelip.com\/sk\/wp-json\/wp\/v2\/media\/8113"}],"wp:attachment":[{"href":"https:\/\/whitelip.com\/sk\/wp-json\/wp\/v2\/media?parent=8112"}],"wp:term":[{"taxonomy":"product_brand","embeddable":true,"href":"https:\/\/whitelip.com\/sk\/wp-json\/wp\/v2\/product_brand?post=8112"},{"taxonomy":"product_cat","embeddable":true,"href":"https:\/\/whitelip.com\/sk\/wp-json\/wp\/v2\/product_cat?post=8112"},{"taxonomy":"product_tag","embeddable":true,"href":"https:\/\/whitelip.com\/sk\/wp-json\/wp\/v2\/product_tag?post=8112"},{"taxonomy":"flavours","embeddable":true,"href":"https:\/\/whitelip.com\/sk\/wp-json\/wp\/v2\/flavours?post=8112"},{"taxonomy":"format","embeddable":true,"href":"https:\/\/whitelip.com\/sk\/wp-json\/wp\/v2\/format?post=8112"},{"taxonomy":"nicotine","embeddable":true,"href":"https:\/\/whitelip.com\/sk\/wp-json\/wp\/v2\/nicotine?post=8112"}],"curies":[{"name":"wp","href":"https:\/\/api.w.org\/{rel}","templated":true}]}}