{"id":8104,"date":"2024-11-28T12:37:38","date_gmt":"2024-11-28T12:37:38","guid":{"rendered":"https:\/\/whitelip.com\/loop-red-chili-melon-3\/"},"modified":"2026-04-13T17:42:11","modified_gmt":"2026-04-13T17:42:11","slug":"loop-red-chili-melon-3","status":"publish","type":"product","link":"https:\/\/whitelip.com\/sk\/loop\/loop-red-chili-melon-3\/","title":{"rendered":"LOOP \u010cerven\u00fd chilli mel\u00f3n #3"},"content":{"rendered":"<h2><b>LOOP \u010cerven\u00fd chilli mel\u00f3n #3<\/b><\/h2>\n<p><span style=\"font-weight: 400;\">LOOP Red Chili Melon #3 kombinuje sladk\u00fa a \u0161\u0165avnat\u00fa chu\u0165 zrel\u00e9ho mel\u00f3na s ohniv\u00fdm chilli, \u010do prin\u00e1\u0161a odv\u00e1\u017eny a vzru\u0161uj\u00faci nikot\u00ednov\u00fd z\u00e1\u017eitok. Tieto tenk\u00e9 nikot\u00ednov\u00e9 vrec\u00fa\u0161ka poskytuj\u00fa stredn\u00fa silu nikot\u00ednu, v\u010faka \u010domu s\u00fa vhodn\u00e9 pre u\u017e\u00edvate\u013eov, ktor\u00ed maj\u00fa radi vyv\u00e1\u017een\u00fa, ale z\u00e1rove\u0148 dobrodru\u017en\u00fa mo\u017enos\u0165. \u0160luk\u00e1tko LOOP Red Chili Melon #3 je navrhnut\u00e9 na diskr\u00e9tne pou\u017e\u00edvanie, pohodlne sa zmest\u00ed pod pery a pon\u00faka \u010dist\u00fd a povzbudzuj\u00faci pocit pri akejko\u013evek pr\u00edle\u017eitosti.<\/span><\/p>\n<table>\n<tbody>\n<tr>\n<td><b>Atrib\u00fat<\/b><\/td>\n<td><b>Podrobnosti<\/b><\/td>\n<\/tr>\n<tr>\n<td><span style=\"font-weight: 400;\">Obsah na plechovku<\/span><\/td>\n<td><span style=\"font-weight: 400;\">12 g (20 vrec\u00fa\u0161ok)<\/span><\/td>\n<\/tr>\n<tr>\n<td><span style=\"font-weight: 400;\">Obsah nikot\u00ednu<\/span><\/td>\n<td><span style=\"font-weight: 400;\">10 mg\/g<\/span><\/td>\n<\/tr>\n<tr>\n<td><span style=\"font-weight: 400;\">Form\u00e1t vrecka<\/span><\/td>\n<td><span style=\"font-weight: 400;\">Slim<\/span><\/td>\n<\/tr>\n<tr>\n<td><span style=\"font-weight: 400;\">V\u00fdrobca<\/span><\/td>\n<td><span style=\"font-weight: 400;\">LOOP<\/span><\/td>\n<\/tr>\n<tr>\n<td><span style=\"font-weight: 400;\">Pr\u00edchu\u0165<\/span><\/td>\n<td><span style=\"font-weight: 400;\">\u010cerven\u00e9 \u010dili a mel\u00f3n<\/span><\/td>\n<\/tr>\n<tr>\n<td><span style=\"font-weight: 400;\">Typ<\/span><\/td>\n<td><span style=\"font-weight: 400;\">Celobiele vrecko, bez tabaku<\/span><\/td>\n<\/tr>\n<\/tbody>\n<\/table>","protected":false},"excerpt":{"rendered":"<p>Sladk\u00fd, \u0161\u0165avnat\u00fd <strong data-start=\"13\" data-end=\"32\">\u010derven\u00fd chilli mel\u00f3n<\/strong> s ohniv\u00fdm n\u00e1bojom pre odv\u00e1\u017eny a vzru\u0161uj\u00faci \u00fa\u010dinok. <strong data-start=\"78\" data-end=\"86\">Slim<\/strong>, beztabakov\u00e9 vrec\u00fa\u0161ka sa diskr\u00e9tne umiestnia pod pery a umo\u017e\u0148uj\u00fa \u010dist\u00e9 a osvie\u017euj\u00face pou\u017e\u00edvanie. Poskytuje miernu silu nikot\u00ednu pre vyv\u00e1\u017een\u00fd, ale dobrodru\u017en\u00fd z\u00e1\u017eitok.<\/p>","protected":false},"featured_media":8105,"comment_status":"open","ping_status":"closed","template":"","format":[206],"meta":{"_acf_changed":false},"product_brand":[],"product_cat":[32],"product_tag":[17011],"flavours":[187,196],"nicotine":[212,232],"class_list":{"0":"post-8104","1":"product","2":"type-product","3":"status-publish","4":"has-post-thumbnail","6":"product_cat-loop","7":"product_tag-9-4-mg-pouch","8":"pa_quantity-1-pack","9":"pa_quantity-10-pack","10":"pa_quantity-3-pack","11":"pa_quantity-30-pack","12":"pa_quantity-5-pack","13":"pa_quantity-60-pack","14":"flavours-chili","15":"flavours-fruits-berries","16":"format-slim","17":"nicotine-15-mg-g","18":"nicotine-extra-strong","20":"first","21":"instock","22":"taxable","23":"shipping-taxable","24":"purchasable","25":"product-type-variable"},"acf":[],"_links":{"self":[{"href":"https:\/\/whitelip.com\/sk\/wp-json\/wp\/v2\/product\/8104","targetHints":{"allow":["GET"]}}],"collection":[{"href":"https:\/\/whitelip.com\/sk\/wp-json\/wp\/v2\/product"}],"about":[{"href":"https:\/\/whitelip.com\/sk\/wp-json\/wp\/v2\/types\/product"}],"replies":[{"embeddable":true,"href":"https:\/\/whitelip.com\/sk\/wp-json\/wp\/v2\/comments?post=8104"}],"wp:featuredmedia":[{"embeddable":true,"href":"https:\/\/whitelip.com\/sk\/wp-json\/wp\/v2\/media\/8105"}],"wp:attachment":[{"href":"https:\/\/whitelip.com\/sk\/wp-json\/wp\/v2\/media?parent=8104"}],"wp:term":[{"taxonomy":"product_brand","embeddable":true,"href":"https:\/\/whitelip.com\/sk\/wp-json\/wp\/v2\/product_brand?post=8104"},{"taxonomy":"product_cat","embeddable":true,"href":"https:\/\/whitelip.com\/sk\/wp-json\/wp\/v2\/product_cat?post=8104"},{"taxonomy":"product_tag","embeddable":true,"href":"https:\/\/whitelip.com\/sk\/wp-json\/wp\/v2\/product_tag?post=8104"},{"taxonomy":"flavours","embeddable":true,"href":"https:\/\/whitelip.com\/sk\/wp-json\/wp\/v2\/flavours?post=8104"},{"taxonomy":"format","embeddable":true,"href":"https:\/\/whitelip.com\/sk\/wp-json\/wp\/v2\/format?post=8104"},{"taxonomy":"nicotine","embeddable":true,"href":"https:\/\/whitelip.com\/sk\/wp-json\/wp\/v2\/nicotine?post=8104"}],"curies":[{"name":"wp","href":"https:\/\/api.w.org\/{rel}","templated":true}]}}