{"id":8102,"date":"2024-11-28T12:37:17","date_gmt":"2024-11-28T12:37:17","guid":{"rendered":"https:\/\/whitelip.com\/iceberg-arasaka-extreme\/"},"modified":"2026-05-11T10:11:25","modified_gmt":"2026-05-11T10:11:25","slug":"iceberg-arasaka-extreme","status":"publish","type":"product","link":"https:\/\/whitelip.com\/sk\/iceberg\/iceberg-arasaka-extreme\/","title":{"rendered":"ICEBERG Arasaka Extreme"},"content":{"rendered":"<h2><b>ICEBERG Arasaka Extreme<\/b><\/h2>\n<p><span style=\"font-weight: 400;\">Nikot\u00ednov\u00e9 vrec\u00fa\u0161ka ICEBERG Arasaka Extreme sp\u00e1jaj\u00fa \u0161pi\u010dkov\u00e9 inov\u00e1cie s intenz\u00edvnym nikot\u00ednov\u00fdm n\u00e1bojom a pon\u00fakaj\u00fa odv\u00e1\u017eny a povzbudzuj\u00faci z\u00e1\u017eitok pre sk\u00fasen\u00fdch u\u017e\u00edvate\u013eov. Tieto vrec\u00fa\u0161ka s jedine\u010dnou modernou pr\u00edchu\u0165ou in\u0161pirovanou japonsk\u00fdmi citrusov\u00fdmi a bylinn\u00fdmi t\u00f3nmi prin\u00e1\u0161aj\u00fa osvie\u017euj\u00faci a siln\u00fd pocit. \u0160t\u00edhly beztabakov\u00fd dizajn zaru\u010duje diskr\u00e9tne pou\u017e\u00edvanie, v\u010faka \u010domu s\u00fa ide\u00e1lnym spolo\u010dn\u00edkom pre akt\u00edvny \u017eivotn\u00fd \u0161t\u00fdl. ICEBERG Arasaka Extreme vynik\u00e1 v\u00fdraznou chu\u0165ou a siln\u00fdm podan\u00edm nikot\u00ednu.<\/span><\/p>\n<table>\n<tbody>\n<tr>\n<td><b>Atrib\u00fat<\/b><\/td>\n<td><b>Podrobnosti<\/b><\/td>\n<\/tr>\n<tr>\n<td><span style=\"font-weight: 400;\">Obsah na plechovku<\/span><\/td>\n<td><span style=\"font-weight: 400;\">12 g (20 vrec\u00fa\u0161ok)<\/span><\/td>\n<\/tr>\n<tr>\n<td><span style=\"font-weight: 400;\">Obsah nikot\u00ednu<\/span><\/td>\n<td><span style=\"font-weight: 400;\">50 mg\/g (35 mg na vrecko)<\/span><\/td>\n<\/tr>\n<tr>\n<td><span style=\"font-weight: 400;\">Form\u00e1t vrecka<\/span><\/td>\n<td><span style=\"font-weight: 400;\">Slim<\/span><\/td>\n<\/tr>\n<tr>\n<td><span style=\"font-weight: 400;\">V\u00fdrobca<\/span><\/td>\n<td><span style=\"font-weight: 400;\">ICEBERG<\/span><\/td>\n<\/tr>\n<tr>\n<td><span style=\"font-weight: 400;\">Pr\u00edchu\u0165<\/span><\/td>\n<td><span style=\"font-weight: 400;\">Japonsk\u00e9 citrusy a bylinky<\/span><\/td>\n<\/tr>\n<tr>\n<td><span style=\"font-weight: 400;\">Typ<\/span><\/td>\n<td><span style=\"font-weight: 400;\">Celobiele vrecko, bez tabaku<\/span><\/td>\n<\/tr>\n<\/tbody>\n<\/table>\n<p>\u00a0<\/p>","protected":false},"excerpt":{"rendered":"<p>ICEBERG Arasaka Extreme pon\u00faka odv\u00e1\u017eny, osvie\u017euj\u00faci <strong data-start=\"52\" data-end=\"63\">Arasaka<\/strong> chu\u0165 s japonsk\u00fdmi citrusov\u00fdmi a bylinn\u00fdmi t\u00f3nmi. <strong data-start=\"110\" data-end=\"118\">Slim<\/strong> vrec\u00fa\u0161ka bez tabaku diskr\u00e9tne sedia pod perou bez zafarbenia. Ka\u017ed\u00e9 vrecko obsahuje <strong data-start=\"207\" data-end=\"225\">35 mg nikot\u00ednu<\/strong>, a prin\u00e1\u0161a siln\u00fd, osvie\u017euj\u00faci z\u00e1sah. Vyroben\u00e9 spolo\u010dnos\u0165ou Neoptolem v Po\u013esku.<\/p>","protected":false},"featured_media":8103,"comment_status":"open","ping_status":"closed","template":"","format":[206],"meta":{"_acf_changed":false},"product_brand":[],"product_cat":[50],"product_tag":[16603],"flavours":[196],"nicotine":[226,233],"class_list":{"0":"post-8102","1":"product","2":"type-product","3":"status-publish","4":"has-post-thumbnail","6":"product_cat-iceberg","7":"product_tag-35-mg-pouch","8":"pa_quantity-1-pack","9":"pa_quantity-10-pack","10":"pa_quantity-3-pack","11":"pa_quantity-30-pack","12":"pa_quantity-5-pack","13":"pa_quantity-60-pack","14":"flavours-fruits-berries","15":"format-slim","16":"nicotine-50-mg-g","17":"nicotine-extreme","19":"first","20":"instock","21":"taxable","22":"shipping-taxable","23":"purchasable","24":"product-type-variable"},"acf":[],"_links":{"self":[{"href":"https:\/\/whitelip.com\/sk\/wp-json\/wp\/v2\/product\/8102","targetHints":{"allow":["GET"]}}],"collection":[{"href":"https:\/\/whitelip.com\/sk\/wp-json\/wp\/v2\/product"}],"about":[{"href":"https:\/\/whitelip.com\/sk\/wp-json\/wp\/v2\/types\/product"}],"replies":[{"embeddable":true,"href":"https:\/\/whitelip.com\/sk\/wp-json\/wp\/v2\/comments?post=8102"}],"wp:featuredmedia":[{"embeddable":true,"href":"https:\/\/whitelip.com\/sk\/wp-json\/wp\/v2\/media\/8103"}],"wp:attachment":[{"href":"https:\/\/whitelip.com\/sk\/wp-json\/wp\/v2\/media?parent=8102"}],"wp:term":[{"taxonomy":"product_brand","embeddable":true,"href":"https:\/\/whitelip.com\/sk\/wp-json\/wp\/v2\/product_brand?post=8102"},{"taxonomy":"product_cat","embeddable":true,"href":"https:\/\/whitelip.com\/sk\/wp-json\/wp\/v2\/product_cat?post=8102"},{"taxonomy":"product_tag","embeddable":true,"href":"https:\/\/whitelip.com\/sk\/wp-json\/wp\/v2\/product_tag?post=8102"},{"taxonomy":"flavours","embeddable":true,"href":"https:\/\/whitelip.com\/sk\/wp-json\/wp\/v2\/flavours?post=8102"},{"taxonomy":"format","embeddable":true,"href":"https:\/\/whitelip.com\/sk\/wp-json\/wp\/v2\/format?post=8102"},{"taxonomy":"nicotine","embeddable":true,"href":"https:\/\/whitelip.com\/sk\/wp-json\/wp\/v2\/nicotine?post=8102"}],"curies":[{"name":"wp","href":"https:\/\/api.w.org\/{rel}","templated":true}]}}