{"id":8100,"date":"2024-12-20T19:39:10","date_gmt":"2024-12-20T19:39:10","guid":{"rendered":"https:\/\/whitelip.com\/xqs-orange-apple-strong\/"},"modified":"2026-04-13T17:36:46","modified_gmt":"2026-04-13T17:36:46","slug":"xqs-orange-apple-strong","status":"publish","type":"product","link":"https:\/\/whitelip.com\/sk\/xqs\/xqs-orange-apple-strong\/","title":{"rendered":"XQS Orange Apple Strong"},"content":{"rendered":"<h2><b>XQS Orange Apple Strong<\/b><\/h2>\n<p><span style=\"font-weight: 400;\">XQS Orange Apple Strong kombinuje <\/span><b>sladkos\u0165 zrel\u00fdch jab\u013ak<\/b><span style=\"font-weight: 400;\"> s <\/span><b>\u0161tip\u013eav\u00fd n\u00e1dych pomaran\u010da<\/b><span style=\"font-weight: 400;\">, ktor\u00e1 prin\u00e1\u0161a osvie\u017euj\u00facu a vyv\u00e1\u017een\u00fa ovocn\u00fa chu\u0165. T\u00e1to vyv\u00e1\u017een\u00e1 zmes poskytuje pr\u00edval prirodzenej sladkosti s jemn\u00fdm citrusov\u00fdm n\u00e1dychom, tak\u017ee je ide\u00e1lna pre t\u00fdch, ktor\u00ed h\u013eadaj\u00fa chu\u0165ovo v\u00fdrazn\u00fa a povzbudzuj\u00facu nikot\u00ednov\u00fa alternat\u00edvu. Ka\u017ed\u00e9 tenk\u00e9 biele vrec\u00fa\u0161ko obsahuje <\/span><b>10 mg nikot\u00ednu<\/b><span style=\"font-weight: 400;\">, a pon\u00faka siln\u00e9 a konzistentn\u00e9 uvo\u013enenie pre uspokojiv\u00e9 pou\u017e\u00edvanie.<\/span><\/p>\n<p><span style=\"font-weight: 400;\">\u0160t\u00edhly form\u00e1t zaru\u010duje diskr\u00e9tne a pohodln\u00e9 umiestnenie pod pery, \u010do umo\u017e\u0148uje \u010dist\u00e9 a ne\u0161piniv\u00e9 pou\u017e\u00edvanie kdeko\u013evek. XQS Orange Apple Strong je \u00faplne bez tabaku a je vyroben\u00fd z vysokokvalitn\u00fdch rastlinn\u00fdch materi\u00e1lov a predstavuje modern\u00fa nikot\u00ednov\u00fa alternat\u00edvu pre pou\u017e\u00edvate\u013eov, ktor\u00ed maj\u00fa radi ovocn\u00e9 pr\u00edchute v kombin\u00e1cii so spo\u013eahlivou silou.<\/span><\/p>\n<table>\n<tbody>\n<tr>\n<td><b>Atrib\u00fat<\/b><\/td>\n<td><b>Podrobnosti<\/b><\/td>\n<\/tr>\n<tr>\n<td><b>Zna\u010dka<\/b><\/td>\n<td><span style=\"font-weight: 400;\">XQS<\/span><\/td>\n<\/tr>\n<tr>\n<td><b>Typ v\u00fdrobku<\/b><\/td>\n<td><span style=\"font-weight: 400;\">V\u0161etky biele nikot\u00ednov\u00e9 vreck\u00e1<\/span><\/td>\n<\/tr>\n<tr>\n<td><b>Form\u00e1t<\/b><\/td>\n<td><span style=\"font-weight: 400;\">Slim<\/span><\/td>\n<\/tr>\n<tr>\n<td><b>Pr\u00edchu\u0165<\/b><\/td>\n<td><span style=\"font-weight: 400;\">Pomaran\u010d a jablko<\/span><\/td>\n<\/tr>\n<tr>\n<td><b>Sila nikot\u00ednu<\/b><\/td>\n<td><span style=\"font-weight: 400;\">10 mg na vrecko (13 mg\/g)<\/span><\/td>\n<\/tr>\n<tr>\n<td><b>Hmotnos\u0165 porcie<\/b><\/td>\n<td><span style=\"font-weight: 400;\">0,75 gramu<\/span><\/td>\n<\/tr>\n<tr>\n<td><b>Po\u010det porci\u00ed<\/b><\/td>\n<td><span style=\"font-weight: 400;\">20 za plechovku<\/span><\/td>\n<\/tr>\n<tr>\n<td><b>Celkov\u00e1 hmotnos\u0165 plechovky<\/b><\/td>\n<td><span style=\"font-weight: 400;\">15 gramov<\/span><\/td>\n<\/tr>\n<tr>\n<td><b>V\u00fdrobca<\/b><\/td>\n<td><span style=\"font-weight: 400;\">XQS International<\/span><\/td>\n<\/tr>\n<tr>\n<td><b>Pozoruhodn\u00e9 funkcie<\/b><\/td>\n<td><span style=\"font-weight: 400;\">Bez tabaku, tenk\u00fd form\u00e1t, sladk\u00e9 jablko s pikantnou pomaran\u010dovou pr\u00edchu\u0165ou<\/span><\/td>\n<\/tr>\n<\/tbody>\n<\/table>","protected":false},"excerpt":{"rendered":"<p>XQS <strong data-start=\"4\" data-end=\"20\">Oran\u017eov\u00e9 jablko<\/strong> <strong data-start=\"21\" data-end=\"31\">Siln\u00fd<\/strong> sp\u00e1ja sladk\u00e9 jablko s pikantn\u00fdm pomaran\u010dom a vytv\u00e1ra tak osvie\u017euj\u00faci, vyv\u00e1\u017een\u00fd profil. Na str\u00e1nke . <strong data-start=\"113\" data-end=\"121\">\u0161t\u00edhly<\/strong>, celobiele vreck\u00e1 s\u00fa diskr\u00e9tne a pohodln\u00e9. Ka\u017ed\u00e9 vrecko obsahuje <strong data-start=\"191\" data-end=\"209\">10 mg nikot\u00ednu<\/strong> pre siln\u00e9 a konzistentn\u00e9 uvo\u013enenie.<\/p>","protected":false},"featured_media":84308,"comment_status":"open","ping_status":"closed","template":"","format":[206],"meta":{"_acf_changed":false},"product_brand":[],"product_cat":[27],"product_tag":[16587],"flavours":[196],"nicotine":[213,232],"class_list":{"0":"post-8100","1":"product","2":"type-product","3":"status-publish","4":"has-post-thumbnail","6":"product_cat-xqs","7":"product_tag-10-mg-pouch","8":"pa_quantity-1-pack","9":"pa_quantity-10-pack","10":"pa_quantity-3-pack","11":"pa_quantity-30-pack","12":"pa_quantity-5-pack","13":"pa_quantity-60-pack","14":"flavours-fruits-berries","15":"format-slim","16":"nicotine-16-mg-g","17":"nicotine-extra-strong","19":"first","20":"instock","21":"taxable","22":"shipping-taxable","23":"purchasable","24":"product-type-variable"},"acf":[],"_links":{"self":[{"href":"https:\/\/whitelip.com\/sk\/wp-json\/wp\/v2\/product\/8100","targetHints":{"allow":["GET"]}}],"collection":[{"href":"https:\/\/whitelip.com\/sk\/wp-json\/wp\/v2\/product"}],"about":[{"href":"https:\/\/whitelip.com\/sk\/wp-json\/wp\/v2\/types\/product"}],"replies":[{"embeddable":true,"href":"https:\/\/whitelip.com\/sk\/wp-json\/wp\/v2\/comments?post=8100"}],"wp:featuredmedia":[{"embeddable":true,"href":"https:\/\/whitelip.com\/sk\/wp-json\/wp\/v2\/media\/84308"}],"wp:attachment":[{"href":"https:\/\/whitelip.com\/sk\/wp-json\/wp\/v2\/media?parent=8100"}],"wp:term":[{"taxonomy":"product_brand","embeddable":true,"href":"https:\/\/whitelip.com\/sk\/wp-json\/wp\/v2\/product_brand?post=8100"},{"taxonomy":"product_cat","embeddable":true,"href":"https:\/\/whitelip.com\/sk\/wp-json\/wp\/v2\/product_cat?post=8100"},{"taxonomy":"product_tag","embeddable":true,"href":"https:\/\/whitelip.com\/sk\/wp-json\/wp\/v2\/product_tag?post=8100"},{"taxonomy":"flavours","embeddable":true,"href":"https:\/\/whitelip.com\/sk\/wp-json\/wp\/v2\/flavours?post=8100"},{"taxonomy":"format","embeddable":true,"href":"https:\/\/whitelip.com\/sk\/wp-json\/wp\/v2\/format?post=8100"},{"taxonomy":"nicotine","embeddable":true,"href":"https:\/\/whitelip.com\/sk\/wp-json\/wp\/v2\/nicotine?post=8100"}],"curies":[{"name":"wp","href":"https:\/\/api.w.org\/{rel}","templated":true}]}}