{"id":8098,"date":"2024-11-28T12:37:17","date_gmt":"2024-11-28T12:37:17","guid":{"rendered":"https:\/\/whitelip.com\/iceberg-dragon-fruit-extreme\/"},"modified":"2026-04-21T10:11:23","modified_gmt":"2026-04-21T10:11:23","slug":"iceberg-dragon-fruit-extreme","status":"publish","type":"product","link":"https:\/\/whitelip.com\/sk\/iceberg\/iceberg-dragon-fruit-extreme\/","title":{"rendered":"ICEBERG Dragon Fruit Extreme"},"content":{"rendered":"<h2><b>ICEBERG Dragon Fruit Extreme<\/b><\/h2>\n<p><span style=\"font-weight: 400;\">Nikot\u00ednov\u00e9 vrec\u00fa\u0161ka ICEBERG Dragon Fruit Extreme pon\u00fakaj\u00fa exotick\u00fa a tropick\u00fa pr\u00edchu\u0165 dra\u010dieho ovocia v kombin\u00e1cii s intenz\u00edvnou silou nikot\u00ednu, tak\u017ee s\u00fa ide\u00e1lne pre sk\u00fasen\u00fdch u\u017e\u00edvate\u013eov. Tieto tenk\u00e9 vrec\u00fa\u0161ka bez tabaku s\u00fa navrhnut\u00e9 pre diskr\u00e9tnos\u0165 a pohodlie, ide\u00e1lne na pou\u017eitie na cest\u00e1ch. Jedine\u010dn\u00fd chu\u0165ov\u00fd profil prin\u00e1\u0161a sladk\u00fa a \u0161tip\u013eav\u00fa chu\u0165 a predstavuje osvie\u017euj\u00facu alternat\u00edvu pre t\u00fdch, ktor\u00ed maj\u00fa radi odv\u00e1\u017ene nikot\u00ednov\u00e9 varianty s ovocn\u00fdm n\u00e1dychom.<\/span><\/p>\n<table>\n<tbody>\n<tr>\n<td><b>Atrib\u00fat<\/b><\/td>\n<td><b>Podrobnosti<\/b><\/td>\n<\/tr>\n<tr>\n<td><span style=\"font-weight: 400;\">Obsah na plechovku<\/span><\/td>\n<td><span style=\"font-weight: 400;\">12 g (20 vrec\u00fa\u0161ok)<\/span><\/td>\n<\/tr>\n<tr>\n<td><span style=\"font-weight: 400;\">Obsah nikot\u00ednu<\/span><\/td>\n<td><span style=\"font-weight: 400;\">50 mg\/g (35 mg na vrecko)<\/span><\/td>\n<\/tr>\n<tr>\n<td><span style=\"font-weight: 400;\">Form\u00e1t vrecka<\/span><\/td>\n<td><span style=\"font-weight: 400;\">Slim<\/span><\/td>\n<\/tr>\n<tr>\n<td><span style=\"font-weight: 400;\">V\u00fdrobca<\/span><\/td>\n<td><span style=\"font-weight: 400;\">ICEBERG<\/span><\/td>\n<\/tr>\n<tr>\n<td><span style=\"font-weight: 400;\">Pr\u00edchu\u0165<\/span><\/td>\n<td><span style=\"font-weight: 400;\">Dra\u010die ovocie<\/span><\/td>\n<\/tr>\n<tr>\n<td><span style=\"font-weight: 400;\">Typ<\/span><\/td>\n<td><span style=\"font-weight: 400;\">Celobiele vrecko, bez tabaku<\/span><\/td>\n<\/tr>\n<\/tbody>\n<\/table>\n<p>\u00a0<\/p>","protected":false},"excerpt":{"rendered":"<p>ICEBERG Dragon Fruit pon\u00faka exotick\u00e9 <strong data-start=\"38\" data-end=\"54\">dra\u010die ovocie<\/strong> so sladkou a pikantnou pr\u00edchu\u0165ou. <strong data-start=\"89\" data-end=\"97\">Slim<\/strong> vrec\u00fa\u0161ka bez tabaku diskr\u00e9tne sedia pod perou bez zafarbenia. Ka\u017ed\u00e9 vrecko obsahuje <strong data-start=\"186\" data-end=\"204\">35 mg nikot\u00ednu<\/strong>, a prin\u00e1\u0161a siln\u00fd, osvie\u017euj\u00faci z\u00e1sah. Vyroben\u00e9 spolo\u010dnos\u0165ou Neoptolem v Po\u013esku.<\/p>","protected":false},"featured_media":8099,"comment_status":"open","ping_status":"closed","template":"","format":[206],"meta":{"_acf_changed":false},"product_brand":[],"product_cat":[50],"product_tag":[16603],"flavours":[196],"nicotine":[226,233],"class_list":{"0":"post-8098","1":"product","2":"type-product","3":"status-publish","4":"has-post-thumbnail","6":"product_cat-iceberg","7":"product_tag-35-mg-pouch","8":"pa_quantity-1-pack","9":"pa_quantity-10-pack","10":"pa_quantity-3-pack","11":"pa_quantity-30-pack","12":"pa_quantity-5-pack","13":"pa_quantity-60-pack","14":"flavours-fruits-berries","15":"format-slim","16":"nicotine-50-mg-g","17":"nicotine-extreme","19":"first","20":"instock","21":"taxable","22":"shipping-taxable","23":"purchasable","24":"product-type-variable"},"acf":[],"_links":{"self":[{"href":"https:\/\/whitelip.com\/sk\/wp-json\/wp\/v2\/product\/8098","targetHints":{"allow":["GET"]}}],"collection":[{"href":"https:\/\/whitelip.com\/sk\/wp-json\/wp\/v2\/product"}],"about":[{"href":"https:\/\/whitelip.com\/sk\/wp-json\/wp\/v2\/types\/product"}],"replies":[{"embeddable":true,"href":"https:\/\/whitelip.com\/sk\/wp-json\/wp\/v2\/comments?post=8098"}],"wp:featuredmedia":[{"embeddable":true,"href":"https:\/\/whitelip.com\/sk\/wp-json\/wp\/v2\/media\/8099"}],"wp:attachment":[{"href":"https:\/\/whitelip.com\/sk\/wp-json\/wp\/v2\/media?parent=8098"}],"wp:term":[{"taxonomy":"product_brand","embeddable":true,"href":"https:\/\/whitelip.com\/sk\/wp-json\/wp\/v2\/product_brand?post=8098"},{"taxonomy":"product_cat","embeddable":true,"href":"https:\/\/whitelip.com\/sk\/wp-json\/wp\/v2\/product_cat?post=8098"},{"taxonomy":"product_tag","embeddable":true,"href":"https:\/\/whitelip.com\/sk\/wp-json\/wp\/v2\/product_tag?post=8098"},{"taxonomy":"flavours","embeddable":true,"href":"https:\/\/whitelip.com\/sk\/wp-json\/wp\/v2\/flavours?post=8098"},{"taxonomy":"format","embeddable":true,"href":"https:\/\/whitelip.com\/sk\/wp-json\/wp\/v2\/format?post=8098"},{"taxonomy":"nicotine","embeddable":true,"href":"https:\/\/whitelip.com\/sk\/wp-json\/wp\/v2\/nicotine?post=8098"}],"curies":[{"name":"wp","href":"https:\/\/api.w.org\/{rel}","templated":true}]}}