{"id":8096,"date":"2024-11-28T12:37:17","date_gmt":"2024-11-28T12:37:17","guid":{"rendered":"https:\/\/whitelip.com\/cuba-coca-leaf\/"},"modified":"2026-04-28T10:11:15","modified_gmt":"2026-04-28T10:11:15","slug":"cuba-coca-leaf","status":"publish","type":"product","link":"https:\/\/whitelip.com\/sk\/cuba\/cuba-coca-leaf\/","title":{"rendered":"Kuba Coca Leaf"},"content":{"rendered":"<h2><b>Kuba Coca Leaf<\/b><\/h2>\n<p><span style=\"font-weight: 400;\">Nikot\u00ednov\u00e9 vrec\u00fa\u0161ka CUBA Coca Leaf pon\u00fakaj\u00fa v\u00fdrazn\u00fd a siln\u00fd z\u00e1\u017eitok pre sk\u00fasen\u00fdch u\u017e\u00edvate\u013eov, ktor\u00ed h\u013eadaj\u00fa siln\u00fd nikot\u00ednov\u00fd \u0161ok. Ka\u017ed\u00e9 vrec\u00fa\u0161ko tenk\u00e9ho form\u00e1tu obsahuje 50 mg nikot\u00ednu na gram, \u010do predstavuje pribli\u017ene 32,5 mg na vrec\u00fa\u0161ko a prin\u00e1\u0161a intenz\u00edvny pocit. Vreck\u00e1 s\u00fa navrhnut\u00e9 tak, aby sa diskr\u00e9tne zmestili pod pery, \u010do zaru\u010duje pohodlie a komfort. Tieto vrec\u00fa\u0161ka s\u00fa vyroben\u00e9 spolo\u010dnos\u0165ou CUBA, v\u00fdrobcom zn\u00e1mym kvalitou a inov\u00e1ciami, a s\u00fa pr\u00edkladom vysok\u00fdch \u0161tandardov a jedine\u010dn\u00fdch chu\u0165ov\u00fdch profilov.<\/span><\/p>\n<table>\n<tbody>\n<tr>\n<td><b>Atrib\u00fat<\/b><\/td>\n<td><b>Podrobnosti<\/b><\/td>\n<\/tr>\n<tr>\n<td><b>Obsah na plechovku<\/b><\/td>\n<td><span style=\"font-weight: 400;\">13 g (20 vrec\u00fa\u0161ok)<\/span><\/td>\n<\/tr>\n<tr>\n<td><b>Obsah nikot\u00ednu<\/b><\/td>\n<td><span style=\"font-weight: 400;\">50 mg\/g (32,5 mg na kapsulu)<\/span><\/td>\n<\/tr>\n<tr>\n<td><b>Form\u00e1t vrecka<\/b><\/td>\n<td><span style=\"font-weight: 400;\">Slim<\/span><\/td>\n<\/tr>\n<tr>\n<td><b>V\u00fdrobca<\/b><\/td>\n<td><span style=\"font-weight: 400;\">KUBA<\/span><\/td>\n<\/tr>\n<tr>\n<td><b>Pr\u00edchu\u0165<\/b><\/td>\n<td><span style=\"font-weight: 400;\">Koka l\u00edsty s m\u00e4tou<\/span><\/td>\n<\/tr>\n<tr>\n<td><b>Typ<\/b><\/td>\n<td><span style=\"font-weight: 400;\">Celobiele vrecko<\/span><\/td>\n<\/tr>\n<\/tbody>\n<\/table>","protected":false},"excerpt":{"rendered":"<p>V\u00fdrazn\u00e9 <strong data-start=\"12\" data-end=\"25\">list koky<\/strong> profil s robustn\u00fdm, siln\u00fdm charakterom. Na str\u00e1nke . <strong data-start=\"71\" data-end=\"79\">\u0161t\u00edhly<\/strong> vrec\u00fa\u0161ka s\u00fa diskr\u00e9tne umiestnen\u00e9 pod perou pre pohodln\u00e9 pou\u017e\u00edvanie na cest\u00e1ch. Ka\u017ed\u00e9 vrecko obsahuje <strong data-start=\"169\" data-end=\"200\">~32,5 mg nikot\u00ednu na vrecko<\/strong> (50 mg\/g), ktor\u00fd poskytuje intenz\u00edvny kopanec vhodn\u00fd pre sk\u00fasen\u00fdch u\u017e\u00edvate\u013eov z CUBA.<\/p>","protected":false},"featured_media":8097,"comment_status":"open","ping_status":"closed","template":"","format":[206],"meta":{"_acf_changed":false},"product_brand":[],"product_cat":[46],"product_tag":[16573],"flavours":[199],"nicotine":[233,226],"class_list":{"0":"post-8096","1":"product","2":"type-product","3":"status-publish","4":"has-post-thumbnail","6":"product_cat-cuba","7":"product_tag-32-5-mg-pouch","8":"pa_quantity-1-pack","9":"pa_quantity-10-pack","10":"pa_quantity-3-pack","11":"pa_quantity-30-pack","12":"pa_quantity-5-pack","13":"pa_quantity-60-pack","14":"flavours-mint","15":"format-slim","16":"nicotine-extreme","17":"nicotine-50-mg-g","19":"first","20":"outofstock","21":"taxable","22":"shipping-taxable","23":"purchasable","24":"product-type-variable"},"acf":[],"_links":{"self":[{"href":"https:\/\/whitelip.com\/sk\/wp-json\/wp\/v2\/product\/8096","targetHints":{"allow":["GET"]}}],"collection":[{"href":"https:\/\/whitelip.com\/sk\/wp-json\/wp\/v2\/product"}],"about":[{"href":"https:\/\/whitelip.com\/sk\/wp-json\/wp\/v2\/types\/product"}],"replies":[{"embeddable":true,"href":"https:\/\/whitelip.com\/sk\/wp-json\/wp\/v2\/comments?post=8096"}],"wp:featuredmedia":[{"embeddable":true,"href":"https:\/\/whitelip.com\/sk\/wp-json\/wp\/v2\/media\/8097"}],"wp:attachment":[{"href":"https:\/\/whitelip.com\/sk\/wp-json\/wp\/v2\/media?parent=8096"}],"wp:term":[{"taxonomy":"product_brand","embeddable":true,"href":"https:\/\/whitelip.com\/sk\/wp-json\/wp\/v2\/product_brand?post=8096"},{"taxonomy":"product_cat","embeddable":true,"href":"https:\/\/whitelip.com\/sk\/wp-json\/wp\/v2\/product_cat?post=8096"},{"taxonomy":"product_tag","embeddable":true,"href":"https:\/\/whitelip.com\/sk\/wp-json\/wp\/v2\/product_tag?post=8096"},{"taxonomy":"flavours","embeddable":true,"href":"https:\/\/whitelip.com\/sk\/wp-json\/wp\/v2\/flavours?post=8096"},{"taxonomy":"format","embeddable":true,"href":"https:\/\/whitelip.com\/sk\/wp-json\/wp\/v2\/format?post=8096"},{"taxonomy":"nicotine","embeddable":true,"href":"https:\/\/whitelip.com\/sk\/wp-json\/wp\/v2\/nicotine?post=8096"}],"curies":[{"name":"wp","href":"https:\/\/api.w.org\/{rel}","templated":true}]}}