{"id":8086,"date":"2024-11-28T12:37:16","date_gmt":"2024-11-28T12:37:16","guid":{"rendered":"https:\/\/whitelip.com\/iceberg-strawberry-banana-gum-extreme\/"},"modified":"2026-04-29T10:11:04","modified_gmt":"2026-04-29T10:11:04","slug":"iceberg-strawberry-banana-gum-extreme","status":"publish","type":"product","link":"https:\/\/whitelip.com\/sk\/iceberg\/iceberg-strawberry-banana-gum-extreme\/","title":{"rendered":"ICEBERG Strawberry Banana Gum Extreme"},"content":{"rendered":"<h2><b>ICEBERG Strawberry Banana Gum Extreme<\/b><\/h2>\n<p><span style=\"font-weight: 400;\">Nikot\u00ednov\u00e9 vrec\u00fa\u0161ka ICEBERG Strawberry Banana Gum Extreme obsahuj\u00fa lahodn\u00fa zmes sladkej jahodovej a kr\u00e9movej ban\u00e1novej pr\u00edchute, ktor\u00fa dop\u013a\u0148a jemn\u00e1 \u017euva\u010dkov\u00e1 pr\u00edchu\u0165. Tieto vrec\u00fa\u0161ka bez tabaku s\u00fa ur\u010den\u00e9 pre sk\u00fasen\u00fdch u\u017e\u00edvate\u013eov a poskytuj\u00fa siln\u00fd nikot\u00ednov\u00fd z\u00e1sah s jedine\u010dn\u00fdm ovocn\u00fdm chu\u0165ov\u00fdm profilom. \u0160t\u00edhly form\u00e1t zaru\u010duje diskr\u00e9tne a bezprobl\u00e9mov\u00e9 pou\u017e\u00edvanie, v\u010faka \u010domu si m\u00f4\u017eete vychutna\u0165 aromatick\u00fd a povzbudzuj\u00faci z\u00e1\u017eitok kedyko\u013evek a kdeko\u013evek. ICEBERG Strawberry Banana Gum Extreme je ide\u00e1lnou vo\u013ebou pre t\u00fdch, ktor\u00ed h\u013eadaj\u00fa tropick\u00fd n\u00e1dych s nikot\u00ednom.<\/span><\/p>\n<table>\n<tbody>\n<tr>\n<td><b>Atrib\u00fat<\/b><\/td>\n<td><b>Podrobnosti<\/b><\/td>\n<\/tr>\n<tr>\n<td><span style=\"font-weight: 400;\">Obsah na plechovku<\/span><\/td>\n<td><span style=\"font-weight: 400;\">12 g (20 vrec\u00fa\u0161ok)<\/span><\/td>\n<\/tr>\n<tr>\n<td><span style=\"font-weight: 400;\">Obsah nikot\u00ednu<\/span><\/td>\n<td><span style=\"font-weight: 400;\">50 mg\/g (35 mg na vrecko)<\/span><\/td>\n<\/tr>\n<tr>\n<td><span style=\"font-weight: 400;\">Form\u00e1t vrecka<\/span><\/td>\n<td><span style=\"font-weight: 400;\">Slim<\/span><\/td>\n<\/tr>\n<tr>\n<td><span style=\"font-weight: 400;\">V\u00fdrobca<\/span><\/td>\n<td><span style=\"font-weight: 400;\">ICEBERG<\/span><\/td>\n<\/tr>\n<tr>\n<td><span style=\"font-weight: 400;\">Pr\u00edchu\u0165<\/span><\/td>\n<td><span style=\"font-weight: 400;\">Jahodov\u00e1 ban\u00e1nov\u00e1 \u017euva\u010dka<\/span><\/td>\n<\/tr>\n<tr>\n<td><span style=\"font-weight: 400;\">Typ<\/span><\/td>\n<td><span style=\"font-weight: 400;\">Celobiele vrecko, bez tabaku<\/span><\/td>\n<\/tr>\n<\/tbody>\n<\/table>\n<p>\u00a0<\/p>","protected":false},"excerpt":{"rendered":"<p>ICEBERG Strawberry Banana Gum pon\u00faka sladk\u00fa, kr\u00e9mov\u00fa chu\u0165 <strong data-start=\"53\" data-end=\"78\">jahodovo-ban\u00e1nov\u00e1 \u017euva\u010dka<\/strong> profil. <strong data-start=\"88\" data-end=\"96\">Slim<\/strong> vrec\u00fa\u0161ka bez tabaku diskr\u00e9tne sedia pod perou bez zafarbenia. Ka\u017ed\u00e9 vrecko obsahuje <strong data-start=\"185\" data-end=\"203\">35 mg nikot\u00ednu<\/strong>, a prin\u00e1\u0161a siln\u00fd a uspokojiv\u00fd \u00fader. Vyroben\u00e9 spolo\u010dnos\u0165ou Neoptolem v Po\u013esku.<\/p>","protected":false},"featured_media":8087,"comment_status":"open","ping_status":"closed","template":"","format":[206],"meta":{"_acf_changed":false},"product_brand":[],"product_cat":[50],"product_tag":[16603],"flavours":[196],"nicotine":[226,233],"class_list":{"0":"post-8086","1":"product","2":"type-product","3":"status-publish","4":"has-post-thumbnail","6":"product_cat-iceberg","7":"product_tag-35-mg-pouch","8":"pa_quantity-1-pack","9":"pa_quantity-10-pack","10":"pa_quantity-3-pack","11":"pa_quantity-30-pack","12":"pa_quantity-5-pack","13":"pa_quantity-60-pack","14":"flavours-fruits-berries","15":"format-slim","16":"nicotine-50-mg-g","17":"nicotine-extreme","19":"first","20":"instock","21":"taxable","22":"shipping-taxable","23":"purchasable","24":"product-type-variable"},"acf":[],"_links":{"self":[{"href":"https:\/\/whitelip.com\/sk\/wp-json\/wp\/v2\/product\/8086","targetHints":{"allow":["GET"]}}],"collection":[{"href":"https:\/\/whitelip.com\/sk\/wp-json\/wp\/v2\/product"}],"about":[{"href":"https:\/\/whitelip.com\/sk\/wp-json\/wp\/v2\/types\/product"}],"replies":[{"embeddable":true,"href":"https:\/\/whitelip.com\/sk\/wp-json\/wp\/v2\/comments?post=8086"}],"wp:featuredmedia":[{"embeddable":true,"href":"https:\/\/whitelip.com\/sk\/wp-json\/wp\/v2\/media\/8087"}],"wp:attachment":[{"href":"https:\/\/whitelip.com\/sk\/wp-json\/wp\/v2\/media?parent=8086"}],"wp:term":[{"taxonomy":"product_brand","embeddable":true,"href":"https:\/\/whitelip.com\/sk\/wp-json\/wp\/v2\/product_brand?post=8086"},{"taxonomy":"product_cat","embeddable":true,"href":"https:\/\/whitelip.com\/sk\/wp-json\/wp\/v2\/product_cat?post=8086"},{"taxonomy":"product_tag","embeddable":true,"href":"https:\/\/whitelip.com\/sk\/wp-json\/wp\/v2\/product_tag?post=8086"},{"taxonomy":"flavours","embeddable":true,"href":"https:\/\/whitelip.com\/sk\/wp-json\/wp\/v2\/flavours?post=8086"},{"taxonomy":"format","embeddable":true,"href":"https:\/\/whitelip.com\/sk\/wp-json\/wp\/v2\/format?post=8086"},{"taxonomy":"nicotine","embeddable":true,"href":"https:\/\/whitelip.com\/sk\/wp-json\/wp\/v2\/nicotine?post=8086"}],"curies":[{"name":"wp","href":"https:\/\/api.w.org\/{rel}","templated":true}]}}