{"id":8084,"date":"2024-11-28T12:36:55","date_gmt":"2024-11-28T12:36:55","guid":{"rendered":"https:\/\/whitelip.com\/iceberg-energy-extreme\/"},"modified":"2026-04-16T11:02:20","modified_gmt":"2026-04-16T11:02:20","slug":"iceberg-energy-extreme","status":"publish","type":"product","link":"https:\/\/whitelip.com\/sk\/iceberg\/iceberg-energy-extreme\/","title":{"rendered":"ICEBERG Energy Extreme"},"content":{"rendered":"<h2><b>ICEBERG Energy Extreme<\/b><\/h2>\n<p><span style=\"font-weight: 400;\">Nikot\u00ednov\u00e9 vrec\u00fa\u0161ka ICEBERG Energy Extreme prin\u00e1\u0161aj\u00fa v\u00fdrazn\u00fa, energizuj\u00facu chu\u0165 in\u0161pirovan\u00fa popul\u00e1rnymi energetick\u00fdmi n\u00e1pojmi v kombin\u00e1cii s intenz\u00edvnou silou nikot\u00ednu. Tieto tenk\u00e9 vrec\u00fa\u0161ka bez tabaku s\u00fa ide\u00e1lne pre sk\u00fasen\u00fdch u\u017e\u00edvate\u013eov, ktor\u00ed h\u013eadaj\u00fa siln\u00fa a osvie\u017euj\u00facu mo\u017enos\u0165, ako zosta\u0165 v strehu a s\u00fastreden\u00ed. Vrec\u00fa\u0161ka ICEBERG Energy Extreme s\u00fa navrhnut\u00e9 na diskr\u00e9tne a pohodln\u00e9 pou\u017e\u00edvanie a pon\u00fakaj\u00fa \u010dist\u00fd a neporiadny sp\u00f4sob, ako si vychutna\u0165 nikot\u00edn s jedine\u010dn\u00fdm a povzbudzuj\u00facim chu\u0165ov\u00fdm profilom.<\/span><\/p>\n<table>\n<tbody>\n<tr>\n<td><b>Atrib\u00fat<\/b><\/td>\n<td><b>Podrobnosti<\/b><\/td>\n<\/tr>\n<tr>\n<td><span style=\"font-weight: 400;\">Obsah na plechovku<\/span><\/td>\n<td><span style=\"font-weight: 400;\">12 g (20 vrec\u00fa\u0161ok)<\/span><\/td>\n<\/tr>\n<tr>\n<td><span style=\"font-weight: 400;\">Obsah nikot\u00ednu<\/span><\/td>\n<td><span style=\"font-weight: 400;\">50 mg\/g (35 mg na vrecko)<\/span><\/td>\n<\/tr>\n<tr>\n<td><span style=\"font-weight: 400;\">Form\u00e1t vrecka<\/span><\/td>\n<td><span style=\"font-weight: 400;\">Slim<\/span><\/td>\n<\/tr>\n<tr>\n<td><span style=\"font-weight: 400;\">V\u00fdrobca<\/span><\/td>\n<td><span style=\"font-weight: 400;\">ICEBERG<\/span><\/td>\n<\/tr>\n<tr>\n<td><span style=\"font-weight: 400;\">Pr\u00edchu\u0165<\/span><\/td>\n<td><span style=\"font-weight: 400;\">Energetick\u00fd n\u00e1poj<\/span><\/td>\n<\/tr>\n<tr>\n<td><span style=\"font-weight: 400;\">Typ<\/span><\/td>\n<td><span style=\"font-weight: 400;\">Celobiele vrecko, bez tabaku<\/span><\/td>\n<\/tr>\n<\/tbody>\n<\/table>\n<p>\u00a0<\/p>","protected":false},"excerpt":{"rendered":"<p>ICEBERG Energy pon\u00faka odv\u00e1\u017eny <strong data-start=\"29\" data-end=\"45\">energetick\u00fd n\u00e1poj<\/strong> s osvie\u017euj\u00facou, energizuj\u00facou chu\u0165ou. <strong data-start=\"89\" data-end=\"97\">Slim<\/strong> vrec\u00fa\u0161ka bez tabaku diskr\u00e9tne sedia pod perou bez zafarbenia. Ka\u017ed\u00e9 vrecko obsahuje <strong data-start=\"186\" data-end=\"204\">35 mg nikot\u00ednu<\/strong>, a prin\u00e1\u0161a siln\u00fd, osvie\u017euj\u00faci z\u00e1sah. Produkoval Neoptolem v Po\u013esku.<\/p>","protected":false},"featured_media":8085,"comment_status":"open","ping_status":"closed","template":"","format":[206],"meta":{"_acf_changed":false},"product_brand":[],"product_cat":[50],"product_tag":[16603],"flavours":[194],"nicotine":[226,233],"class_list":{"0":"post-8084","1":"product","2":"type-product","3":"status-publish","4":"has-post-thumbnail","6":"product_cat-iceberg","7":"product_tag-35-mg-pouch","8":"pa_quantity-1-pack","9":"pa_quantity-10-pack","10":"pa_quantity-3-pack","11":"pa_quantity-30-pack","12":"pa_quantity-5-pack","13":"pa_quantity-60-pack","14":"flavours-energy-drink","15":"format-slim","16":"nicotine-50-mg-g","17":"nicotine-extreme","19":"first","20":"instock","21":"taxable","22":"shipping-taxable","23":"purchasable","24":"product-type-variable"},"acf":[],"_links":{"self":[{"href":"https:\/\/whitelip.com\/sk\/wp-json\/wp\/v2\/product\/8084","targetHints":{"allow":["GET"]}}],"collection":[{"href":"https:\/\/whitelip.com\/sk\/wp-json\/wp\/v2\/product"}],"about":[{"href":"https:\/\/whitelip.com\/sk\/wp-json\/wp\/v2\/types\/product"}],"replies":[{"embeddable":true,"href":"https:\/\/whitelip.com\/sk\/wp-json\/wp\/v2\/comments?post=8084"}],"wp:featuredmedia":[{"embeddable":true,"href":"https:\/\/whitelip.com\/sk\/wp-json\/wp\/v2\/media\/8085"}],"wp:attachment":[{"href":"https:\/\/whitelip.com\/sk\/wp-json\/wp\/v2\/media?parent=8084"}],"wp:term":[{"taxonomy":"product_brand","embeddable":true,"href":"https:\/\/whitelip.com\/sk\/wp-json\/wp\/v2\/product_brand?post=8084"},{"taxonomy":"product_cat","embeddable":true,"href":"https:\/\/whitelip.com\/sk\/wp-json\/wp\/v2\/product_cat?post=8084"},{"taxonomy":"product_tag","embeddable":true,"href":"https:\/\/whitelip.com\/sk\/wp-json\/wp\/v2\/product_tag?post=8084"},{"taxonomy":"flavours","embeddable":true,"href":"https:\/\/whitelip.com\/sk\/wp-json\/wp\/v2\/flavours?post=8084"},{"taxonomy":"format","embeddable":true,"href":"https:\/\/whitelip.com\/sk\/wp-json\/wp\/v2\/format?post=8084"},{"taxonomy":"nicotine","embeddable":true,"href":"https:\/\/whitelip.com\/sk\/wp-json\/wp\/v2\/nicotine?post=8084"}],"curies":[{"name":"wp","href":"https:\/\/api.w.org\/{rel}","templated":true}]}}