{"id":8082,"date":"2024-11-28T12:36:54","date_gmt":"2024-11-28T12:36:54","guid":{"rendered":"https:\/\/whitelip.com\/siberia-80-all-white-mini\/"},"modified":"2026-04-29T10:11:31","modified_gmt":"2026-04-29T10:11:31","slug":"siberia-80-all-white-mini","status":"publish","type":"product","link":"https:\/\/whitelip.com\/sk\/siberia\/siberia-80-all-white-mini\/","title":{"rendered":"Siberia -80 All White Mini"},"content":{"rendered":"<h2><b>Siberia -80 All White Mini<\/b><\/h2>\n<p><span style=\"font-weight: 400;\">Siberia -80 All White Mini je jedno z najsilnej\u0161\u00edch nikot\u00ednov\u00fdch vrec\u00fa\u0161ok na trhu, ur\u010den\u00e9 pre sk\u00fasen\u00fdch u\u017e\u00edvate\u013eov, ktor\u00ed h\u013eadaj\u00fa intenz\u00edvny nikot\u00ednov\u00fd z\u00e1\u017eitok. Tieto diskr\u00e9tne mini porcie s osvie\u017euj\u00facou m\u00e4tovou pr\u00edchu\u0165ou, ktor\u00e1 kombinuje \u013eadov\u00fd mentol a pr\u00edrodn\u00fa m\u00e4tu pieporn\u00fa, poskytuj\u00fa siln\u00fd a uspokojuj\u00faci z\u00e1sah. V\u010faka kompaktnej ve\u013ekosti sa \u013eahko pou\u017e\u00edvaj\u00fa na cest\u00e1ch, zatia\u013e \u010do v\u00fdrazn\u00fd chu\u0165ov\u00fd profil zaru\u010duje svie\u017ei a povzbudzuj\u00faci pocit pri ka\u017edom vrec\u00fa\u0161ku. Siberia -80 All White Mini je vytvoren\u00e1 tak, aby sp\u013a\u0148ala potreby t\u00fdch, ktor\u00ed vy\u017eaduj\u00fa silu aj osvie\u017euj\u00faci kopanec v diskr\u00e9tnom form\u00e1te.<\/span><\/p>\n<table>\n<tbody>\n<tr>\n<td><b>Atrib\u00fat<\/b><\/td>\n<td><b>Podrobnosti<\/b><\/td>\n<\/tr>\n<tr>\n<td><span style=\"font-weight: 400;\">Zna\u010dka<\/span><\/td>\n<td><span style=\"font-weight: 400;\">Sib\u00edr<\/span><\/td>\n<\/tr>\n<tr>\n<td><span style=\"font-weight: 400;\">Typ v\u00fdrobku<\/span><\/td>\n<td><span style=\"font-weight: 400;\">V\u0161etky biele nikot\u00ednov\u00e9 vreck\u00e1<\/span><\/td>\n<\/tr>\n<tr>\n<td><span style=\"font-weight: 400;\">Form\u00e1t<\/span><\/td>\n<td><span style=\"font-weight: 400;\">Mini<\/span><\/td>\n<\/tr>\n<tr>\n<td><span style=\"font-weight: 400;\">Pr\u00edchu\u0165<\/span><\/td>\n<td><span style=\"font-weight: 400;\">M\u00e4ta (\u013eadov\u00fd mentol a pr\u00edrodn\u00e1 m\u00e4ta pieporn\u00e1)<\/span><\/td>\n<\/tr>\n<tr>\n<td><span style=\"font-weight: 400;\">Sila nikot\u00ednu<\/span><\/td>\n<td><span style=\"font-weight: 400;\">33 mg\/g<\/span><\/td>\n<\/tr>\n<tr>\n<td><span style=\"font-weight: 400;\">Hmotnos\u0165 porcie<\/span><\/td>\n<td><span style=\"font-weight: 400;\">0,56 gramu<\/span><\/td>\n<\/tr>\n<tr>\n<td><span style=\"font-weight: 400;\">Po\u010det porci\u00ed<\/span><\/td>\n<td><span style=\"font-weight: 400;\">20 za plechovku<\/span><\/td>\n<\/tr>\n<tr>\n<td><span style=\"font-weight: 400;\">V\u00fdrobca<\/span><\/td>\n<td><span style=\"font-weight: 400;\">SIBERIA<\/span><\/td>\n<\/tr>\n<tr>\n<td><span style=\"font-weight: 400;\">Pozoruhodn\u00e9 funkcie<\/span><\/td>\n<td><span style=\"font-weight: 400;\">Bez tabaku, diskr\u00e9tne miniporcie, vlhk\u00fd obsah pre r\u00fdchle uvo\u013e\u0148ovanie<\/span><\/td>\n<\/tr>\n<\/tbody>\n<\/table>","protected":false},"excerpt":{"rendered":"<p>Siberia -80 All White Mini nikot\u00ednov\u00e9 vrec\u00fa\u0161ka poskytuj\u00fa siln\u00fd <strong data-start=\"63\" data-end=\"94\">M\u00e4ta (mentol a m\u00e4ta pieporn\u00e1)<\/strong> v kompaktnom, diskr\u00e9tnom form\u00e1te pre svie\u017ei, osvie\u017euj\u00faci hit na cest\u00e1ch. Porcie bez tabaku sa pohodlne zmestia pod pery pre \u010dist\u00e9 a siln\u00e9 uvo\u013enenie.<\/p>","protected":false},"featured_media":8083,"comment_status":"open","ping_status":"closed","template":"","format":[205],"meta":{"_acf_changed":false},"product_brand":[],"product_cat":[61],"product_tag":[17001],"flavours":[199],"nicotine":[222,233],"class_list":{"0":"post-8082","1":"product","2":"type-product","3":"status-publish","4":"has-post-thumbnail","6":"product_cat-siberia","7":"product_tag-21-5-mg-pouch","8":"pa_quantity-1-pack","9":"pa_quantity-10-pack","10":"pa_quantity-3-pack","11":"pa_quantity-30-pack","12":"pa_quantity-5-pack","13":"pa_quantity-60-pack","14":"flavours-mint","15":"format-mini","16":"nicotine-33-mg-g","17":"nicotine-extreme","19":"first","20":"outofstock","21":"taxable","22":"shipping-taxable","23":"purchasable","24":"product-type-variable"},"acf":[],"_links":{"self":[{"href":"https:\/\/whitelip.com\/sk\/wp-json\/wp\/v2\/product\/8082","targetHints":{"allow":["GET"]}}],"collection":[{"href":"https:\/\/whitelip.com\/sk\/wp-json\/wp\/v2\/product"}],"about":[{"href":"https:\/\/whitelip.com\/sk\/wp-json\/wp\/v2\/types\/product"}],"replies":[{"embeddable":true,"href":"https:\/\/whitelip.com\/sk\/wp-json\/wp\/v2\/comments?post=8082"}],"wp:featuredmedia":[{"embeddable":true,"href":"https:\/\/whitelip.com\/sk\/wp-json\/wp\/v2\/media\/8083"}],"wp:attachment":[{"href":"https:\/\/whitelip.com\/sk\/wp-json\/wp\/v2\/media?parent=8082"}],"wp:term":[{"taxonomy":"product_brand","embeddable":true,"href":"https:\/\/whitelip.com\/sk\/wp-json\/wp\/v2\/product_brand?post=8082"},{"taxonomy":"product_cat","embeddable":true,"href":"https:\/\/whitelip.com\/sk\/wp-json\/wp\/v2\/product_cat?post=8082"},{"taxonomy":"product_tag","embeddable":true,"href":"https:\/\/whitelip.com\/sk\/wp-json\/wp\/v2\/product_tag?post=8082"},{"taxonomy":"flavours","embeddable":true,"href":"https:\/\/whitelip.com\/sk\/wp-json\/wp\/v2\/flavours?post=8082"},{"taxonomy":"format","embeddable":true,"href":"https:\/\/whitelip.com\/sk\/wp-json\/wp\/v2\/format?post=8082"},{"taxonomy":"nicotine","embeddable":true,"href":"https:\/\/whitelip.com\/sk\/wp-json\/wp\/v2\/nicotine?post=8082"}],"curies":[{"name":"wp","href":"https:\/\/api.w.org\/{rel}","templated":true}]}}