{"id":8080,"date":"2024-11-28T12:36:53","date_gmt":"2024-11-28T12:36:53","guid":{"rendered":"https:\/\/whitelip.com\/lundgrens-fjallskog\/"},"modified":"2026-04-17T11:36:13","modified_gmt":"2026-04-17T11:36:13","slug":"lundgrens-fjallskog","status":"publish","type":"product","link":"https:\/\/whitelip.com\/sk\/lundgrens\/lundgrens-fjallskog\/","title":{"rendered":"LUNDGRENS Fj\u00e4llskog"},"content":{"rendered":"<h2><b>LUNDGRENS Fj\u00e4llskog<\/b><\/h2>\n<p><span style=\"font-weight: 400;\">Nikot\u00ednov\u00e9 vrec\u00fa\u0161ka LUNDGRENS Fj\u00e4llskog o\u017eivuj\u00fa esenciu \u0161v\u00e9dskej divo\u010diny a pon\u00fakaj\u00fa chu\u0165ov\u00fd profil in\u0161pirovan\u00fd horsk\u00fdmi lesmi s n\u00e1dychom borovice a \u010derstv\u00fdch byliniek. Tieto tenk\u00e9, \u00faplne biele vrec\u00fa\u0161ka poskytuj\u00fa diskr\u00e9tne a pohodln\u00e9 ulo\u017eenie pod perou a zabezpe\u010duj\u00fa \u010dist\u00e9 a dlhotrvaj\u00face uvo\u013e\u0148ovanie chuti a nikot\u00ednu. LUNDGRENS Fj\u00e4llskog je ide\u00e1lny pre t\u00fdch, ktor\u00ed maj\u00fa radi pr\u00edchute in\u0161pirovan\u00e9 pr\u00edrodou, a prin\u00e1\u0161a vyv\u00e1\u017een\u00fd nikot\u00ednov\u00fd z\u00e1\u017eitok bez zafarbenia zubov.<\/span><\/p>\n<table>\n<tbody>\n<tr>\n<td><b>Atrib\u00fat<\/b><\/td>\n<td><b>Podrobnosti<\/b><\/td>\n<\/tr>\n<tr>\n<td><span style=\"font-weight: 400;\">Obsah na plechovku<\/span><\/td>\n<td><span style=\"font-weight: 400;\">21.6g<\/span><\/td>\n<\/tr>\n<tr>\n<td><span style=\"font-weight: 400;\">Obsah nikot\u00ednu<\/span><\/td>\n<td><span style=\"font-weight: 400;\">10 mg\/g (8 mg na vrecko)<\/span><\/td>\n<\/tr>\n<tr>\n<td><span style=\"font-weight: 400;\">Form\u00e1t vrecka<\/span><\/td>\n<td><span style=\"font-weight: 400;\">Slim<\/span><\/td>\n<\/tr>\n<tr>\n<td><span style=\"font-weight: 400;\">V\u00fdrobca<\/span><\/td>\n<td><span style=\"font-weight: 400;\">Fiedler &amp; Lundgren<\/span><\/td>\n<\/tr>\n<tr>\n<td><span style=\"font-weight: 400;\">Pr\u00edchu\u0165<\/span><\/td>\n<td><span style=\"font-weight: 400;\">Borovica a \u010derstv\u00e9 bylinky<\/span><\/td>\n<\/tr>\n<tr>\n<td><span style=\"font-weight: 400;\">Typ<\/span><\/td>\n<td><span style=\"font-weight: 400;\">Celobiele vrecko, bez tabaku<\/span><\/td>\n<\/tr>\n<\/tbody>\n<\/table>","protected":false},"excerpt":{"rendered":"<p>Lundgrens Fj\u00e4llskog <strong data-start=\"20\" data-end=\"78\">borovica a \u010derstv\u00e9 bylinky <\/strong>t\u00f3ny in\u0161pirovan\u00e9 horsk\u00fdmi lesmi prin\u00e1\u0161aj\u00fa osvie\u017euj\u00faci profil in\u0161pirovan\u00fd pr\u00edrodou. <strong>Slim<\/strong>, \u00faplne biele vrec\u00fa\u0161ka sa diskr\u00e9tne umiestnia pod pery, \u010d\u00edm sa dosiahne \u010dist\u00e9 a dlhotrvaj\u00face uvo\u013e\u0148ovanie chuti a nikot\u00ednu, ktor\u00e9 poskytuje vyv\u00e1\u017een\u00fd z\u00e1\u017eitok bez zafarbenia zubov.<\/p>","protected":false},"featured_media":2939,"comment_status":"open","ping_status":"closed","template":"","format":[204],"meta":{"_acf_changed":false},"product_brand":[],"product_cat":[59],"product_tag":[16583],"flavours":[196,198],"nicotine":[207,236],"class_list":{"0":"post-8080","1":"product","2":"type-product","3":"status-publish","4":"has-post-thumbnail","6":"product_cat-lundgrens","7":"product_tag-8-mg-pouch","8":"pa_quantity-1-pack","9":"pa_quantity-10-pack","10":"pa_quantity-3-pack","11":"pa_quantity-30-pack","12":"pa_quantity-5-pack","13":"pa_quantity-60-pack","14":"flavours-fruits-berries","15":"flavours-licorice","16":"format-large","17":"nicotine-10-mg-g","18":"nicotine-strong","20":"first","21":"outofstock","22":"taxable","23":"shipping-taxable","24":"purchasable","25":"product-type-variable"},"acf":[],"_links":{"self":[{"href":"https:\/\/whitelip.com\/sk\/wp-json\/wp\/v2\/product\/8080","targetHints":{"allow":["GET"]}}],"collection":[{"href":"https:\/\/whitelip.com\/sk\/wp-json\/wp\/v2\/product"}],"about":[{"href":"https:\/\/whitelip.com\/sk\/wp-json\/wp\/v2\/types\/product"}],"replies":[{"embeddable":true,"href":"https:\/\/whitelip.com\/sk\/wp-json\/wp\/v2\/comments?post=8080"}],"wp:featuredmedia":[{"embeddable":true,"href":"https:\/\/whitelip.com\/sk\/wp-json\/wp\/v2\/media\/2939"}],"wp:attachment":[{"href":"https:\/\/whitelip.com\/sk\/wp-json\/wp\/v2\/media?parent=8080"}],"wp:term":[{"taxonomy":"product_brand","embeddable":true,"href":"https:\/\/whitelip.com\/sk\/wp-json\/wp\/v2\/product_brand?post=8080"},{"taxonomy":"product_cat","embeddable":true,"href":"https:\/\/whitelip.com\/sk\/wp-json\/wp\/v2\/product_cat?post=8080"},{"taxonomy":"product_tag","embeddable":true,"href":"https:\/\/whitelip.com\/sk\/wp-json\/wp\/v2\/product_tag?post=8080"},{"taxonomy":"flavours","embeddable":true,"href":"https:\/\/whitelip.com\/sk\/wp-json\/wp\/v2\/flavours?post=8080"},{"taxonomy":"format","embeddable":true,"href":"https:\/\/whitelip.com\/sk\/wp-json\/wp\/v2\/format?post=8080"},{"taxonomy":"nicotine","embeddable":true,"href":"https:\/\/whitelip.com\/sk\/wp-json\/wp\/v2\/nicotine?post=8080"}],"curies":[{"name":"wp","href":"https:\/\/api.w.org\/{rel}","templated":true}]}}