{"id":8060,"date":"2024-11-28T12:36:30","date_gmt":"2024-11-28T12:36:30","guid":{"rendered":"https:\/\/whitelip.com\/iceberg-grape-extreme\/"},"modified":"2026-04-21T18:02:03","modified_gmt":"2026-04-21T18:02:03","slug":"iceberg-grape-extreme","status":"publish","type":"product","link":"https:\/\/whitelip.com\/sk\/iceberg\/iceberg-grape-extreme\/","title":{"rendered":"ICEBERG Grape Extreme"},"content":{"rendered":"<h2><b>ICEBERG Grape Extreme<\/b><\/h2>\n<p><span style=\"font-weight: 400;\">Nikot\u00ednov\u00e9 vrec\u00fa\u0161ka ICEBERG Grape Extreme prin\u00e1\u0161aj\u00fa v\u00fdrazn\u00fa a \u0161\u0165avnat\u00fa pr\u00edchu\u0165 hrozna s intenz\u00edvnym nikot\u00ednov\u00fdm n\u00e1bojom, tak\u017ee s\u00fa ide\u00e1lne pre sk\u00fasen\u00fdch u\u017e\u00edvate\u013eov. Bohat\u00e1 ovocn\u00e1 chu\u0165 je osvie\u017euj\u00faca a z\u00e1rove\u0148 uspokojuj\u00faca a predstavuje aromatick\u00fa alternat\u00edvu k tradi\u010dn\u00fdm nikot\u00ednov\u00fdm v\u00fdrobkom. Tieto tenk\u00e9 vrec\u00fa\u0161ka bez tabaku s\u00fa navrhnut\u00e9 na diskr\u00e9tne a pohodln\u00e9 pou\u017e\u00edvanie, v\u010faka \u010domu si m\u00f4\u017eete vychutna\u0165 siln\u00fd a ovocn\u00fd nikot\u00ednov\u00fd z\u00e1\u017eitok, nech ste kdeko\u013evek.<\/span><\/p>\n<table>\n<tbody>\n<tr>\n<td><b>Atrib\u00fat<\/b><\/td>\n<td><b>Podrobnosti<\/b><\/td>\n<\/tr>\n<tr>\n<td><span style=\"font-weight: 400;\">Obsah na plechovku<\/span><\/td>\n<td><span style=\"font-weight: 400;\">12 g (20 vrec\u00fa\u0161ok)<\/span><\/td>\n<\/tr>\n<tr>\n<td><span style=\"font-weight: 400;\">Obsah nikot\u00ednu<\/span><\/td>\n<td><span style=\"font-weight: 400;\">50 mg\/g (35 mg na vrecko)<\/span><\/td>\n<\/tr>\n<tr>\n<td><span style=\"font-weight: 400;\">Form\u00e1t vrecka<\/span><\/td>\n<td><span style=\"font-weight: 400;\">Slim<\/span><\/td>\n<\/tr>\n<tr>\n<td><span style=\"font-weight: 400;\">V\u00fdrobca<\/span><\/td>\n<td><span style=\"font-weight: 400;\">ICEBERG<\/span><\/td>\n<\/tr>\n<tr>\n<td><span style=\"font-weight: 400;\">Pr\u00edchu\u0165<\/span><\/td>\n<td><span style=\"font-weight: 400;\">Hrozno<\/span><\/td>\n<\/tr>\n<tr>\n<td><span style=\"font-weight: 400;\">Typ<\/span><\/td>\n<td><span style=\"font-weight: 400;\">Celobiele vrecko, bez tabaku<\/span><\/td>\n<\/tr>\n<\/tbody>\n<\/table>\n<p>\u00a0<\/p>","protected":false},"excerpt":{"rendered":"<p>ICEBERG Grape pon\u00faka v\u00fdrazn\u00fa, \u0161\u0165avnat\u00fa <strong data-start=\"35\" data-end=\"44\">hrozno<\/strong> osvie\u017euj\u00facu a uspokojuj\u00facu chu\u0165. <strong data-start=\"86\" data-end=\"94\">Slim<\/strong> vrec\u00fa\u0161ka bez tabaku sa diskr\u00e9tne umiestnia pod pery na pohodln\u00e9 pou\u017e\u00edvanie. Ka\u017ed\u00e9 vrecko obsahuje <strong data-start=\"185\" data-end=\"203\">35 mg nikot\u00ednu<\/strong>, \u010do prin\u00e1\u0161a intenz\u00edvny z\u00e1sah pre sk\u00fasen\u00fdch pou\u017e\u00edvate\u013eov.<\/p>","protected":false},"featured_media":8061,"comment_status":"open","ping_status":"closed","template":"","format":[206],"meta":{"_acf_changed":false},"product_brand":[],"product_cat":[50],"product_tag":[16603],"flavours":[196],"nicotine":[226,233],"class_list":{"0":"post-8060","1":"product","2":"type-product","3":"status-publish","4":"has-post-thumbnail","6":"product_cat-iceberg","7":"product_tag-35-mg-pouch","8":"pa_quantity-1-pack","9":"pa_quantity-10-pack","10":"pa_quantity-3-pack","11":"pa_quantity-30-pack","12":"pa_quantity-5-pack","13":"pa_quantity-60-pack","14":"flavours-fruits-berries","15":"format-slim","16":"nicotine-50-mg-g","17":"nicotine-extreme","19":"first","20":"instock","21":"taxable","22":"shipping-taxable","23":"purchasable","24":"product-type-variable"},"acf":[],"_links":{"self":[{"href":"https:\/\/whitelip.com\/sk\/wp-json\/wp\/v2\/product\/8060","targetHints":{"allow":["GET"]}}],"collection":[{"href":"https:\/\/whitelip.com\/sk\/wp-json\/wp\/v2\/product"}],"about":[{"href":"https:\/\/whitelip.com\/sk\/wp-json\/wp\/v2\/types\/product"}],"replies":[{"embeddable":true,"href":"https:\/\/whitelip.com\/sk\/wp-json\/wp\/v2\/comments?post=8060"}],"wp:featuredmedia":[{"embeddable":true,"href":"https:\/\/whitelip.com\/sk\/wp-json\/wp\/v2\/media\/8061"}],"wp:attachment":[{"href":"https:\/\/whitelip.com\/sk\/wp-json\/wp\/v2\/media?parent=8060"}],"wp:term":[{"taxonomy":"product_brand","embeddable":true,"href":"https:\/\/whitelip.com\/sk\/wp-json\/wp\/v2\/product_brand?post=8060"},{"taxonomy":"product_cat","embeddable":true,"href":"https:\/\/whitelip.com\/sk\/wp-json\/wp\/v2\/product_cat?post=8060"},{"taxonomy":"product_tag","embeddable":true,"href":"https:\/\/whitelip.com\/sk\/wp-json\/wp\/v2\/product_tag?post=8060"},{"taxonomy":"flavours","embeddable":true,"href":"https:\/\/whitelip.com\/sk\/wp-json\/wp\/v2\/flavours?post=8060"},{"taxonomy":"format","embeddable":true,"href":"https:\/\/whitelip.com\/sk\/wp-json\/wp\/v2\/format?post=8060"},{"taxonomy":"nicotine","embeddable":true,"href":"https:\/\/whitelip.com\/sk\/wp-json\/wp\/v2\/nicotine?post=8060"}],"curies":[{"name":"wp","href":"https:\/\/api.w.org\/{rel}","templated":true}]}}