{"id":8058,"date":"2024-12-20T19:39:04","date_gmt":"2024-12-20T19:39:04","guid":{"rendered":"https:\/\/whitelip.com\/velo-freezing-peppermint-ultra\/"},"modified":"2026-04-30T10:11:17","modified_gmt":"2026-04-30T10:11:17","slug":"velo-freezing-peppermint-ultra","status":"publish","type":"product","link":"https:\/\/whitelip.com\/sk\/velo\/velo-freezing-peppermint-ultra\/","title":{"rendered":"VELO Mrazenie m\u00e4ty piepornej Ultra"},"content":{"rendered":"<h2><strong>VELO Mrazenie m\u00e4ty piepornej Ultra<\/strong><\/h2>\n<p><span style=\"font-weight: 400;\">VELO Freezing Peppermint Ultra prin\u00e1\u0161a intenz\u00edvny a osvie\u017euj\u00faci z\u00e1\u017eitok z m\u00e4ty, kombinuje chladivos\u0165 m\u00e4ty piepornej s n\u00e1dychom mentolu. Tieto tenk\u00e9, \u00faplne biele nikot\u00ednov\u00e9 vrec\u00fa\u0161ka s\u00fa navrhnut\u00e9 na diskr\u00e9tne a pohodln\u00e9 pou\u017e\u00edvanie, bez probl\u00e9mov sa zmestia pod pery bez toho, aby boli n\u00e1padn\u00e9. Vysok\u00e1 sila nikot\u00ednu 14 mg na vrec\u00fa\u0161ko zaru\u010duje siln\u00fd a uspokojuj\u00faci z\u00e1\u017eitok pre t\u00fdch, ktor\u00ed h\u013eadaj\u00fa silnej\u0161\u00ed nikot\u00ednov\u00fd n\u00e1boj. Bez tabaku a s vyu\u017eit\u00edm vysokokvalitn\u00fdch rastlinn\u00fdch vl\u00e1kien pon\u00faka VELO Freezing Peppermint Ultra \u010dist\u00fa a pr\u00edjemn\u00fa alternat\u00edvu k tradi\u010dn\u00fdm v\u00fdrobkom.<\/span><\/p>\n<table>\n<tbody>\n<tr>\n<td><b>Atrib\u00fat<\/b><\/td>\n<td><b>Podrobnosti<\/b><\/td>\n<\/tr>\n<tr>\n<td><span style=\"font-weight: 400;\">Zna\u010dka<\/span><\/td>\n<td><span style=\"font-weight: 400;\">VELO<\/span><\/td>\n<\/tr>\n<tr>\n<td><span style=\"font-weight: 400;\">Typ v\u00fdrobku<\/span><\/td>\n<td><span style=\"font-weight: 400;\">V\u0161etky biele nikot\u00ednov\u00e9 vreck\u00e1<\/span><\/td>\n<\/tr>\n<tr>\n<td><span style=\"font-weight: 400;\">Form\u00e1t<\/span><\/td>\n<td><span style=\"font-weight: 400;\">Slim<\/span><\/td>\n<\/tr>\n<tr>\n<td><span style=\"font-weight: 400;\">Pr\u00edchu\u0165<\/span><\/td>\n<td><span style=\"font-weight: 400;\">M\u00e4ta pieporn\u00e1 s n\u00e1dychom mentolu<\/span><\/td>\n<\/tr>\n<tr>\n<td><span style=\"font-weight: 400;\">Sila nikot\u00ednu<\/span><\/td>\n<td><span style=\"font-weight: 400;\">14 mg na vrecko (20 mg\/g)<\/span><\/td>\n<\/tr>\n<tr>\n<td><span style=\"font-weight: 400;\">Hmotnos\u0165 porcie<\/span><\/td>\n<td><span style=\"font-weight: 400;\">0,7 gramu<\/span><\/td>\n<\/tr>\n<tr>\n<td><span style=\"font-weight: 400;\">Po\u010det porci\u00ed<\/span><\/td>\n<td><span style=\"font-weight: 400;\">20 za plechovku<\/span><\/td>\n<\/tr>\n<tr>\n<td><span style=\"font-weight: 400;\">Celkov\u00e1 hmotnos\u0165 plechovky<\/span><\/td>\n<td><span style=\"font-weight: 400;\">14 gramov<\/span><\/td>\n<\/tr>\n<tr>\n<td><span style=\"font-weight: 400;\">V\u00fdrobca<\/span><\/td>\n<td><span style=\"font-weight: 400;\">BAT<\/span><\/td>\n<\/tr>\n<tr>\n<td><span style=\"font-weight: 400;\">Pozoruhodn\u00e9 funkcie<\/span><\/td>\n<td><span style=\"font-weight: 400;\">Bez tabaku, diskr\u00e9tne tenk\u00e9 porcie, vysok\u00e1 nikot\u00ednov\u00e1 sila<\/span><\/td>\n<\/tr>\n<\/tbody>\n<\/table>","protected":false},"excerpt":{"rendered":"<p>VELO Mraziace vrec\u00fa\u0161ka s nikot\u00ednom Peppermint Ultra prin\u00e1\u0161aj\u00fa intenz\u00edvny <strong data-start=\"67\" data-end=\"89\">M\u00e4ta pieporn\u00e1 mentolov\u00e1<\/strong> chu\u0165 pre chladiv\u00fd, osvie\u017euj\u00faci z\u00e1\u017eitok. <strong data-start=\"134\" data-end=\"142\">Slim<\/strong>, \u00faplne biely form\u00e1t pre diskr\u00e9tne, pohodln\u00e9 pou\u017e\u00edvanie a \u010dist\u00e9 uvo\u013enenie. Ka\u017ed\u00e9 vrecko obsahuje <strong data-start=\"232\" data-end=\"250\">14 mg nikot\u00ednu<\/strong>.<\/p>","protected":false},"featured_media":8059,"comment_status":"open","ping_status":"closed","template":"","format":[206],"meta":{"_acf_changed":false},"product_brand":[],"product_cat":[48],"product_tag":[16581],"flavours":[199],"nicotine":[218,232],"class_list":{"0":"post-8058","1":"product","2":"type-product","3":"status-publish","4":"has-post-thumbnail","6":"product_cat-velo","7":"product_tag-14-mg-pouch","8":"pa_quantity-1-pack","9":"pa_quantity-10-pack","10":"pa_quantity-3-pack","11":"pa_quantity-30-pack","12":"pa_quantity-5-pack","13":"pa_quantity-60-pack","14":"flavours-mint","15":"format-slim","16":"nicotine-20-mg-g","17":"nicotine-extra-strong","19":"first","20":"instock","21":"taxable","22":"shipping-taxable","23":"purchasable","24":"product-type-variable"},"acf":[],"_links":{"self":[{"href":"https:\/\/whitelip.com\/sk\/wp-json\/wp\/v2\/product\/8058","targetHints":{"allow":["GET"]}}],"collection":[{"href":"https:\/\/whitelip.com\/sk\/wp-json\/wp\/v2\/product"}],"about":[{"href":"https:\/\/whitelip.com\/sk\/wp-json\/wp\/v2\/types\/product"}],"replies":[{"embeddable":true,"href":"https:\/\/whitelip.com\/sk\/wp-json\/wp\/v2\/comments?post=8058"}],"wp:featuredmedia":[{"embeddable":true,"href":"https:\/\/whitelip.com\/sk\/wp-json\/wp\/v2\/media\/8059"}],"wp:attachment":[{"href":"https:\/\/whitelip.com\/sk\/wp-json\/wp\/v2\/media?parent=8058"}],"wp:term":[{"taxonomy":"product_brand","embeddable":true,"href":"https:\/\/whitelip.com\/sk\/wp-json\/wp\/v2\/product_brand?post=8058"},{"taxonomy":"product_cat","embeddable":true,"href":"https:\/\/whitelip.com\/sk\/wp-json\/wp\/v2\/product_cat?post=8058"},{"taxonomy":"product_tag","embeddable":true,"href":"https:\/\/whitelip.com\/sk\/wp-json\/wp\/v2\/product_tag?post=8058"},{"taxonomy":"flavours","embeddable":true,"href":"https:\/\/whitelip.com\/sk\/wp-json\/wp\/v2\/flavours?post=8058"},{"taxonomy":"format","embeddable":true,"href":"https:\/\/whitelip.com\/sk\/wp-json\/wp\/v2\/format?post=8058"},{"taxonomy":"nicotine","embeddable":true,"href":"https:\/\/whitelip.com\/sk\/wp-json\/wp\/v2\/nicotine?post=8058"}],"curies":[{"name":"wp","href":"https:\/\/api.w.org\/{rel}","templated":true}]}}