{"id":8044,"date":"2024-12-20T19:39:03","date_gmt":"2024-12-20T19:39:03","guid":{"rendered":"https:\/\/whitelip.com\/velo-lime-flame\/"},"modified":"2026-04-15T12:20:10","modified_gmt":"2026-04-15T12:20:10","slug":"velo-lime-flame","status":"publish","type":"product","link":"https:\/\/whitelip.com\/sk\/velo\/velo-lime-flame\/","title":{"rendered":"VELO Lime Flame"},"content":{"rendered":"<h2><strong>VELO Lime Flame\u00a0<\/strong><\/h2>\n<p>VELO Lime Flame &#8211; Tieto diskr\u00e9tne vrec\u00fa\u0161ka kombinuj\u00fa vysokokvalitn\u00fa nikot\u00edn s intenz\u00edvnymi \u010derstv\u00fdmi pr\u00edchut\u0165ami jalape\u00f1o a limetky pre osvie\u017euj\u00facu a dlhodob\u00fa sk\u00fasenos\u0165. Vrec\u00fa\u0161ka s\u00fa dostupn\u00e9 v \u0161t\u00edhlom form\u00e1te s obsahom nikot\u00ednu 14,3 mg\/g.<\/p>\n<ul>\n<li>Chu\u0165: Jalape\u00f1o a limetka<\/li>\n<li>Form\u00e1t: Slim<\/li>\n<li>Nikot\u00edn: 14,3 mg\/g<\/li>\n<li>Vreck\u00e1: 20 ks<\/li>\n<li>Hmotnos\u0165: 14 g<\/li>\n<li>Zna\u010dka: <a href=\"https:\/\/whitelip.se\/en\/velo\/\" target=\"_blank\" rel=\"noopener\">VELO<\/a><\/li>\n<li>V\u00fdrobca: <a href=\"https:\/\/www.bat.com\/\" target=\"_blank\" rel=\"noopener\">BAT<\/a><\/li>\n<\/ul>\n<p><em><strong>O zna\u010dke: VELO<\/strong><\/em><\/p>\n<p>Objavte chu\u0165 a popularitu nikot\u00ednov\u00fdch vrec\u00fa\u0161ok VELO &#8211; svetovoved\u00faceho sortimentu, ktor\u00fd pon\u00faka v\u00fdnimo\u010dn\u00fa rozmanitos\u0165 pr\u00edchut\u00ed a pohodlie. V\u010faka jeho svetovej popularite a r\u00f4znym vzru\u0161uj\u00facim pr\u00edchutiam a obsahu nikot\u00ednu pon\u00faka VELO pohodln\u00e9 a diskr\u00e9tne rie\u0161enie na uspokojenie va\u0161ich potrieb nikot\u00ednu. Presk\u00famajte rozsiahly sortiment nikot\u00ednov\u00fdch vrec\u00fa\u0161ok VELO a zistite, pre\u010do je to jedna z najob\u013e\u00fabenej\u0161\u00edch volieb na svete pre pr\u00edjemn\u00fa a pohodln\u00fa sk\u00fasenos\u0165 s nikot\u00ednom kedyko\u013evek.<\/p>\n<p><em><strong>O str\u00e1nke Whitelip.se:\u00a0<\/strong><\/em><\/p>\n<p><span data-contrast=\"auto\">Vitajte na str\u00e1nke Whitelip.se, va\u0161ej kone\u010dnej destin\u00e1cii pre vysokokvalitn\u00e9 nikot\u00ednov\u00e9 vrec\u00fa\u0161ka. Presk\u00famajte n\u00e1\u0161 \u0161irok\u00fd sortiment v\u00fdrobkov navrhnut\u00fdch tak, aby uspokojili va\u0161e potreby v oblasti nikot\u00ednu, s pohodln\u00fdm doru\u010den\u00edm do Spojen\u00fdch \u0161t\u00e1tov a Eur\u00f3py a s mo\u017enos\u0165ou bezplatnej dopravy pri pokladni. Zv\u00fd\u0161te svoju spokojnos\u0165 s ka\u017ed\u00fdm n\u00e1kupom, preto\u017ee v\u00e1m prin\u00e1\u0161ame \u0161pi\u010dkov\u00e9 zna\u010dky a bezprobl\u00e9mov\u00e9 doru\u010denie a\u017e k va\u0161im dver\u00e1m. Za\u017eite maxim\u00e1lne pohodlie a prvotriednu kvalitu len na Whitelip.se. Nakupujte teraz a doprajte si p\u00f4\u017eitok z pr\u00e9miov\u00fdch nikot\u00ednov\u00fdch vrec\u00fa\u0161ok v celej bielej farbe.<\/span><\/p>","protected":false},"excerpt":{"rendered":"<p>VELO Nikot\u00ednov\u00e9 vrec\u00fa\u0161ka Lime Flame prin\u00e1\u0161aj\u00fa intenz\u00edvny, osvie\u017euj\u00faci <strong data-start=\"64\" data-end=\"83\">Jalape\u00f1o a limetka<\/strong> chu\u0165 pre dlhotrvaj\u00faci z\u00e1\u017eitok. <strong data-start=\"122\" data-end=\"130\">Slim<\/strong>, \u00faplne biely form\u00e1t na diskr\u00e9tne a pohodln\u00e9 pou\u017e\u00edvanie.<\/p>","protected":false},"featured_media":8045,"comment_status":"open","ping_status":"closed","template":"","format":[206],"meta":{"_acf_changed":false},"product_brand":[],"product_cat":[48],"product_tag":[16583],"flavours":[187],"nicotine":[211,232],"class_list":{"0":"post-8044","1":"product","2":"type-product","3":"status-publish","4":"has-post-thumbnail","6":"product_cat-velo","7":"product_tag-8-mg-pouch","8":"pa_quantity-1-pack","9":"pa_quantity-10-pack","10":"pa_quantity-3-pack","11":"pa_quantity-30-pack","12":"pa_quantity-5-pack","13":"pa_quantity-60-pack","14":"flavours-chili","15":"format-slim","16":"nicotine-14-mg-g","17":"nicotine-extra-strong","19":"first","20":"instock","21":"taxable","22":"shipping-taxable","23":"product-type-variable","24":"has-default-attributes"},"acf":[],"_links":{"self":[{"href":"https:\/\/whitelip.com\/sk\/wp-json\/wp\/v2\/product\/8044","targetHints":{"allow":["GET"]}}],"collection":[{"href":"https:\/\/whitelip.com\/sk\/wp-json\/wp\/v2\/product"}],"about":[{"href":"https:\/\/whitelip.com\/sk\/wp-json\/wp\/v2\/types\/product"}],"replies":[{"embeddable":true,"href":"https:\/\/whitelip.com\/sk\/wp-json\/wp\/v2\/comments?post=8044"}],"wp:featuredmedia":[{"embeddable":true,"href":"https:\/\/whitelip.com\/sk\/wp-json\/wp\/v2\/media\/8045"}],"wp:attachment":[{"href":"https:\/\/whitelip.com\/sk\/wp-json\/wp\/v2\/media?parent=8044"}],"wp:term":[{"taxonomy":"product_brand","embeddable":true,"href":"https:\/\/whitelip.com\/sk\/wp-json\/wp\/v2\/product_brand?post=8044"},{"taxonomy":"product_cat","embeddable":true,"href":"https:\/\/whitelip.com\/sk\/wp-json\/wp\/v2\/product_cat?post=8044"},{"taxonomy":"product_tag","embeddable":true,"href":"https:\/\/whitelip.com\/sk\/wp-json\/wp\/v2\/product_tag?post=8044"},{"taxonomy":"flavours","embeddable":true,"href":"https:\/\/whitelip.com\/sk\/wp-json\/wp\/v2\/flavours?post=8044"},{"taxonomy":"format","embeddable":true,"href":"https:\/\/whitelip.com\/sk\/wp-json\/wp\/v2\/format?post=8044"},{"taxonomy":"nicotine","embeddable":true,"href":"https:\/\/whitelip.com\/sk\/wp-json\/wp\/v2\/nicotine?post=8044"}],"curies":[{"name":"wp","href":"https:\/\/api.w.org\/{rel}","templated":true}]}}