{"id":8019,"date":"2024-11-28T12:35:43","date_gmt":"2024-11-28T12:35:43","guid":{"rendered":"https:\/\/whitelip.com\/loop-hot-rhubarb-3\/"},"modified":"2026-04-13T18:39:22","modified_gmt":"2026-04-13T18:39:22","slug":"loop-hot-rhubarb-3","status":"publish","type":"product","link":"https:\/\/whitelip.com\/sk\/loop\/loop-hot-rhubarb-3\/","title":{"rendered":"LOOP Hor\u00faca rebarbora #3"},"content":{"rendered":"<h2><b>LOOP Hor\u00faca rebarbora #3<\/b><\/h2>\n<p><span style=\"font-weight: 400;\">LOOP Hot Rhubarb #3 prin\u00e1\u0161a jedine\u010dn\u00fa kombin\u00e1ciu \u0161tip\u013eavej rebarbory a jemn\u00e9ho pikantn\u00e9ho n\u00e1razu, \u010d\u00edm vytv\u00e1ra vzru\u0161uj\u00faci a osvie\u017euj\u00faci nikot\u00ednov\u00fd z\u00e1\u017eitok. Tieto tenk\u00e9 nikot\u00ednov\u00e9 vrec\u00fa\u0161ka poskytuj\u00fa stredn\u00fa silu nikot\u00ednu, tak\u017ee s\u00fa ide\u00e1lne pre pou\u017e\u00edvate\u013eov, ktor\u00ed maj\u00fa radi vyv\u00e1\u017een\u00fa, ale z\u00e1rove\u0148 aromatick\u00fa mo\u017enos\u0165. \u0160luk\u00e1tko LOOP Hot Rhubarb #3 je navrhnut\u00e9 na diskr\u00e9tne a pohodln\u00e9 pou\u017e\u00edvanie, bez probl\u00e9mov sa zmest\u00ed pod pery a pon\u00faka \u010dist\u00fd a povzbudzuj\u00faci pocit s odv\u00e1\u017enym chu\u0165ov\u00fdm n\u00e1dychom.<\/span><\/p>\n<table>\n<tbody>\n<tr>\n<td><b>Atrib\u00fat<\/b><\/td>\n<td><b>Podrobnosti<\/b><\/td>\n<\/tr>\n<tr>\n<td><span style=\"font-weight: 400;\">Obsah na plechovku<\/span><\/td>\n<td><span style=\"font-weight: 400;\">12 g (20 vrec\u00fa\u0161ok)<\/span><\/td>\n<\/tr>\n<tr>\n<td><span style=\"font-weight: 400;\">Obsah nikot\u00ednu<\/span><\/td>\n<td><span style=\"font-weight: 400;\">10 mg\/g<\/span><\/td>\n<\/tr>\n<tr>\n<td><span style=\"font-weight: 400;\">Form\u00e1t vrecka<\/span><\/td>\n<td><span style=\"font-weight: 400;\">Slim<\/span><\/td>\n<\/tr>\n<tr>\n<td><span style=\"font-weight: 400;\">V\u00fdrobca<\/span><\/td>\n<td><span style=\"font-weight: 400;\">LOOP<\/span><\/td>\n<\/tr>\n<tr>\n<td><span style=\"font-weight: 400;\">Pr\u00edchu\u0165<\/span><\/td>\n<td><span style=\"font-weight: 400;\">Hork\u00fd rebarbora<\/span><\/td>\n<\/tr>\n<tr>\n<td><span style=\"font-weight: 400;\">Typ<\/span><\/td>\n<td><span style=\"font-weight: 400;\">Celobiele vrecko, bez tabaku<\/span><\/td>\n<\/tr>\n<\/tbody>\n<\/table>","protected":false},"excerpt":{"rendered":"<p><span style=\"font-weight: 400;\">LOOP Tangy <strong data-start=\"0\" data-end=\"42\" data-is-only-node=\"\">rebarbora <\/strong>s jemn\u00fdm pikantn\u00fdm n\u00e1dychom vytv\u00e1ra osvie\u017euj\u00faci, vzru\u0161uj\u00faci profil. <strong>Slim<\/strong> vrec\u00fa\u0161ka sa diskr\u00e9tne a pohodlne vkladaj\u00fa pod pery a prin\u00e1\u0161aj\u00fa \u010dist\u00fd, osvie\u017euj\u00faci pocit. Mierna sila nikot\u00ednu vyhovuje t\u00fdm, ktor\u00ed d\u00e1vaj\u00fa prednos\u0165 vyv\u00e1\u017eenej, ale z\u00e1rove\u0148 aromatickej mo\u017enosti.<\/span><\/p>","protected":false},"featured_media":8020,"comment_status":"open","ping_status":"closed","template":"","format":[206],"meta":{"_acf_changed":false},"product_brand":[],"product_cat":[32],"product_tag":[17011],"flavours":[187,196],"nicotine":[212,232],"class_list":{"0":"post-8019","1":"product","2":"type-product","3":"status-publish","4":"has-post-thumbnail","6":"product_cat-loop","7":"product_tag-9-4-mg-pouch","8":"pa_quantity-1-pack","9":"pa_quantity-10-pack","10":"pa_quantity-3-pack","11":"pa_quantity-30-pack","12":"pa_quantity-5-pack","13":"pa_quantity-60-pack","14":"flavours-chili","15":"flavours-fruits-berries","16":"format-slim","17":"nicotine-15-mg-g","18":"nicotine-extra-strong","20":"first","21":"instock","22":"taxable","23":"shipping-taxable","24":"purchasable","25":"product-type-variable"},"acf":[],"_links":{"self":[{"href":"https:\/\/whitelip.com\/sk\/wp-json\/wp\/v2\/product\/8019","targetHints":{"allow":["GET"]}}],"collection":[{"href":"https:\/\/whitelip.com\/sk\/wp-json\/wp\/v2\/product"}],"about":[{"href":"https:\/\/whitelip.com\/sk\/wp-json\/wp\/v2\/types\/product"}],"replies":[{"embeddable":true,"href":"https:\/\/whitelip.com\/sk\/wp-json\/wp\/v2\/comments?post=8019"}],"wp:featuredmedia":[{"embeddable":true,"href":"https:\/\/whitelip.com\/sk\/wp-json\/wp\/v2\/media\/8020"}],"wp:attachment":[{"href":"https:\/\/whitelip.com\/sk\/wp-json\/wp\/v2\/media?parent=8019"}],"wp:term":[{"taxonomy":"product_brand","embeddable":true,"href":"https:\/\/whitelip.com\/sk\/wp-json\/wp\/v2\/product_brand?post=8019"},{"taxonomy":"product_cat","embeddable":true,"href":"https:\/\/whitelip.com\/sk\/wp-json\/wp\/v2\/product_cat?post=8019"},{"taxonomy":"product_tag","embeddable":true,"href":"https:\/\/whitelip.com\/sk\/wp-json\/wp\/v2\/product_tag?post=8019"},{"taxonomy":"flavours","embeddable":true,"href":"https:\/\/whitelip.com\/sk\/wp-json\/wp\/v2\/flavours?post=8019"},{"taxonomy":"format","embeddable":true,"href":"https:\/\/whitelip.com\/sk\/wp-json\/wp\/v2\/format?post=8019"},{"taxonomy":"nicotine","embeddable":true,"href":"https:\/\/whitelip.com\/sk\/wp-json\/wp\/v2\/nicotine?post=8019"}],"curies":[{"name":"wp","href":"https:\/\/api.w.org\/{rel}","templated":true}]}}