{"id":8013,"date":"2024-11-28T12:35:41","date_gmt":"2024-11-28T12:35:41","guid":{"rendered":"https:\/\/whitelip.com\/zxs-melon-freeze-large\/"},"modified":"2026-04-14T18:56:53","modified_gmt":"2026-04-14T18:56:53","slug":"zxs-melon-freeze-large","status":"publish","type":"product","link":"https:\/\/whitelip.com\/sk\/zxs\/zxs-melon-freeze-large\/","title":{"rendered":"Z!XS Mel\u00f3n Freeze Large"},"content":{"rendered":"<h2><b>Z!XS Mel\u00f3n Freeze Large<\/b><\/h2>\n<p><span style=\"font-weight: 400;\">Z!XS Melon Freeze Large kombinuje <\/span><b>sladk\u00e1 a \u0161\u0165avnat\u00e1 chu\u0165 mel\u00f3na<\/b><span style=\"font-weight: 400;\"> s ostr\u00fdm <\/span><b>mentolov\u00fd twist<\/b><span style=\"font-weight: 400;\">, ktor\u00e1 prin\u00e1\u0161a osvie\u017euj\u00faci a povzbudzuj\u00faci nikot\u00ednov\u00fd z\u00e1\u017eitok. T\u00e1to jedine\u010dn\u00e1 kombin\u00e1cia vyva\u017euje ovocn\u00fa sladkos\u0165 s chladn\u00fdm, \u013eadov\u00fdm pocitom, tak\u017ee je ide\u00e1lna pre pou\u017e\u00edvate\u013eov, ktor\u00ed t\u00fa\u017eia po osvie\u017euj\u00facej a v\u00fdraznej chuti. Ka\u017ed\u00e9 ve\u013ek\u00e9, \u00faplne biele vrecko obsahuje <\/span><b>12 mg nikot\u00ednu<\/b><span style=\"font-weight: 400;\">, ktor\u00fd pon\u00faka siln\u00e9 a stabiln\u00e9 uvo\u013enenie ide\u00e1lne pre sk\u00fasen\u00fdch pou\u017e\u00edvate\u013eov.<\/span><\/p>\n<p><span style=\"font-weight: 400;\">Ve\u013ek\u00fd form\u00e1t zais\u0165uje pln\u0161ie a uspokojiv\u00e9 pri\u013enutie pod pery pri zachovan\u00ed pohodlia a diskr\u00e9tnosti. Z!XS Melon Freeze Large, ktor\u00fd je vyroben\u00fd \u00faplne bez tabaku a z vysokokvalitn\u00fdch rastlinn\u00fdch materi\u00e1lov, predstavuje modern\u00fa a \u010dist\u00fa nikot\u00ednov\u00fa alternat\u00edvu so svie\u017eim a ovocn\u00fdm charakterom.<\/span><\/p>\n<table>\n<tbody>\n<tr>\n<td><b>Atrib\u00fat<\/b><\/td>\n<td><b>Podrobnosti<\/b><\/td>\n<\/tr>\n<tr>\n<td><b>Zna\u010dka<\/b><\/td>\n<td><span style=\"font-weight: 400;\">Z!XS<\/span><\/td>\n<\/tr>\n<tr>\n<td><b>Typ v\u00fdrobku<\/b><\/td>\n<td><span style=\"font-weight: 400;\">V\u0161etky biele nikot\u00ednov\u00e9 vreck\u00e1<\/span><\/td>\n<\/tr>\n<tr>\n<td><b>Form\u00e1t<\/b><\/td>\n<td><span style=\"font-weight: 400;\">Ve\u013ek\u00e9<\/span><\/td>\n<\/tr>\n<tr>\n<td><b>Pr\u00edchu\u0165<\/b><\/td>\n<td><span style=\"font-weight: 400;\">Mel\u00f3n a mentol<\/span><\/td>\n<\/tr>\n<tr>\n<td><b>Sila nikot\u00ednu<\/b><\/td>\n<td><span style=\"font-weight: 400;\">12 mg na vrecko<\/span><\/td>\n<\/tr>\n<tr>\n<td><b>Hmotnos\u0165 porcie<\/b><\/td>\n<td><span style=\"font-weight: 400;\">1,0 gramu<\/span><\/td>\n<\/tr>\n<tr>\n<td><b>Po\u010det porci\u00ed<\/b><\/td>\n<td><span style=\"font-weight: 400;\">20 za plechovku<\/span><\/td>\n<\/tr>\n<tr>\n<td><b>Celkov\u00e1 hmotnos\u0165 plechovky<\/b><\/td>\n<td><span style=\"font-weight: 400;\">20 gramov<\/span><\/td>\n<\/tr>\n<tr>\n<td><b>V\u00fdrobca<\/b><\/td>\n<td><span style=\"font-weight: 400;\">Z!XS International<\/span><\/td>\n<\/tr>\n<tr>\n<td><b>Pozoruhodn\u00e9 funkcie<\/b><\/td>\n<td><span style=\"font-weight: 400;\">Bez tab\u00e1ku, ve\u013ek\u00fd form\u00e1t, sladk\u00fd mel\u00f3nu s chladiacim mentolom zvratom<\/span><\/td>\n<\/tr>\n<\/tbody>\n<\/table>","protected":false},"excerpt":{"rendered":"<p>Z!XS <strong data-start=\"5\" data-end=\"21\">Zmrazenie mel\u00f3na<\/strong> <strong data-start=\"22\" data-end=\"31\">Ve\u013ek\u00e9<\/strong> kombinuje sladk\u00fd, \u0161\u0165avnat\u00fd mel\u00f3n so svie\u017eim mentolov\u00fdm n\u00e1dychom, ktor\u00fd osvie\u017euje a povzbudzuje. Celobiely <strong data-start=\"141\" data-end=\"150\">Ve\u013ek\u00e9<\/strong> Vreck\u00e1 s\u00fa diskr\u00e9tne a pohodln\u00e9. Ka\u017ed\u00e9 vrecko obsahuje <strong data-start=\"209\" data-end=\"227\">12 mg nikot\u00ednu<\/strong> pre siln\u00e9 a stabiln\u00e9 uvo\u013enenie.<\/p>","protected":false},"featured_media":8014,"comment_status":"open","ping_status":"closed","template":"","format":[206],"meta":{"_acf_changed":false},"product_brand":[],"product_cat":[39],"product_tag":[16561],"flavours":[196],"nicotine":[213,232],"class_list":{"0":"post-8013","1":"product","2":"type-product","3":"status-publish","4":"has-post-thumbnail","6":"product_cat-zxs","7":"product_tag-12-mg-pouch","8":"pa_quantity-1-pack","9":"pa_quantity-10-pack","10":"pa_quantity-3-pack","11":"pa_quantity-30-pack","12":"pa_quantity-5-pack","13":"pa_quantity-60-pack","14":"flavours-fruits-berries","15":"format-slim","16":"nicotine-16-mg-g","17":"nicotine-extra-strong","19":"first","20":"instock","21":"taxable","22":"shipping-taxable","23":"purchasable","24":"product-type-variable"},"acf":[],"_links":{"self":[{"href":"https:\/\/whitelip.com\/sk\/wp-json\/wp\/v2\/product\/8013","targetHints":{"allow":["GET"]}}],"collection":[{"href":"https:\/\/whitelip.com\/sk\/wp-json\/wp\/v2\/product"}],"about":[{"href":"https:\/\/whitelip.com\/sk\/wp-json\/wp\/v2\/types\/product"}],"replies":[{"embeddable":true,"href":"https:\/\/whitelip.com\/sk\/wp-json\/wp\/v2\/comments?post=8013"}],"wp:featuredmedia":[{"embeddable":true,"href":"https:\/\/whitelip.com\/sk\/wp-json\/wp\/v2\/media\/8014"}],"wp:attachment":[{"href":"https:\/\/whitelip.com\/sk\/wp-json\/wp\/v2\/media?parent=8013"}],"wp:term":[{"taxonomy":"product_brand","embeddable":true,"href":"https:\/\/whitelip.com\/sk\/wp-json\/wp\/v2\/product_brand?post=8013"},{"taxonomy":"product_cat","embeddable":true,"href":"https:\/\/whitelip.com\/sk\/wp-json\/wp\/v2\/product_cat?post=8013"},{"taxonomy":"product_tag","embeddable":true,"href":"https:\/\/whitelip.com\/sk\/wp-json\/wp\/v2\/product_tag?post=8013"},{"taxonomy":"flavours","embeddable":true,"href":"https:\/\/whitelip.com\/sk\/wp-json\/wp\/v2\/flavours?post=8013"},{"taxonomy":"format","embeddable":true,"href":"https:\/\/whitelip.com\/sk\/wp-json\/wp\/v2\/format?post=8013"},{"taxonomy":"nicotine","embeddable":true,"href":"https:\/\/whitelip.com\/sk\/wp-json\/wp\/v2\/nicotine?post=8013"}],"curies":[{"name":"wp","href":"https:\/\/api.w.org\/{rel}","templated":true}]}}