{"id":7993,"date":"2024-12-20T19:39:10","date_gmt":"2024-12-20T19:39:10","guid":{"rendered":"https:\/\/whitelip.com\/xqs-blueberry-mint-light\/"},"modified":"2026-04-26T10:11:10","modified_gmt":"2026-04-26T10:11:10","slug":"xqs-blueberry-mint-light","status":"publish","type":"product","link":"https:\/\/whitelip.com\/sk\/xqs\/xqs-blueberry-mint-light\/","title":{"rendered":"XQS Blueberry Mint Light"},"content":{"rendered":"<h2><b>XQS Blueberry Mint Light<\/b><\/h2>\n<p><span style=\"font-weight: 400;\">XQS Blueberry Mint Light prin\u00e1\u0161a <\/span><b>jemn\u00e1 \u010du\u010doriedkov\u00e1 pr\u00edchu\u0165<\/b><span style=\"font-weight: 400;\"> doplnen\u00e1 osvie\u017euj\u00facim <\/span><b>m\u00e4tov\u00fd twist<\/b><span style=\"font-weight: 400;\">, \u010do vytv\u00e1ra jemn\u00fd a povzbudzuj\u00faci nikot\u00ednov\u00fd z\u00e1\u017eitok. T\u00e1to vyv\u00e1\u017een\u00e1 zmes pon\u00faka jemn\u00fa ovocn\u00fa sladkos\u0165 v kombin\u00e1cii s chladiv\u00fdm z\u00e1verom, \u010do je ide\u00e1lne pre pou\u017e\u00edvate\u013eov, ktor\u00ed h\u013eadaj\u00fa \u013eah\u0161iu nikot\u00ednov\u00fa variantu. Ka\u017ed\u00e9 tenk\u00e9, \u00faplne biele vrec\u00fa\u0161ko obsahuje <\/span><b>4 mg nikot\u00ednu<\/b><span style=\"font-weight: 400;\">, ktor\u00fd poskytuje jemn\u00e9 a stabiln\u00e9 uvo\u013e\u0148ovanie ide\u00e1lne na ka\u017edodenn\u00e9 pou\u017eitie.<\/span><\/p>\n<p><span style=\"font-weight: 400;\">\u0160t\u00edhly form\u00e1t zaru\u010duje diskr\u00e9tne a pohodln\u00e9 umiestnenie pod pery, \u010do umo\u017e\u0148uje \u010dist\u00e9 pou\u017eitie bez \u0161kv\u0155n v ka\u017edom okamihu. XQS Blueberry Mint Light, vyroben\u00fd \u00faplne bez tabaku a z vysokokvalitn\u00fdch rastlinn\u00fdch vl\u00e1kien, pon\u00faka modern\u00fa nikot\u00ednov\u00fa alternat\u00edvu s jemnou ovocnou chu\u0165ou a osvie\u017euj\u00facim chladom.<\/span><\/p>\n<table>\n<tbody>\n<tr>\n<td><b>Atrib\u00fat<\/b><\/td>\n<td><b>Podrobnosti<\/b><\/td>\n<\/tr>\n<tr>\n<td><b>Zna\u010dka<\/b><\/td>\n<td><span style=\"font-weight: 400;\">XQS<\/span><\/td>\n<\/tr>\n<tr>\n<td><b>Typ v\u00fdrobku<\/b><\/td>\n<td><span style=\"font-weight: 400;\">V\u0161etky biele nikot\u00ednov\u00e9 vreck\u00e1<\/span><\/td>\n<\/tr>\n<tr>\n<td><b>Form\u00e1t<\/b><\/td>\n<td><span style=\"font-weight: 400;\">Slim<\/span><\/td>\n<\/tr>\n<tr>\n<td><b>Pr\u00edchu\u0165<\/b><\/td>\n<td><span style=\"font-weight: 400;\">\u010cu\u010doriedky a m\u00e4ta<\/span><\/td>\n<\/tr>\n<tr>\n<td><b>Sila nikot\u00ednu<\/b><\/td>\n<td><span style=\"font-weight: 400;\">4 mg na vrecko (5 mg\/g)<\/span><\/td>\n<\/tr>\n<tr>\n<td><b>Hmotnos\u0165 porcie<\/b><\/td>\n<td><span style=\"font-weight: 400;\">0,75 gramu<\/span><\/td>\n<\/tr>\n<tr>\n<td><b>Po\u010det porci\u00ed<\/b><\/td>\n<td><span style=\"font-weight: 400;\">20 za plechovku<\/span><\/td>\n<\/tr>\n<tr>\n<td><b>Celkov\u00e1 hmotnos\u0165 plechovky<\/b><\/td>\n<td><span style=\"font-weight: 400;\">15 gramov<\/span><\/td>\n<\/tr>\n<tr>\n<td><b>V\u00fdrobca<\/b><\/td>\n<td><span style=\"font-weight: 400;\">XQS International<\/span><\/td>\n<\/tr>\n<tr>\n<td><b>Pozoruhodn\u00e9 funkcie<\/b><\/td>\n<td><span style=\"font-weight: 400;\">Bez tabaku, tenk\u00fd form\u00e1t, jemn\u00e1 \u010du\u010doriedkov\u00e1 pr\u00edchu\u0165 s osvie\u017euj\u00facou m\u00e4tovou pr\u00edchu\u0165ou<\/span><\/td>\n<\/tr>\n<\/tbody>\n<\/table>","protected":false},"excerpt":{"rendered":"<p>XQS <strong data-start=\"4\" data-end=\"22\">\u010cu\u010doriedkov\u00e1 m\u00e4ta<\/strong> <strong data-start=\"23\" data-end=\"32\">Svetlo<\/strong> prin\u00e1\u0161a jemn\u00e9 \u010du\u010doriedky s osvie\u017euj\u00facim m\u00e4tov\u00fdm n\u00e1dychom pre jemn\u00fd, osvie\u017euj\u00faci profil. . <strong data-start=\"130\" data-end=\"138\">\u0161t\u00edhly<\/strong>, celobiele vreck\u00e1 s\u00fa diskr\u00e9tne a pohodln\u00e9. Ka\u017ed\u00e9 vrecko obsahuje <strong data-start=\"208\" data-end=\"225\">4 mg nikot\u00ednu<\/strong> pre jemn\u00e9 a stabiln\u00e9 uvo\u013e\u0148ovanie vhodn\u00e9 na ka\u017edodenn\u00e9 pou\u017eitie.<\/p>","protected":false},"featured_media":63915,"comment_status":"open","ping_status":"closed","template":"","format":[206],"meta":{"_acf_changed":false},"product_brand":[],"product_cat":[27],"product_tag":[16585],"flavours":[196],"nicotine":[230,236],"class_list":{"0":"post-7993","1":"product","2":"type-product","3":"status-publish","4":"has-post-thumbnail","6":"product_cat-xqs","7":"product_tag-4-mg-pouch","8":"pa_quantity-1-pack","9":"pa_quantity-10-pack","10":"pa_quantity-3-pack","11":"pa_quantity-30-pack","12":"pa_quantity-5-pack","13":"pa_quantity-60-pack","14":"flavours-fruits-berries","15":"format-slim","16":"nicotine-8-mg-g","17":"nicotine-strong","19":"first","20":"instock","21":"taxable","22":"shipping-taxable","23":"purchasable","24":"product-type-variable"},"acf":[],"_links":{"self":[{"href":"https:\/\/whitelip.com\/sk\/wp-json\/wp\/v2\/product\/7993","targetHints":{"allow":["GET"]}}],"collection":[{"href":"https:\/\/whitelip.com\/sk\/wp-json\/wp\/v2\/product"}],"about":[{"href":"https:\/\/whitelip.com\/sk\/wp-json\/wp\/v2\/types\/product"}],"replies":[{"embeddable":true,"href":"https:\/\/whitelip.com\/sk\/wp-json\/wp\/v2\/comments?post=7993"}],"wp:featuredmedia":[{"embeddable":true,"href":"https:\/\/whitelip.com\/sk\/wp-json\/wp\/v2\/media\/63915"}],"wp:attachment":[{"href":"https:\/\/whitelip.com\/sk\/wp-json\/wp\/v2\/media?parent=7993"}],"wp:term":[{"taxonomy":"product_brand","embeddable":true,"href":"https:\/\/whitelip.com\/sk\/wp-json\/wp\/v2\/product_brand?post=7993"},{"taxonomy":"product_cat","embeddable":true,"href":"https:\/\/whitelip.com\/sk\/wp-json\/wp\/v2\/product_cat?post=7993"},{"taxonomy":"product_tag","embeddable":true,"href":"https:\/\/whitelip.com\/sk\/wp-json\/wp\/v2\/product_tag?post=7993"},{"taxonomy":"flavours","embeddable":true,"href":"https:\/\/whitelip.com\/sk\/wp-json\/wp\/v2\/flavours?post=7993"},{"taxonomy":"format","embeddable":true,"href":"https:\/\/whitelip.com\/sk\/wp-json\/wp\/v2\/format?post=7993"},{"taxonomy":"nicotine","embeddable":true,"href":"https:\/\/whitelip.com\/sk\/wp-json\/wp\/v2\/nicotine?post=7993"}],"curies":[{"name":"wp","href":"https:\/\/api.w.org\/{rel}","templated":true}]}}