{"id":7991,"date":"2024-11-28T12:35:40","date_gmt":"2024-11-28T12:35:40","guid":{"rendered":"https:\/\/whitelip.com\/loop-jalapeno-lime-4\/"},"modified":"2026-04-15T13:01:58","modified_gmt":"2026-04-15T13:01:58","slug":"loop-jalapeno-lime-4","status":"publish","type":"product","link":"https:\/\/whitelip.com\/sk\/loop\/loop-jalapeno-lime-4\/","title":{"rendered":"LOOP Jalape\u00f1o Lime #4"},"content":{"rendered":"<h2><b>LOOP Jalape\u00f1o Lime #4<\/b><\/h2>\n<p><span style=\"font-weight: 400;\">LOOP Jalape\u00f1o Lime #4 kombinuje pikantn\u00fa svie\u017eos\u0165 limetky s pikantnou chu\u0165ou jalape\u00f1o a pon\u00faka odv\u00e1\u017eny a dynamick\u00fd nikot\u00ednov\u00fd z\u00e1\u017eitok. Tieto tenk\u00e9 nikot\u00ednov\u00e9 vrec\u00fa\u0161ka poskytuj\u00fa vy\u0161\u0161iu silu nikot\u00ednu, tak\u017ee s\u00fa vhodn\u00e9 pre sk\u00fasen\u00fdch u\u017e\u00edvate\u013eov, ktor\u00ed h\u013eadaj\u00fa intenz\u00edvnu, ale z\u00e1rove\u0148 aromatick\u00fa mo\u017enos\u0165. LOOP Jalape\u00f1o Lime #4 je navrhnut\u00fd na diskr\u00e9tne a pohodln\u00e9 pou\u017e\u00edvanie, bez probl\u00e9mov sa zmest\u00ed pod pery a poskytuje \u010dist\u00fd a povzbudzuj\u00faci pocit s jedine\u010dnou zmesou korenia a citrusov.<\/span><\/p>\n<table>\n<tbody>\n<tr>\n<td><b>Atrib\u00fat<\/b><\/td>\n<td><b>Podrobnosti<\/b><\/td>\n<\/tr>\n<tr>\n<td><span style=\"font-weight: 400;\">Obsah na plechovku<\/span><\/td>\n<td><span style=\"font-weight: 400;\">12 g (20 vrec\u00fa\u0161ok)<\/span><\/td>\n<\/tr>\n<tr>\n<td><span style=\"font-weight: 400;\">Obsah nikot\u00ednu<\/span><\/td>\n<td><span style=\"font-weight: 400;\">12 mg\/g<\/span><\/td>\n<\/tr>\n<tr>\n<td><span style=\"font-weight: 400;\">Form\u00e1t vrecka<\/span><\/td>\n<td><span style=\"font-weight: 400;\">Slim<\/span><\/td>\n<\/tr>\n<tr>\n<td><span style=\"font-weight: 400;\">V\u00fdrobca<\/span><\/td>\n<td><span style=\"font-weight: 400;\">LOOP<\/span><\/td>\n<\/tr>\n<tr>\n<td><span style=\"font-weight: 400;\">Pr\u00edchu\u0165<\/span><\/td>\n<td><span style=\"font-weight: 400;\">Jalape\u00f1o a limetka<\/span><\/td>\n<\/tr>\n<tr>\n<td><span style=\"font-weight: 400;\">Typ<\/span><\/td>\n<td><span style=\"font-weight: 400;\">Celobiele vrecko, bez tabaku<\/span><\/td>\n<\/tr>\n<\/tbody>\n<\/table>","protected":false},"excerpt":{"rendered":"<p><span style=\"font-weight: 400;\">LOOP <strong data-start=\"0\" data-end=\"19\" data-is-only-node=\"\">jalape\u00f1o &amp; <\/strong><strong data-start=\"0\" data-end=\"19\" data-is-only-node=\"\">V\u00e1pno<\/strong>\u00a0kombinuj\u00fa pikantn\u00e9 citrusy s korenist\u00fdm n\u00e1dychom a vytv\u00e1raj\u00fa odv\u00e1\u017eny, dynamick\u00fd profil. Na <strong data-start=\"92\" data-end=\"100\">\u0161t\u00edhly<\/strong> vrec\u00fa\u0161ka sa diskr\u00e9tne vkladaj\u00fa pod pery a poskytuj\u00fa \u010dist\u00fd, povzbudzuj\u00faci pocit pre sk\u00fasen\u00fdch u\u017e\u00edvate\u013eov, ktor\u00ed h\u013eadaj\u00fa mo\u017enos\u0165 s vy\u0161\u0161\u00edm obsahom nikot\u00ednu.<\/span><\/p>","protected":false},"featured_media":84552,"comment_status":"open","ping_status":"closed","template":"","format":[206],"meta":{"_acf_changed":false},"product_brand":[],"product_cat":[32],"product_tag":[16775],"flavours":[187,190],"nicotine":[218,232],"class_list":{"0":"post-7991","1":"product","2":"type-product","3":"status-publish","4":"has-post-thumbnail","6":"product_cat-loop","7":"product_tag-12-5-mg-pouch","8":"pa_quantity-1-pack","9":"pa_quantity-10-pack","10":"pa_quantity-3-pack","11":"pa_quantity-30-pack","12":"pa_quantity-5-pack","13":"pa_quantity-60-pack","14":"flavours-chili","15":"flavours-citrus","16":"format-slim","17":"nicotine-20-mg-g","18":"nicotine-extra-strong","20":"first","21":"instock","22":"taxable","23":"shipping-taxable","24":"purchasable","25":"product-type-variable"},"acf":[],"_links":{"self":[{"href":"https:\/\/whitelip.com\/sk\/wp-json\/wp\/v2\/product\/7991","targetHints":{"allow":["GET"]}}],"collection":[{"href":"https:\/\/whitelip.com\/sk\/wp-json\/wp\/v2\/product"}],"about":[{"href":"https:\/\/whitelip.com\/sk\/wp-json\/wp\/v2\/types\/product"}],"replies":[{"embeddable":true,"href":"https:\/\/whitelip.com\/sk\/wp-json\/wp\/v2\/comments?post=7991"}],"wp:featuredmedia":[{"embeddable":true,"href":"https:\/\/whitelip.com\/sk\/wp-json\/wp\/v2\/media\/84552"}],"wp:attachment":[{"href":"https:\/\/whitelip.com\/sk\/wp-json\/wp\/v2\/media?parent=7991"}],"wp:term":[{"taxonomy":"product_brand","embeddable":true,"href":"https:\/\/whitelip.com\/sk\/wp-json\/wp\/v2\/product_brand?post=7991"},{"taxonomy":"product_cat","embeddable":true,"href":"https:\/\/whitelip.com\/sk\/wp-json\/wp\/v2\/product_cat?post=7991"},{"taxonomy":"product_tag","embeddable":true,"href":"https:\/\/whitelip.com\/sk\/wp-json\/wp\/v2\/product_tag?post=7991"},{"taxonomy":"flavours","embeddable":true,"href":"https:\/\/whitelip.com\/sk\/wp-json\/wp\/v2\/flavours?post=7991"},{"taxonomy":"format","embeddable":true,"href":"https:\/\/whitelip.com\/sk\/wp-json\/wp\/v2\/format?post=7991"},{"taxonomy":"nicotine","embeddable":true,"href":"https:\/\/whitelip.com\/sk\/wp-json\/wp\/v2\/nicotine?post=7991"}],"curies":[{"name":"wp","href":"https:\/\/api.w.org\/{rel}","templated":true}]}}