{"id":7977,"date":"2024-11-28T12:35:39","date_gmt":"2024-11-28T12:35:39","guid":{"rendered":"https:\/\/whitelip.com\/77-forest-fruits-light\/"},"modified":"2026-04-14T23:43:52","modified_gmt":"2026-04-14T23:43:52","slug":"77-forest-fruits-light","status":"publish","type":"product","link":"https:\/\/whitelip.com\/sk\/77\/77-forest-fruits-light\/","title":{"rendered":"77 Lesn\u00e9 ovocie Light"},"content":{"rendered":"<h2><strong>77 Lesn\u00e9 ovocie Light<\/strong><\/h2>\n<p><span style=\"font-weight: 400;\">77 Forest Fruits Light nikot\u00ednov\u00e9 vrec\u00fa\u0161ka pon\u00fakaj\u00fa sladk\u00fa a pikantn\u00fa zmes lesn\u00fdch plodov v tenkom, \u00faplne bielom form\u00e1te. Ka\u017ed\u00e9 vrec\u00fa\u0161ko obsahuje 5,2 mg nikot\u00ednu a poskytuje jemn\u00fd pocit vhodn\u00fd pre t\u00fdch, ktor\u00ed h\u013eadaj\u00fa jemn\u00fd nikot\u00ednov\u00fd z\u00e1\u017eitok. Diskr\u00e9tny dizajn zaru\u010duje pohodln\u00e9 umiestnenie pod perou, \u010do umo\u017e\u0148uje pou\u017eitie kedyko\u013evek bez zafarbenia zubov. Tieto vrec\u00fa\u0161ka bez tabaku, ktor\u00e9 vyr\u00e1ba spolo\u010dnos\u0165 77 Group, s\u00fa pr\u00edkladom vysokokvalitn\u00fdch \u0161tandardov a inovat\u00edvnych kombin\u00e1ci\u00ed pr\u00edchut\u00ed.<\/span><\/p>\n<table>\n<tbody>\n<tr>\n<td><b>Atrib\u00fat<\/b><\/td>\n<td><b>Podrobnosti<\/b><\/td>\n<\/tr>\n<tr>\n<td><b>Obsah na plechovku<\/b><\/td>\n<td><span style=\"font-weight: 400;\">10 g (20 vrec\u00fa\u0161ok)<\/span><\/td>\n<\/tr>\n<tr>\n<td><b>Obsah nikot\u00ednu<\/b><\/td>\n<td><span style=\"font-weight: 400;\">8 mg\/g (5,2 mg na vrecko)<\/span><\/td>\n<\/tr>\n<tr>\n<td><b>Form\u00e1t vrecka<\/b><\/td>\n<td><span style=\"font-weight: 400;\">Slim<\/span><\/td>\n<\/tr>\n<tr>\n<td><b>V\u00fdrobca<\/b><\/td>\n<td><span style=\"font-weight: 400;\">77 Skupina<\/span><\/td>\n<\/tr>\n<tr>\n<td><b>Pr\u00edchu\u0165<\/b><\/td>\n<td><span style=\"font-weight: 400;\">Lesn\u00e9 ovocie<\/span><\/td>\n<\/tr>\n<tr>\n<td><b>Typ<\/b><\/td>\n<td><span style=\"font-weight: 400;\">Celobiele vrecko<\/span><\/td>\n<\/tr>\n<\/tbody>\n<\/table>","protected":false},"excerpt":{"rendered":"<p>Sladk\u00e1 pikantn\u00e1 <strong data-start=\"12\" data-end=\"29\">lesn\u00e9 plody<\/strong> pre jasn\u00fa ovocn\u00fa chu\u0165. Na str\u00e1nke . <strong data-start=\"62\" data-end=\"81\">\u0161t\u00edhly, <\/strong>Celobiele vrec\u00fa\u0161ka diskr\u00e9tne a pohodlne sedia pod perami a umo\u017e\u0148uj\u00fa \u010dist\u00e9 a kedyko\u013evek pou\u017eite\u013en\u00e9 pou\u017eitie. Ka\u017ed\u00e9 vrecko obsahuje <strong data-start=\"179\" data-end=\"198\">5,2 mg nikot\u00ednu<\/strong>, ktor\u00e1 prin\u00e1\u0161a jemn\u00fd z\u00e1\u017eitok s \u013eahkou silou od skupiny 77.<\/p>","protected":false},"featured_media":67536,"comment_status":"open","ping_status":"closed","template":"","format":[206],"meta":{"_acf_changed":false},"product_brand":[],"product_cat":[23],"product_tag":[16547],"flavours":[196],"nicotine":[230,236],"class_list":{"0":"post-7977","1":"product","2":"type-product","3":"status-publish","4":"has-post-thumbnail","6":"product_cat-23","7":"product_tag-5-2-mg-pouch","8":"pa_quantity-1-pack","9":"pa_quantity-10-pack","10":"pa_quantity-3-pack","11":"pa_quantity-30-pack","12":"pa_quantity-5-pack","13":"pa_quantity-60-pack","14":"flavours-fruits-berries","15":"format-slim","16":"nicotine-8-mg-g","17":"nicotine-strong","19":"first","20":"instock","21":"taxable","22":"shipping-taxable","23":"purchasable","24":"product-type-variable"},"acf":[],"_links":{"self":[{"href":"https:\/\/whitelip.com\/sk\/wp-json\/wp\/v2\/product\/7977","targetHints":{"allow":["GET"]}}],"collection":[{"href":"https:\/\/whitelip.com\/sk\/wp-json\/wp\/v2\/product"}],"about":[{"href":"https:\/\/whitelip.com\/sk\/wp-json\/wp\/v2\/types\/product"}],"replies":[{"embeddable":true,"href":"https:\/\/whitelip.com\/sk\/wp-json\/wp\/v2\/comments?post=7977"}],"wp:featuredmedia":[{"embeddable":true,"href":"https:\/\/whitelip.com\/sk\/wp-json\/wp\/v2\/media\/67536"}],"wp:attachment":[{"href":"https:\/\/whitelip.com\/sk\/wp-json\/wp\/v2\/media?parent=7977"}],"wp:term":[{"taxonomy":"product_brand","embeddable":true,"href":"https:\/\/whitelip.com\/sk\/wp-json\/wp\/v2\/product_brand?post=7977"},{"taxonomy":"product_cat","embeddable":true,"href":"https:\/\/whitelip.com\/sk\/wp-json\/wp\/v2\/product_cat?post=7977"},{"taxonomy":"product_tag","embeddable":true,"href":"https:\/\/whitelip.com\/sk\/wp-json\/wp\/v2\/product_tag?post=7977"},{"taxonomy":"flavours","embeddable":true,"href":"https:\/\/whitelip.com\/sk\/wp-json\/wp\/v2\/flavours?post=7977"},{"taxonomy":"format","embeddable":true,"href":"https:\/\/whitelip.com\/sk\/wp-json\/wp\/v2\/format?post=7977"},{"taxonomy":"nicotine","embeddable":true,"href":"https:\/\/whitelip.com\/sk\/wp-json\/wp\/v2\/nicotine?post=7977"}],"curies":[{"name":"wp","href":"https:\/\/api.w.org\/{rel}","templated":true}]}}