{"id":65126,"date":"2026-02-02T08:55:43","date_gmt":"2026-02-02T08:55:43","guid":{"rendered":"https:\/\/whitelip.com\/?post_type=product&#038;p=65126"},"modified":"2026-04-09T17:03:02","modified_gmt":"2026-04-09T17:03:02","slug":"togo-straw-melonade","status":"publish","type":"product","link":"https:\/\/whitelip.com\/sk\/togo\/togo-straw-melonade\/","title":{"rendered":"TOGO Slamov\u00e1 melon\u00e1da"},"content":{"rendered":"<h1>TOGO Slamov\u00e1 melon\u00e1da<\/h1>\n<p data-start=\"257\" data-end=\"536\">TOGO Straw Melonade s\u00fa nikot\u00ednov\u00e9 vrec\u00fa\u0161ka s kombin\u00e1ciou pr\u00edchut\u00ed jahody, mel\u00f3nu a limon\u00e1dy. Pr\u00edchu\u0165 sa objavuje na za\u010diatku a kombinuje sladk\u00e9 jahodov\u00e9 t\u00f3ny s jemn\u00fdm mel\u00f3nom a \u013eahk\u00fdm citrusov\u00fdm charakterom limon\u00e1dy. V\u00fdrobok vyr\u00e1ba spolo\u010dnos\u0165 Togo Nicotine AB.<\/p>\n<p data-start=\"538\" data-end=\"706\">Ka\u017ed\u00e9 vrecko v\u00e1\u017ei 0,6 gramu. Plechovka obsahuje 20 nikot\u00ednov\u00fdch vrec\u00fa\u0161ok s celkov\u00fdm obsahom 12 gramov. Obsah nikot\u00ednu je 8 mg na vrec\u00fa\u0161ko a 13,33 mg nikot\u00ednu na gram.<\/p>\n<p data-start=\"708\" data-end=\"839\">TOGO Straw Melonade je s\u00fa\u010das\u0165ou radu nikot\u00ednov\u00fdch vrec\u00fa\u0161ok TOGO a je vyvinut\u00fd s vyv\u00e1\u017een\u00fdm profilom chuti ovocia a citrusov.<\/p>\n<table>\n<tbody>\n<tr>\n<td><b>Atrib\u00fat<\/b><\/td>\n<td><b>Podrobnosti<\/b><\/td>\n<\/tr>\n<tr>\n<td><span style=\"font-weight: 400;\">Obsah na plechovku<\/span><\/td>\n<td><span style=\"font-weight: 400;\">12 g (20 vrec\u00fa\u0161ok)<\/span><\/td>\n<\/tr>\n<tr>\n<td><span style=\"font-weight: 400;\">Obsah nikot\u00ednu<\/span><\/td>\n<td><span style=\"font-weight: 400;\">8 mg na vrecko<\/span><\/td>\n<\/tr>\n<tr>\n<td><span style=\"font-weight: 400;\">Form\u00e1t vrecka<\/span><\/td>\n<td><span style=\"font-weight: 400;\">Slim<\/span><\/td>\n<\/tr>\n<tr>\n<td><span style=\"font-weight: 400;\">V\u00fdrobca<\/span><\/td>\n<td><span style=\"font-weight: 400;\">TOGO Nicotine AB<\/span><\/td>\n<\/tr>\n<tr>\n<td><span style=\"font-weight: 400;\">Pr\u00edchu\u0165<\/span><\/td>\n<td>Jahoda, mel\u00f3n, limon\u00e1da<\/td>\n<\/tr>\n<tr>\n<td><span style=\"font-weight: 400;\">Typ<\/span><\/td>\n<td><span style=\"font-weight: 400;\">Celobiele vrecko, bez tabaku<\/span><\/td>\n<\/tr>\n<\/tbody>\n<\/table>","protected":false},"excerpt":{"rendered":"<p data-start=\"901\" data-end=\"1023\">Nikot\u00ednov\u00e9 vrec\u00fa\u0161ka TOGO Straw Melonade s <strong data-start=\"913\" data-end=\"948\">Jahoda, mel\u00f3n a limon\u00e1da<\/strong> pr\u00edchu\u0165. Ka\u017ed\u00e9 vrecko obsahuje <strong data-start=\"977\" data-end=\"994\">8 mg nikot\u00ednu<\/strong>.<\/p>","protected":false},"featured_media":65154,"comment_status":"open","ping_status":"closed","template":"","format":[206],"meta":{"_acf_changed":false},"product_brand":[],"product_cat":[13788],"product_tag":[16583],"flavours":[196],"nicotine":[210,232],"class_list":{"0":"post-65126","1":"product","2":"type-product","3":"status-publish","4":"has-post-thumbnail","6":"product_cat-togo","7":"product_tag-8-mg-pouch","8":"pa_quantity-1-pack","9":"pa_quantity-10-pack","10":"pa_quantity-3-pack","11":"pa_quantity-30-pack","12":"pa_quantity-5-pack","13":"pa_quantity-60-pack","14":"flavours-fruits-berries","15":"format-slim","16":"nicotine-13-mg-g","17":"nicotine-extra-strong","19":"first","20":"instock","21":"taxable","22":"shipping-taxable","23":"purchasable","24":"product-type-variable"},"acf":[],"_links":{"self":[{"href":"https:\/\/whitelip.com\/sk\/wp-json\/wp\/v2\/product\/65126","targetHints":{"allow":["GET"]}}],"collection":[{"href":"https:\/\/whitelip.com\/sk\/wp-json\/wp\/v2\/product"}],"about":[{"href":"https:\/\/whitelip.com\/sk\/wp-json\/wp\/v2\/types\/product"}],"replies":[{"embeddable":true,"href":"https:\/\/whitelip.com\/sk\/wp-json\/wp\/v2\/comments?post=65126"}],"wp:featuredmedia":[{"embeddable":true,"href":"https:\/\/whitelip.com\/sk\/wp-json\/wp\/v2\/media\/65154"}],"wp:attachment":[{"href":"https:\/\/whitelip.com\/sk\/wp-json\/wp\/v2\/media?parent=65126"}],"wp:term":[{"taxonomy":"product_brand","embeddable":true,"href":"https:\/\/whitelip.com\/sk\/wp-json\/wp\/v2\/product_brand?post=65126"},{"taxonomy":"product_cat","embeddable":true,"href":"https:\/\/whitelip.com\/sk\/wp-json\/wp\/v2\/product_cat?post=65126"},{"taxonomy":"product_tag","embeddable":true,"href":"https:\/\/whitelip.com\/sk\/wp-json\/wp\/v2\/product_tag?post=65126"},{"taxonomy":"flavours","embeddable":true,"href":"https:\/\/whitelip.com\/sk\/wp-json\/wp\/v2\/flavours?post=65126"},{"taxonomy":"format","embeddable":true,"href":"https:\/\/whitelip.com\/sk\/wp-json\/wp\/v2\/format?post=65126"},{"taxonomy":"nicotine","embeddable":true,"href":"https:\/\/whitelip.com\/sk\/wp-json\/wp\/v2\/nicotine?post=65126"}],"curies":[{"name":"wp","href":"https:\/\/api.w.org\/{rel}","templated":true}]}}