{"id":65096,"date":"2026-02-02T08:52:46","date_gmt":"2026-02-02T08:52:46","guid":{"rendered":"https:\/\/whitelip.com\/?post_type=product&#038;p=65096"},"modified":"2026-04-18T18:01:37","modified_gmt":"2026-04-18T18:01:37","slug":"togo-mighty-sour","status":"publish","type":"product","link":"https:\/\/whitelip.com\/sk\/togo\/togo-mighty-sour\/","title":{"rendered":"TOGO Mighty Sour"},"content":{"rendered":"<h1>TOGO Mighty Sour<\/h1>\n<p data-start=\"254\" data-end=\"552\">TOGO Mighty Sour s\u00fa nikot\u00ednov\u00e9 vrec\u00fa\u0161ka s kombin\u00e1ciou chut\u00ed bazov\u00e9ho kvetu, jablka a limetky s kysl\u00fdm profilom. Pr\u00edchu\u0165 sa predstavuje na za\u010diatku a kombinuje kvetinov\u00e9 t\u00f3ny z kvetov bazy s chrumkav\u00fdm jablkom a v\u00fdrazn\u00fdm citrusov\u00fdm charakterom z limetky. V\u00fdrobok vyr\u00e1ba spolo\u010dnos\u0165 Togo Nicotine AB.<\/p>\n<p data-start=\"554\" data-end=\"738\">Vrec\u00fa\u0161ka s\u00fa porciovan\u00e9 po 0,6 gramu. Jedna plechovka obsahuje 20 nikot\u00ednov\u00fdch vrec\u00fa\u0161ok s celkov\u00fdm obsahom 12 gramov. Obsah nikot\u00ednu je 8 mg v jednom vrec\u00fa\u0161ku a 13,33 mg nikot\u00ednu v jednom grame.<\/p>\n<p data-start=\"740\" data-end=\"863\">TOGO Mighty Sour je s\u00fa\u010das\u0165ou radu nikot\u00ednov\u00fdch vrec\u00fa\u0161ok TOGO a je vyvinut\u00fd s jasne definovan\u00fdm profilom kyslej chuti.<\/p>\n<table>\n<tbody>\n<tr>\n<td><b>Atrib\u00fat<\/b><\/td>\n<td><b>Podrobnosti<\/b><\/td>\n<\/tr>\n<tr>\n<td><span style=\"font-weight: 400;\">Obsah na plechovku<\/span><\/td>\n<td><span style=\"font-weight: 400;\">12 g (20 vrec\u00fa\u0161ok)<\/span><\/td>\n<\/tr>\n<tr>\n<td><span style=\"font-weight: 400;\">Obsah nikot\u00ednu<\/span><\/td>\n<td><span style=\"font-weight: 400;\">8 mg na vrecko<\/span><\/td>\n<\/tr>\n<tr>\n<td><span style=\"font-weight: 400;\">Form\u00e1t vrecka<\/span><\/td>\n<td><span style=\"font-weight: 400;\">Slim<\/span><\/td>\n<\/tr>\n<tr>\n<td><span style=\"font-weight: 400;\">V\u00fdrobca<\/span><\/td>\n<td><span style=\"font-weight: 400;\">TOGO Nicotine AB<\/span><\/td>\n<\/tr>\n<tr>\n<td><span style=\"font-weight: 400;\">Pr\u00edchu\u0165<\/span><\/td>\n<td>Bezokov\u00e1 kvetina, jablko, limeta<\/td>\n<\/tr>\n<tr>\n<td><span style=\"font-weight: 400;\">Typ<\/span><\/td>\n<td><span style=\"font-weight: 400;\">Celobiele vrecko, bez tabaku<\/span><\/td>\n<\/tr>\n<\/tbody>\n<\/table>","protected":false},"excerpt":{"rendered":"<p data-start=\"901\" data-end=\"1023\">Nikot\u00ednov\u00e9 vrec\u00fa\u0161ka TOGO Mighty Sour s <strong data-start=\"934\" data-end=\"966\">Bezov\u00fd kvet, jablko a limetka<\/strong> pr\u00edchu\u0165. Ka\u017ed\u00e9 vrecko obsahuje <strong data-start=\"995\" data-end=\"1012\">8 mg nikot\u00ednu<\/strong>.<\/p>","protected":false},"featured_media":65125,"comment_status":"open","ping_status":"closed","template":"","format":[206],"meta":{"_acf_changed":false},"product_brand":[],"product_cat":[13788],"product_tag":[16583],"flavours":[190,195],"nicotine":[210,232],"class_list":{"0":"post-65096","1":"product","2":"type-product","3":"status-publish","4":"has-post-thumbnail","6":"product_cat-togo","7":"product_tag-8-mg-pouch","8":"pa_quantity-1-pack","9":"pa_quantity-10-pack","10":"pa_quantity-3-pack","11":"pa_quantity-30-pack","12":"pa_quantity-5-pack","13":"pa_quantity-60-pack","14":"flavours-citrus","15":"flavours-flower","16":"format-slim","17":"nicotine-13-mg-g","18":"nicotine-extra-strong","20":"first","21":"instock","22":"taxable","23":"shipping-taxable","24":"purchasable","25":"product-type-variable"},"acf":[],"_links":{"self":[{"href":"https:\/\/whitelip.com\/sk\/wp-json\/wp\/v2\/product\/65096","targetHints":{"allow":["GET"]}}],"collection":[{"href":"https:\/\/whitelip.com\/sk\/wp-json\/wp\/v2\/product"}],"about":[{"href":"https:\/\/whitelip.com\/sk\/wp-json\/wp\/v2\/types\/product"}],"replies":[{"embeddable":true,"href":"https:\/\/whitelip.com\/sk\/wp-json\/wp\/v2\/comments?post=65096"}],"wp:featuredmedia":[{"embeddable":true,"href":"https:\/\/whitelip.com\/sk\/wp-json\/wp\/v2\/media\/65125"}],"wp:attachment":[{"href":"https:\/\/whitelip.com\/sk\/wp-json\/wp\/v2\/media?parent=65096"}],"wp:term":[{"taxonomy":"product_brand","embeddable":true,"href":"https:\/\/whitelip.com\/sk\/wp-json\/wp\/v2\/product_brand?post=65096"},{"taxonomy":"product_cat","embeddable":true,"href":"https:\/\/whitelip.com\/sk\/wp-json\/wp\/v2\/product_cat?post=65096"},{"taxonomy":"product_tag","embeddable":true,"href":"https:\/\/whitelip.com\/sk\/wp-json\/wp\/v2\/product_tag?post=65096"},{"taxonomy":"flavours","embeddable":true,"href":"https:\/\/whitelip.com\/sk\/wp-json\/wp\/v2\/flavours?post=65096"},{"taxonomy":"format","embeddable":true,"href":"https:\/\/whitelip.com\/sk\/wp-json\/wp\/v2\/format?post=65096"},{"taxonomy":"nicotine","embeddable":true,"href":"https:\/\/whitelip.com\/sk\/wp-json\/wp\/v2\/nicotine?post=65096"}],"curies":[{"name":"wp","href":"https:\/\/api.w.org\/{rel}","templated":true}]}}