{"id":65049,"date":"2026-02-02T08:35:48","date_gmt":"2026-02-02T08:35:48","guid":{"rendered":"https:\/\/whitelip.com\/?post_type=product&#038;p=65049"},"modified":"2026-04-10T03:06:52","modified_gmt":"2026-04-10T03:06:52","slug":"denssi-spearmint-zeronic","status":"publish","type":"product","link":"https:\/\/whitelip.com\/sk\/uncategorized\/denssi-spearmint-zeronic\/","title":{"rendered":"Denssi Spearmint Zeronic"},"content":{"rendered":"<p data-start=\"276\" data-end=\"518\">DENSSI Spearmint Zeronic s\u00fa vrec\u00fa\u0161ka bez nikot\u00ednu s pr\u00edchutou rozmar\u00edna. Chu\u0165 je predstaven\u00e1 skoro a m\u00e1 jasn\u00fd a dlhotrvaj\u00faci charakter rozmar\u00edna. Produkt neobsahuje nikot\u00edn a je vyr\u00e1ban\u00fd v Eur\u00f3pe pod zna\u010dkou DENSSI.<\/p>\n<p data-start=\"520\" data-end=\"882\">Vrec\u00fa\u0161ka s\u00fa navrhnut\u00e9 tak, aby poskytovali zn\u00e1mu senz\u00e1ciu vrec\u00fa\u0161ka bez pou\u017eitia nikot\u00ednu. Ka\u017ed\u00e9 vrec\u00fa\u0161ko v\u00e1\u017ei pribli\u017ene 0,7 gramu, alebo 0,5 gramu v \u0160v\u00e9dsku a F\u00ednsku. Plechovka obsahuje pribli\u017ene 20 vrec\u00fa\u0161ok. Produkt pou\u017e\u00edva chemicky modifikovan\u00fa zl\u00fa\u010deninu ur\u010den\u00fa na napodob\u0148ovanie zn\u00e1mej senz\u00e1cie spojenej s vrec\u00fa\u0161kami Denssi, pri\u010dom zost\u00e1va bez nikot\u00ednu.<\/p>\n<p data-start=\"884\" data-end=\"1028\">DENSSI Spearmint Zeronic je s\u00fa\u010das\u0165ou ponuky DENSSI vrec\u00fa\u0161ok bez nikot\u00ednu a je vyvinut\u00fd na poskytovanie chuti a intenzity bez nikot\u00ednu.<\/p>\n<table style=\"height: 395px;\" width=\"375\">\n<tbody>\n<tr>\n<td><b>Atrib\u00fat<\/b><\/td>\n<td><b>Podrobnosti<\/b><\/td>\n<\/tr>\n<tr>\n<td><b>Zna\u010dka<\/b><\/td>\n<td>Denssi<\/td>\n<\/tr>\n<tr>\n<td><b>Typ v\u00fdrobku<\/b><\/td>\n<td><span style=\"font-weight: 400;\">\u00daplne biele vrec\u00fa\u0161ka<\/span><\/td>\n<\/tr>\n<tr>\n<td><b>Form\u00e1t<\/b><\/td>\n<td>Slim<\/td>\n<\/tr>\n<tr>\n<td><b>Pr\u00edchu\u0165<\/b><\/td>\n<td>M\u00e4ta pieporn\u00e1<\/td>\n<\/tr>\n<tr>\n<td><b>V\u00fdrobca<\/b><\/td>\n<td><span style=\"font-weight: 400;\">Denssi<\/span><\/td>\n<\/tr>\n<tr>\n<td><b>Po\u010det porci\u00ed<\/b><\/td>\n<td><span style=\"font-weight: 400;\">20 za plechovku<\/span><\/td>\n<\/tr>\n<tr>\n<td><b>Pozoruhodn\u00e9 funkcie<\/b><\/td>\n<td><span style=\"font-weight: 400;\">Bez tab\u00e1ku, bez nikot\u00ednu<\/span><\/td>\n<\/tr>\n<tr>\n<td><\/td>\n<td><\/td>\n<\/tr>\n<tr>\n<td><\/td>\n<td><\/td>\n<\/tr>\n<tr>\n<td><\/td>\n<td><\/td>\n<\/tr>\n<\/tbody>\n<\/table>","protected":false},"excerpt":{"rendered":"<p data-start=\"1185\" data-end=\"1369\">Vrec\u00fa\u0161ka DENSSI Spearmint Zeronic bez nikot\u00ednu s <strong data-start=\"1112\" data-end=\"1125\">M\u00e4ta pieporn\u00e1<\/strong> pr\u00edchu\u0165.<\/p>","protected":false},"featured_media":65065,"comment_status":"open","ping_status":"closed","template":"","format":[206],"meta":{"_acf_changed":false},"product_brand":[],"product_cat":[15],"product_tag":[],"flavours":[199],"nicotine":[242],"class_list":{"0":"post-65049","1":"product","2":"type-product","3":"status-publish","4":"has-post-thumbnail","6":"product_cat-uncategorized","7":"pa_quantity-1-pack","8":"pa_quantity-10-pack","9":"pa_quantity-3-pack","10":"pa_quantity-30-pack","11":"pa_quantity-5-pack","12":"pa_quantity-60-pack","13":"flavours-mint","14":"format-slim","15":"nicotine-0-mg-g","17":"first","18":"instock","19":"taxable","20":"shipping-taxable","21":"purchasable","22":"product-type-variable"},"acf":[],"_links":{"self":[{"href":"https:\/\/whitelip.com\/sk\/wp-json\/wp\/v2\/product\/65049","targetHints":{"allow":["GET"]}}],"collection":[{"href":"https:\/\/whitelip.com\/sk\/wp-json\/wp\/v2\/product"}],"about":[{"href":"https:\/\/whitelip.com\/sk\/wp-json\/wp\/v2\/types\/product"}],"replies":[{"embeddable":true,"href":"https:\/\/whitelip.com\/sk\/wp-json\/wp\/v2\/comments?post=65049"}],"wp:featuredmedia":[{"embeddable":true,"href":"https:\/\/whitelip.com\/sk\/wp-json\/wp\/v2\/media\/65065"}],"wp:attachment":[{"href":"https:\/\/whitelip.com\/sk\/wp-json\/wp\/v2\/media?parent=65049"}],"wp:term":[{"taxonomy":"product_brand","embeddable":true,"href":"https:\/\/whitelip.com\/sk\/wp-json\/wp\/v2\/product_brand?post=65049"},{"taxonomy":"product_cat","embeddable":true,"href":"https:\/\/whitelip.com\/sk\/wp-json\/wp\/v2\/product_cat?post=65049"},{"taxonomy":"product_tag","embeddable":true,"href":"https:\/\/whitelip.com\/sk\/wp-json\/wp\/v2\/product_tag?post=65049"},{"taxonomy":"flavours","embeddable":true,"href":"https:\/\/whitelip.com\/sk\/wp-json\/wp\/v2\/flavours?post=65049"},{"taxonomy":"format","embeddable":true,"href":"https:\/\/whitelip.com\/sk\/wp-json\/wp\/v2\/format?post=65049"},{"taxonomy":"nicotine","embeddable":true,"href":"https:\/\/whitelip.com\/sk\/wp-json\/wp\/v2\/nicotine?post=65049"}],"curies":[{"name":"wp","href":"https:\/\/api.w.org\/{rel}","templated":true}]}}