{"id":65032,"date":"2026-02-02T08:27:35","date_gmt":"2026-02-02T08:27:35","guid":{"rendered":"https:\/\/whitelip.com\/?post_type=product&#038;p=65032"},"modified":"2026-04-01T18:49:21","modified_gmt":"2026-04-01T18:49:21","slug":"denssi-watermelon-freeze-zeronic","status":"publish","type":"product","link":"https:\/\/whitelip.com\/sk\/uncategorized\/denssi-watermelon-freeze-zeronic\/","title":{"rendered":"Denssi Watermelon Freeze Zeronic"},"content":{"rendered":"<p data-start=\"291\" data-end=\"585\">DENSSI Watermelon Freeze Zeronic s\u00fa vrec\u00fa\u0161ka bez nikot\u00ednu s pr\u00edchu\u0165ou mel\u00f3na a chladiv\u00fdm mraziv\u00fdm charakterom. Pr\u00edchu\u0165 je uveden\u00e1 na za\u010diatku a kombinuje ovocn\u00fd mel\u00f3n s v\u00fdrazn\u00fdm chladiv\u00fdm pocitom. V\u00fdrobok neobsahuje nikot\u00edn a vyr\u00e1ba sa v Eur\u00f3pe pod zna\u010dkou DENSSI.<\/p>\n<p data-start=\"587\" data-end=\"929\">Vrec\u00fa\u0161ka s\u00fa navrhnut\u00e9 tak, aby poskytovali stabiln\u00e9 uvo\u013e\u0148ovanie chuti bez pou\u017eitia nikot\u00ednu. Ka\u017ed\u00e9 vrec\u00fa\u0161ko v\u00e1\u017ei pribli\u017ene 0,7 gramu alebo 0,5 gramu vo \u0160v\u00e9dsku a F\u00ednsku. Jedna plechovka obsahuje pribli\u017ene 20 vrec\u00fa\u0161ok. V\u00fdrobok vyu\u017e\u00edva prepracovan\u00fa zmes, ktorej cie\u013eom je poskytn\u00fa\u0165 zn\u00e1my pocit z vrec\u00fa\u0161ok a z\u00e1rove\u0148 zosta\u0165 \u00faplne bez nikot\u00ednu.<\/p>\n<p data-start=\"931\" data-end=\"1090\">DENSSI Watermelon Freeze Zeronic je s\u00fa\u010das\u0165ou radu beznikot\u00ednov\u00fdch vrec\u00fa\u0161ok DENSSI a je vyvinut\u00fd pre u\u017e\u00edvate\u013eov, ktor\u00ed h\u013eadaj\u00fa chu\u0165 a intenzitu bez nikot\u00ednu.<\/p>\n<table style=\"height: 395px;\" width=\"375\">\n<tbody>\n<tr>\n<td><b>Atrib\u00fat<\/b><\/td>\n<td><b>Podrobnosti<\/b><\/td>\n<\/tr>\n<tr>\n<td><b>Zna\u010dka<\/b><\/td>\n<td>Denssi<\/td>\n<\/tr>\n<tr>\n<td><b>Typ v\u00fdrobku<\/b><\/td>\n<td><span style=\"font-weight: 400;\">\u00daplne biele vrec\u00fa\u0161ka<\/span><\/td>\n<\/tr>\n<tr>\n<td><b>Form\u00e1t<\/b><\/td>\n<td>Slim<\/td>\n<\/tr>\n<tr>\n<td><b>Pr\u00edchu\u0165<\/b><\/td>\n<td>Mel\u00f3n<\/td>\n<\/tr>\n<tr>\n<td><b>V\u00fdrobca<\/b><\/td>\n<td><span style=\"font-weight: 400;\">Denssi<\/span><\/td>\n<\/tr>\n<tr>\n<td><b>Po\u010det porci\u00ed<\/b><\/td>\n<td><span style=\"font-weight: 400;\">20 za plechovku<\/span><\/td>\n<\/tr>\n<tr>\n<td><b>Pozoruhodn\u00e9 funkcie<\/b><\/td>\n<td><span style=\"font-weight: 400;\">Bez tab\u00e1ku, bez nikot\u00ednu<\/span><\/td>\n<\/tr>\n<tr>\n<td><\/td>\n<td><\/td>\n<\/tr>\n<tr>\n<td><\/td>\n<td><\/td>\n<\/tr>\n<tr>\n<td><\/td>\n<td><\/td>\n<\/tr>\n<\/tbody>\n<\/table>","protected":false},"excerpt":{"rendered":"<p data-start=\"1185\" data-end=\"1369\">DENSSI Watermelon Freeze Zeronic vrec\u00fa\u0161ka bez nikot\u00ednu s <strong data-start=\"1182\" data-end=\"1196\">Mel\u00f3n<\/strong> chu\u0165 a chladiv\u00fd charakter.<\/p>","protected":false},"featured_media":65048,"comment_status":"open","ping_status":"closed","template":"","format":[206],"meta":{"_acf_changed":false},"product_brand":[],"product_cat":[15],"product_tag":[],"flavours":[196],"nicotine":[242],"class_list":{"0":"post-65032","1":"product","2":"type-product","3":"status-publish","4":"has-post-thumbnail","6":"product_cat-uncategorized","7":"pa_quantity-1-pack","8":"pa_quantity-10-pack","9":"pa_quantity-3-pack","10":"pa_quantity-30-pack","11":"pa_quantity-5-pack","12":"pa_quantity-60-pack","13":"flavours-fruits-berries","14":"format-slim","15":"nicotine-0-mg-g","17":"first","18":"instock","19":"taxable","20":"shipping-taxable","21":"purchasable","22":"product-type-variable"},"acf":[],"_links":{"self":[{"href":"https:\/\/whitelip.com\/sk\/wp-json\/wp\/v2\/product\/65032","targetHints":{"allow":["GET"]}}],"collection":[{"href":"https:\/\/whitelip.com\/sk\/wp-json\/wp\/v2\/product"}],"about":[{"href":"https:\/\/whitelip.com\/sk\/wp-json\/wp\/v2\/types\/product"}],"replies":[{"embeddable":true,"href":"https:\/\/whitelip.com\/sk\/wp-json\/wp\/v2\/comments?post=65032"}],"wp:featuredmedia":[{"embeddable":true,"href":"https:\/\/whitelip.com\/sk\/wp-json\/wp\/v2\/media\/65048"}],"wp:attachment":[{"href":"https:\/\/whitelip.com\/sk\/wp-json\/wp\/v2\/media?parent=65032"}],"wp:term":[{"taxonomy":"product_brand","embeddable":true,"href":"https:\/\/whitelip.com\/sk\/wp-json\/wp\/v2\/product_brand?post=65032"},{"taxonomy":"product_cat","embeddable":true,"href":"https:\/\/whitelip.com\/sk\/wp-json\/wp\/v2\/product_cat?post=65032"},{"taxonomy":"product_tag","embeddable":true,"href":"https:\/\/whitelip.com\/sk\/wp-json\/wp\/v2\/product_tag?post=65032"},{"taxonomy":"flavours","embeddable":true,"href":"https:\/\/whitelip.com\/sk\/wp-json\/wp\/v2\/flavours?post=65032"},{"taxonomy":"format","embeddable":true,"href":"https:\/\/whitelip.com\/sk\/wp-json\/wp\/v2\/format?post=65032"},{"taxonomy":"nicotine","embeddable":true,"href":"https:\/\/whitelip.com\/sk\/wp-json\/wp\/v2\/nicotine?post=65032"}],"curies":[{"name":"wp","href":"https:\/\/api.w.org\/{rel}","templated":true}]}}