{"id":64180,"date":"2026-01-26T13:14:29","date_gmt":"2026-01-26T13:14:29","guid":{"rendered":"https:\/\/whitelip.com\/?post_type=product&#038;p=64180"},"modified":"2026-04-29T10:11:27","modified_gmt":"2026-04-29T10:11:27","slug":"killa-flash-original","status":"publish","type":"product","link":"https:\/\/whitelip.com\/sk\/killa\/killa-flash-original\/","title":{"rendered":"KILLA Flash Original"},"content":{"rendered":"<h2>KILLA Flash Original<\/h2>\n<p data-start=\"270\" data-end=\"499\">KILLA Original s\u00fa nik\u00f3tinov\u00e9 vreck\u00e1 s mentolovou pr\u00edchu\u0165ou. Pr\u00edchu\u0165 je zaveden\u00e1 skoro a m\u00e1 mentolov\u00fd a priamo\u010diary charakter. Produkt je bez tab\u00e1ku a vyr\u00e1baj\u00fa ho N.G.P Tobacco ApS v D\u00e1nsku. Vreck\u00e1 s\u00fa vyroben\u00e9 ako biele nik\u00f3tinov\u00e9 vreck\u00e1. Obsah nik\u00f3tinu je \u0161pecifikovan\u00fd ako 5 mg nik\u00f3tinu na gram. Celkov\u00e1 \u010dist\u00e1 hmotnos\u0165 na plechovku je 24 gramov. Produkt je formulovan\u00fd z vody, celul\u00f3zy, regul\u00e1torov kyslosti, humektantov, pr\u00edrodn\u00fdch aromatick\u00fdch l\u00e1tok, nik\u00f3tinu a konzerva\u010dn\u00fdch l\u00e1tok. KILLA Original je s\u00fa\u010das\u0165ou rady KILLA nik\u00f3tinov\u00fdch vreciek bez tab\u00e1ku a je vyroben\u00fd s ni\u017e\u0161\u00edm obsahom nik\u00f3tinu na gram.<\/p>\n<table>\n<tbody>\n<tr>\n<td><b>Atrib\u00fat<\/b><\/td>\n<td><b>Podrobnosti<\/b><\/td>\n<\/tr>\n<tr>\n<td><span style=\"font-weight: 400;\">Obsah na plechovku<\/span><\/td>\n<td><span style=\"font-weight: 400;\">24g (20 vreciek)<\/span><\/td>\n<\/tr>\n<tr>\n<td><span style=\"font-weight: 400;\">Obsah nikot\u00ednu<\/span><\/td>\n<td><span style=\"font-weight: 400;\">5 mg\/g (4 mg na vrecko)<\/span><\/td>\n<\/tr>\n<tr>\n<td><span style=\"font-weight: 400;\">Form\u00e1t vrecka<\/span><\/td>\n<td><span style=\"font-weight: 400;\">Slim<\/span><\/td>\n<\/tr>\n<tr>\n<td><span style=\"font-weight: 400;\">V\u00fdrobca<\/span><\/td>\n<td><span style=\"font-weight: 400;\">Imp\u00e9rium N.G.P<\/span><\/td>\n<\/tr>\n<tr>\n<td><span style=\"font-weight: 400;\">Pr\u00edchu\u0165<\/span><\/td>\n<td><span style=\"font-weight: 400;\">M\u00e4ta<\/span><\/td>\n<\/tr>\n<tr>\n<td><span style=\"font-weight: 400;\">Typ<\/span><\/td>\n<td><span style=\"font-weight: 400;\">Celobiele vrecko, bez tabaku<\/span><\/td>\n<\/tr>\n<\/tbody>\n<\/table>","protected":false},"excerpt":{"rendered":"<p>KILLA Original nik\u00f3tinov\u00e9 vreck\u00e1 s <b>m\u00e4ta <\/b>pr\u00edchu\u0165. Obsah nikot\u00ednu je <strong data-start=\"1038\" data-end=\"1055\">5 mg na gram<\/strong>.<\/p>","protected":false},"featured_media":64228,"comment_status":"open","ping_status":"closed","template":"","format":[206],"meta":{"_acf_changed":false},"product_brand":[],"product_cat":[64],"product_tag":[16585],"flavours":[199],"nicotine":[224,234],"class_list":{"0":"post-64180","1":"product","2":"type-product","3":"status-publish","4":"has-post-thumbnail","6":"product_cat-killa","7":"product_tag-4-mg-pouch","8":"pa_quantity-1-pack","9":"pa_quantity-10-pack","10":"pa_quantity-3-pack","11":"pa_quantity-30-pack","12":"pa_quantity-5-pack","13":"pa_quantity-60-pack","14":"flavours-mint","15":"format-slim","16":"nicotine-4-mg-g","17":"nicotine-mild","19":"first","20":"instock","21":"taxable","22":"shipping-taxable","23":"purchasable","24":"product-type-variable"},"acf":[],"_links":{"self":[{"href":"https:\/\/whitelip.com\/sk\/wp-json\/wp\/v2\/product\/64180","targetHints":{"allow":["GET"]}}],"collection":[{"href":"https:\/\/whitelip.com\/sk\/wp-json\/wp\/v2\/product"}],"about":[{"href":"https:\/\/whitelip.com\/sk\/wp-json\/wp\/v2\/types\/product"}],"replies":[{"embeddable":true,"href":"https:\/\/whitelip.com\/sk\/wp-json\/wp\/v2\/comments?post=64180"}],"wp:featuredmedia":[{"embeddable":true,"href":"https:\/\/whitelip.com\/sk\/wp-json\/wp\/v2\/media\/64228"}],"wp:attachment":[{"href":"https:\/\/whitelip.com\/sk\/wp-json\/wp\/v2\/media?parent=64180"}],"wp:term":[{"taxonomy":"product_brand","embeddable":true,"href":"https:\/\/whitelip.com\/sk\/wp-json\/wp\/v2\/product_brand?post=64180"},{"taxonomy":"product_cat","embeddable":true,"href":"https:\/\/whitelip.com\/sk\/wp-json\/wp\/v2\/product_cat?post=64180"},{"taxonomy":"product_tag","embeddable":true,"href":"https:\/\/whitelip.com\/sk\/wp-json\/wp\/v2\/product_tag?post=64180"},{"taxonomy":"flavours","embeddable":true,"href":"https:\/\/whitelip.com\/sk\/wp-json\/wp\/v2\/flavours?post=64180"},{"taxonomy":"format","embeddable":true,"href":"https:\/\/whitelip.com\/sk\/wp-json\/wp\/v2\/format?post=64180"},{"taxonomy":"nicotine","embeddable":true,"href":"https:\/\/whitelip.com\/sk\/wp-json\/wp\/v2\/nicotine?post=64180"}],"curies":[{"name":"wp","href":"https:\/\/api.w.org\/{rel}","templated":true}]}}