{"id":64130,"date":"2026-01-26T13:01:31","date_gmt":"2026-01-26T13:01:31","guid":{"rendered":"https:\/\/whitelip.com\/?post_type=product&#038;p=64130"},"modified":"2026-04-21T10:11:44","modified_gmt":"2026-04-21T10:11:44","slug":"killa-flash-strawberry-lychee","status":"publish","type":"product","link":"https:\/\/whitelip.com\/sk\/killa\/killa-flash-strawberry-lychee\/","title":{"rendered":"KILLA Flash Strawberry Lychee"},"content":{"rendered":"<h2>KILLA Flash Strawberry Lychee<\/h2>\n<p data-start=\"279\" data-end=\"549\">KILLA Strawberry Lychee s\u00fa nikot\u00ednov\u00e9 vrec\u00fa\u0161ka s pr\u00edchu\u0165ou jahody a li\u010di. Pr\u00edchu\u0165 sa objavuje skoro a kombinuje sladk\u00e9 jahodov\u00e9 t\u00f3ny s \u013eahk\u00fdm aromatick\u00fdm charakterom li\u010di. V\u00fdrobok neobsahuje tabak a vyr\u00e1ba ho spolo\u010dnos\u0165 N.G.P Tobacco ApS v D\u00e1nsku. Vreck\u00e1 sa vyr\u00e1baj\u00fa ako biele nikot\u00ednov\u00e9 vrec\u00fa\u0161ka. Obsah nikot\u00ednu je uveden\u00fd ako 5 mg nikot\u00ednu na gram. Celkov\u00e1 \u010dist\u00e1 hmotnos\u0165 jednej plechovky je 24 gramov. V\u00fdrobok je zlo\u017een\u00fd z vody, celul\u00f3zy, regul\u00e1torov kyslosti, zvlh\u010duj\u00facich l\u00e1tok, pr\u00edrodn\u00fdch aromatick\u00fdch l\u00e1tok, nikot\u00ednu a konzerva\u010dn\u00fdch l\u00e1tok. KILLA Strawberry Lychee je s\u00fa\u010das\u0165ou radu beznikot\u00ednov\u00fdch vrec\u00fa\u0161ok KILLA a vyr\u00e1ba sa s ni\u017e\u0161\u00edm obsahom nikot\u00ednu na gram.<\/p>\n<table>\n<tbody>\n<tr>\n<td><b>Atrib\u00fat<\/b><\/td>\n<td><b>Podrobnosti<\/b><\/td>\n<\/tr>\n<tr>\n<td><span style=\"font-weight: 400;\">Obsah na plechovku<\/span><\/td>\n<td><span style=\"font-weight: 400;\">24g (20 vreciek)<\/span><\/td>\n<\/tr>\n<tr>\n<td><span style=\"font-weight: 400;\">Obsah nikot\u00ednu<\/span><\/td>\n<td><span style=\"font-weight: 400;\">5 mg\/g (4 mg na vrecko)<\/span><\/td>\n<\/tr>\n<tr>\n<td><span style=\"font-weight: 400;\">Form\u00e1t vrecka<\/span><\/td>\n<td><span style=\"font-weight: 400;\">Slim<\/span><\/td>\n<\/tr>\n<tr>\n<td><span style=\"font-weight: 400;\">V\u00fdrobca<\/span><\/td>\n<td><span style=\"font-weight: 400;\">Imp\u00e9rium N.G.P<\/span><\/td>\n<\/tr>\n<tr>\n<td><span style=\"font-weight: 400;\">Pr\u00edchu\u0165<\/span><\/td>\n<td>Jahodov\u00e9 li\u010di<\/td>\n<\/tr>\n<tr>\n<td><span style=\"font-weight: 400;\">Typ<\/span><\/td>\n<td><span style=\"font-weight: 400;\">Celobiele vrecko, bez tabaku<\/span><\/td>\n<\/tr>\n<\/tbody>\n<\/table>","protected":false},"excerpt":{"rendered":"<p>Nikot\u00ednov\u00e9 vrec\u00fa\u0161ka KILLA Strawberry Lychee s <strong data-start=\"1065\" data-end=\"1086\">Jahodov\u00e9 li\u010di<\/strong> pr\u00edchu\u0165. Obsah nikot\u00ednu je <strong data-start=\"1115\" data-end=\"1132\">5 mg na gram<\/strong>.<\/p>","protected":false},"featured_media":64154,"comment_status":"open","ping_status":"closed","template":"","format":[206],"meta":{"_acf_changed":false},"product_brand":[],"product_cat":[64],"product_tag":[16585],"flavours":[196],"nicotine":[224,234],"class_list":{"0":"post-64130","1":"product","2":"type-product","3":"status-publish","4":"has-post-thumbnail","6":"product_cat-killa","7":"product_tag-4-mg-pouch","8":"pa_quantity-1-pack","9":"pa_quantity-10-pack","10":"pa_quantity-3-pack","11":"pa_quantity-30-pack","12":"pa_quantity-5-pack","13":"pa_quantity-60-pack","14":"flavours-fruits-berries","15":"format-slim","16":"nicotine-4-mg-g","17":"nicotine-mild","19":"first","20":"instock","21":"taxable","22":"shipping-taxable","23":"purchasable","24":"product-type-variable"},"acf":[],"_links":{"self":[{"href":"https:\/\/whitelip.com\/sk\/wp-json\/wp\/v2\/product\/64130","targetHints":{"allow":["GET"]}}],"collection":[{"href":"https:\/\/whitelip.com\/sk\/wp-json\/wp\/v2\/product"}],"about":[{"href":"https:\/\/whitelip.com\/sk\/wp-json\/wp\/v2\/types\/product"}],"replies":[{"embeddable":true,"href":"https:\/\/whitelip.com\/sk\/wp-json\/wp\/v2\/comments?post=64130"}],"wp:featuredmedia":[{"embeddable":true,"href":"https:\/\/whitelip.com\/sk\/wp-json\/wp\/v2\/media\/64154"}],"wp:attachment":[{"href":"https:\/\/whitelip.com\/sk\/wp-json\/wp\/v2\/media?parent=64130"}],"wp:term":[{"taxonomy":"product_brand","embeddable":true,"href":"https:\/\/whitelip.com\/sk\/wp-json\/wp\/v2\/product_brand?post=64130"},{"taxonomy":"product_cat","embeddable":true,"href":"https:\/\/whitelip.com\/sk\/wp-json\/wp\/v2\/product_cat?post=64130"},{"taxonomy":"product_tag","embeddable":true,"href":"https:\/\/whitelip.com\/sk\/wp-json\/wp\/v2\/product_tag?post=64130"},{"taxonomy":"flavours","embeddable":true,"href":"https:\/\/whitelip.com\/sk\/wp-json\/wp\/v2\/flavours?post=64130"},{"taxonomy":"format","embeddable":true,"href":"https:\/\/whitelip.com\/sk\/wp-json\/wp\/v2\/format?post=64130"},{"taxonomy":"nicotine","embeddable":true,"href":"https:\/\/whitelip.com\/sk\/wp-json\/wp\/v2\/nicotine?post=64130"}],"curies":[{"name":"wp","href":"https:\/\/api.w.org\/{rel}","templated":true}]}}