{"id":64054,"date":"2026-01-26T12:53:44","date_gmt":"2026-01-26T12:53:44","guid":{"rendered":"https:\/\/whitelip.com\/?post_type=product&#038;p=64054"},"modified":"2026-04-15T03:12:10","modified_gmt":"2026-04-15T03:12:10","slug":"killa-flash-apple","status":"publish","type":"product","link":"https:\/\/whitelip.com\/sk\/killa\/killa-flash-apple\/","title":{"rendered":"KILLA Flash Apple"},"content":{"rendered":"<h2>KILLA Flash Apple<\/h2>\n<p data-start=\"263\" data-end=\"488\">KILLA Apple s\u00fa nikot\u00ednov\u00e9 vrec\u00fa\u0161ka s jablkovou pr\u00edchu\u0165ou. Pr\u00edchu\u0165 sa objavuje skoro a m\u00e1 jasn\u00fd jablkov\u00fd charakter s vyv\u00e1\u017eenou sladkos\u0165ou. V\u00fdrobok neobsahuje tabak a vyr\u00e1ba ho spolo\u010dnos\u0165 N.G.P Tobacco ApS v D\u00e1nsku. Vrec\u00fa\u0161ka sa vyr\u00e1baj\u00fa ako biele nikot\u00ednov\u00e9 vrec\u00fa\u0161ka. Obsah nikot\u00ednu sa uv\u00e1dza ako 5 mg nikot\u00ednu na gram. Celkov\u00e1 \u010dist\u00e1 hmotnos\u0165 jednej plechovky je 24 gramov. V\u00fdrobok je zlo\u017een\u00fd z vody, celul\u00f3zy, regul\u00e1torov kyslosti, zvlh\u010duj\u00facich l\u00e1tok, pr\u00edrodn\u00fdch aromatick\u00fdch l\u00e1tok, nikot\u00ednu a konzerva\u010dn\u00fdch l\u00e1tok. KILLA Apple je s\u00fa\u010das\u0165ou radu beztabakov\u00fdch vrec\u00fa\u0161ok KILLA a vyr\u00e1ba sa s ni\u017e\u0161\u00edm obsahom nikot\u00ednu na gram.<\/p>\n<table>\n<tbody>\n<tr>\n<td><b>Atrib\u00fat<\/b><\/td>\n<td><b>Podrobnosti<\/b><\/td>\n<\/tr>\n<tr>\n<td><span style=\"font-weight: 400;\">Obsah na plechovku<\/span><\/td>\n<td><span style=\"font-weight: 400;\">24g (20 vreciek)<\/span><\/td>\n<\/tr>\n<tr>\n<td><span style=\"font-weight: 400;\">Obsah nikot\u00ednu<\/span><\/td>\n<td><span style=\"font-weight: 400;\">5 mg\/g (4 mg na vrecko)<\/span><\/td>\n<\/tr>\n<tr>\n<td><span style=\"font-weight: 400;\">Form\u00e1t vrecka<\/span><\/td>\n<td><span style=\"font-weight: 400;\">Slim<\/span><\/td>\n<\/tr>\n<tr>\n<td><span style=\"font-weight: 400;\">V\u00fdrobca<\/span><\/td>\n<td><span style=\"font-weight: 400;\">Imp\u00e9rium N.G.P<\/span><\/td>\n<\/tr>\n<tr>\n<td><span style=\"font-weight: 400;\">Pr\u00edchu\u0165<\/span><\/td>\n<td><span style=\"font-weight: 400;\">Apple<\/span><\/td>\n<\/tr>\n<tr>\n<td><span style=\"font-weight: 400;\">Typ<\/span><\/td>\n<td><span style=\"font-weight: 400;\">Celobiele vrecko, bez tabaku<\/span><\/td>\n<\/tr>\n<\/tbody>\n<\/table>","protected":false},"excerpt":{"rendered":"<p>Nikot\u00ednov\u00e9 vrec\u00fa\u0161ka KILLA Apple s <strong data-start=\"980\" data-end=\"989\">Apple<\/strong> pr\u00edchu\u0165. Obsah nikot\u00ednu je <strong data-start=\"1018\" data-end=\"1035\">5 mg na gram<\/strong>.<\/p>","protected":false},"featured_media":64078,"comment_status":"open","ping_status":"closed","template":"","format":[206],"meta":{"_acf_changed":false},"product_brand":[],"product_cat":[64],"product_tag":[16585],"flavours":[196],"nicotine":[224,234],"class_list":{"0":"post-64054","1":"product","2":"type-product","3":"status-publish","4":"has-post-thumbnail","6":"product_cat-killa","7":"product_tag-4-mg-pouch","8":"pa_quantity-1-pack","9":"pa_quantity-10-pack","10":"pa_quantity-5-pack","11":"flavours-fruits-berries","12":"format-slim","13":"nicotine-4-mg-g","14":"nicotine-mild","16":"first","17":"outofstock","18":"taxable","19":"shipping-taxable","20":"purchasable","21":"product-type-variable"},"acf":[],"_links":{"self":[{"href":"https:\/\/whitelip.com\/sk\/wp-json\/wp\/v2\/product\/64054","targetHints":{"allow":["GET"]}}],"collection":[{"href":"https:\/\/whitelip.com\/sk\/wp-json\/wp\/v2\/product"}],"about":[{"href":"https:\/\/whitelip.com\/sk\/wp-json\/wp\/v2\/types\/product"}],"replies":[{"embeddable":true,"href":"https:\/\/whitelip.com\/sk\/wp-json\/wp\/v2\/comments?post=64054"}],"wp:featuredmedia":[{"embeddable":true,"href":"https:\/\/whitelip.com\/sk\/wp-json\/wp\/v2\/media\/64078"}],"wp:attachment":[{"href":"https:\/\/whitelip.com\/sk\/wp-json\/wp\/v2\/media?parent=64054"}],"wp:term":[{"taxonomy":"product_brand","embeddable":true,"href":"https:\/\/whitelip.com\/sk\/wp-json\/wp\/v2\/product_brand?post=64054"},{"taxonomy":"product_cat","embeddable":true,"href":"https:\/\/whitelip.com\/sk\/wp-json\/wp\/v2\/product_cat?post=64054"},{"taxonomy":"product_tag","embeddable":true,"href":"https:\/\/whitelip.com\/sk\/wp-json\/wp\/v2\/product_tag?post=64054"},{"taxonomy":"flavours","embeddable":true,"href":"https:\/\/whitelip.com\/sk\/wp-json\/wp\/v2\/flavours?post=64054"},{"taxonomy":"format","embeddable":true,"href":"https:\/\/whitelip.com\/sk\/wp-json\/wp\/v2\/format?post=64054"},{"taxonomy":"nicotine","embeddable":true,"href":"https:\/\/whitelip.com\/sk\/wp-json\/wp\/v2\/nicotine?post=64054"}],"curies":[{"name":"wp","href":"https:\/\/api.w.org\/{rel}","templated":true}]}}