{"id":63758,"date":"2026-01-26T09:30:26","date_gmt":"2026-01-26T09:30:26","guid":{"rendered":"https:\/\/whitelip.com\/?post_type=product&#038;p=63758"},"modified":"2026-04-14T07:56:20","modified_gmt":"2026-04-14T07:56:20","slug":"fumi-blackcurrant-strong","status":"publish","type":"product","link":"https:\/\/whitelip.com\/sk\/fumi\/fumi-blackcurrant-strong\/","title":{"rendered":"FUMi Blackcurrant Regular"},"content":{"rendered":"<h2>FUMi Blackcurrant Regular<\/h2>\n<p data-start=\"235\" data-end=\"503\">FUMi Blackcurrant Regular s\u00fa nikot\u00ednov\u00e9 vrec\u00fa\u0161ka s pr\u00edchu\u0165ou \u010diernych r\u00edbezl\u00ed v tenkom form\u00e1te. Pr\u00edchu\u0165 sa predstavuje na za\u010diatku a m\u00e1 jasn\u00fd charakter bobu\u013eov\u00e9ho ovocia s d\u00f4razom na \u010dierne r\u00edbezle. V\u00fdrobok neobsahuje tabak a vyr\u00e1ba ho spolo\u010dnos\u0165 Helix Sweden pod zna\u010dkou FUMi. Vreck\u00e1 sa dod\u00e1vaj\u00fa v slim form\u00e1te s \u00fazkym dizajnom. Ka\u017ed\u00e1 plechovka obsahuje 20 nikot\u00ednov\u00fdch vrec\u00fa\u0161ok. Obsah nikot\u00ednu je 4 mg na vrec\u00fa\u0161ko a 5,7 mg nikot\u00ednu na gram. V\u00fdrobok je klasifikovan\u00fd ako norm\u00e1lna sila na z\u00e1klade obsahu nikot\u00ednu vo vrec\u00fa\u0161ku. FUMi Blackcurrant Regular je s\u00fa\u010das\u0165ou radu beztabakov\u00fdch nikot\u00ednov\u00fdch vrec\u00fa\u0161ok FUMi.<\/p>\n<table>\n<tbody>\n<tr>\n<td><b>Atrib\u00fat<\/b><\/td>\n<td><b>Podrobnosti<\/b><\/td>\n<\/tr>\n<tr>\n<td><span style=\"font-weight: 400;\">Obsah na plechovku<\/span><\/td>\n<td><span style=\"font-weight: 400;\">14 g (20 vrec\u00fa\u0161ok)<\/span><\/td>\n<\/tr>\n<tr>\n<td><span style=\"font-weight: 400;\">Obsah nikot\u00ednu<\/span><\/td>\n<td><span style=\"font-weight: 400;\">4 mg na kapsulu<\/span><\/td>\n<\/tr>\n<tr>\n<td><span style=\"font-weight: 400;\">Form\u00e1t vrecka<\/span><\/td>\n<td><span style=\"font-weight: 400;\">Slim<\/span><\/td>\n<\/tr>\n<tr>\n<td><span style=\"font-weight: 400;\">V\u00fdrobca<\/span><\/td>\n<td><span style=\"font-weight: 400;\">FUMI<\/span><\/td>\n<\/tr>\n<tr>\n<td><span style=\"font-weight: 400;\">Pr\u00edchu\u0165<\/span><\/td>\n<td><span style=\"font-weight: 400;\">\u010cierne r\u00edbezle, bobu\u013ey<\/span><\/td>\n<\/tr>\n<tr>\n<td><span style=\"font-weight: 400;\">Typ<\/span><\/td>\n<td><span style=\"font-weight: 400;\">Celobiele vrecko, bez tabaku<\/span><\/td>\n<\/tr>\n<\/tbody>\n<\/table>","protected":false},"excerpt":{"rendered":"<p>FUMi Blackcurrant Regular nikot\u00ednov\u00e9 vrec\u00fa\u0161ka s <strong data-start=\"934\" data-end=\"950\">\u010cierne r\u00edbezle<\/strong> pr\u00edchu\u0165 v <strong data-start=\"961\" data-end=\"969\">Slim<\/strong> form\u00e1t. Ka\u017ed\u00e9 vrecko obsahuje <strong data-start=\"998\" data-end=\"1015\">4 mg nikot\u00ednu<\/strong>.<\/p>","protected":false},"featured_media":64590,"comment_status":"open","ping_status":"closed","template":"","format":[206],"meta":{"_acf_changed":false},"product_brand":[],"product_cat":[245],"product_tag":[16585],"flavours":[196],"nicotine":[228,235],"class_list":{"0":"post-63758","1":"product","2":"type-product","3":"status-publish","4":"has-post-thumbnail","6":"product_cat-fumi","7":"product_tag-4-mg-pouch","8":"pa_quantity-1-pack","9":"pa_quantity-10-pack","10":"pa_quantity-3-pack","11":"pa_quantity-30-pack","12":"pa_quantity-5-pack","13":"pa_quantity-60-pack","14":"flavours-fruits-berries","15":"format-slim","16":"nicotine-6-mg-g","17":"nicotine-normal","19":"first","20":"instock","21":"taxable","22":"shipping-taxable","23":"purchasable","24":"product-type-variable"},"acf":[],"_links":{"self":[{"href":"https:\/\/whitelip.com\/sk\/wp-json\/wp\/v2\/product\/63758","targetHints":{"allow":["GET"]}}],"collection":[{"href":"https:\/\/whitelip.com\/sk\/wp-json\/wp\/v2\/product"}],"about":[{"href":"https:\/\/whitelip.com\/sk\/wp-json\/wp\/v2\/types\/product"}],"replies":[{"embeddable":true,"href":"https:\/\/whitelip.com\/sk\/wp-json\/wp\/v2\/comments?post=63758"}],"wp:featuredmedia":[{"embeddable":true,"href":"https:\/\/whitelip.com\/sk\/wp-json\/wp\/v2\/media\/64590"}],"wp:attachment":[{"href":"https:\/\/whitelip.com\/sk\/wp-json\/wp\/v2\/media?parent=63758"}],"wp:term":[{"taxonomy":"product_brand","embeddable":true,"href":"https:\/\/whitelip.com\/sk\/wp-json\/wp\/v2\/product_brand?post=63758"},{"taxonomy":"product_cat","embeddable":true,"href":"https:\/\/whitelip.com\/sk\/wp-json\/wp\/v2\/product_cat?post=63758"},{"taxonomy":"product_tag","embeddable":true,"href":"https:\/\/whitelip.com\/sk\/wp-json\/wp\/v2\/product_tag?post=63758"},{"taxonomy":"flavours","embeddable":true,"href":"https:\/\/whitelip.com\/sk\/wp-json\/wp\/v2\/flavours?post=63758"},{"taxonomy":"format","embeddable":true,"href":"https:\/\/whitelip.com\/sk\/wp-json\/wp\/v2\/format?post=63758"},{"taxonomy":"nicotine","embeddable":true,"href":"https:\/\/whitelip.com\/sk\/wp-json\/wp\/v2\/nicotine?post=63758"}],"curies":[{"name":"wp","href":"https:\/\/api.w.org\/{rel}","templated":true}]}}