{"id":62473,"date":"2026-01-19T13:20:18","date_gmt":"2026-01-19T13:20:18","guid":{"rendered":"https:\/\/whitelip.com\/?post_type=product&#038;p=62473"},"modified":"2026-04-22T10:11:49","modified_gmt":"2026-04-22T10:11:49","slug":"juice-head-watermelon-strawberry-6mg","status":"publish","type":"product","link":"https:\/\/whitelip.com\/sk\/juice-head\/juice-head-watermelon-strawberry-6mg\/","title":{"rendered":"Juice Head Watermelon Strawberry 6mg"},"content":{"rendered":"<h1 data-start=\"2075\" data-end=\"2113\">Juice Head Watermelon Strawberry 6mg<\/h1>\n<p data-start=\"3041\" data-end=\"3366\">Juice Head Watermelon Strawberry 6 mg s\u00fa nikot\u00ednov\u00e9 vrec\u00fa\u0161ka s pr\u00edchu\u0165ou mel\u00f3na a jahody v tenkom form\u00e1te. Pr\u00edchu\u0165 sa predstavuje na za\u010diatku a m\u00e1 jemn\u00fd ovocn\u00fd charakter s vyv\u00e1\u017een\u00fdmi t\u00f3nmi mel\u00f3na a jahody. V\u00fdrobok neobsahuje tabak a vyr\u00e1ba ho spolo\u010dnos\u0165 Streamline Group Inc. pod zna\u010dkou Juice Head. Vreck\u00e1 sa dod\u00e1vaj\u00fa v slim form\u00e1te a pozost\u00e1vaj\u00fa z \u00fazkych vrec\u00fa\u0161ok. Obsah nikot\u00ednu je 6 mg vo vrec\u00fa\u0161ku a 8,5 mg nikot\u00ednu na gram. V\u00fdrobok je klasifikovan\u00fd ako norm\u00e1lna sila na z\u00e1klade obsahu nikot\u00ednu vo vrec\u00fa\u0161ku. Juice Head Watermelon Strawberry 6 mg je s\u00fa\u010das\u0165ou radu vrec\u00fa\u0161ok bez nikot\u00ednu Juice Head.<\/p>\n<table>\n<tbody>\n<tr>\n<td><b>Atrib\u00fat<\/b><\/td>\n<td><b>Podrobnosti<\/b><\/td>\n<\/tr>\n<tr>\n<td><b>Obsah na plechovku<\/b><\/td>\n<td><span style=\"font-weight: 400;\">20 vreciek<\/span><\/td>\n<\/tr>\n<tr>\n<td><b>Obsah nikot\u00ednu<\/b><\/td>\n<td><span style=\"font-weight: 400;\">8,5 mg\/g (6 mg na vrec\u00fa\u0161ko)<\/span><\/td>\n<\/tr>\n<tr>\n<td><b>Form\u00e1t vrecka<\/b><\/td>\n<td><span style=\"font-weight: 400;\">Slim<\/span><\/td>\n<\/tr>\n<tr>\n<td><b>V\u00fdrobca<\/b><\/td>\n<td>Streamline Group Inc<\/td>\n<\/tr>\n<tr>\n<td><b>Pr\u00edchu\u0165<\/b><\/td>\n<td><span style=\"font-weight: 400;\">Mel\u00f3n a jahoda<\/span><\/td>\n<\/tr>\n<tr>\n<td><b>Typ<\/b><\/td>\n<td><span style=\"font-weight: 400;\">Celobiele vrecko<\/span><\/td>\n<\/tr>\n<\/tbody>\n<\/table>","protected":false},"excerpt":{"rendered":"<p><strong>Eur\u00f3pska verzia<\/strong><\/p>\n<p>&nbsp;<\/p>\n<p>Juice Head Watermelon Strawberry 6 mg nikot\u00ednov\u00e9 vrec\u00fa\u0161ka s <strong data-start=\"3795\" data-end=\"3824\">Mel\u00f3n a jahoda<\/strong> pr\u00edchu\u0165 v <strong data-start=\"3835\" data-end=\"3843\">Slim<\/strong> form\u00e1t. Ka\u017ed\u00e9 vrecko obsahuje <strong data-start=\"3872\" data-end=\"3889\">6 mg nikot\u00ednu<\/strong>.<\/p>","protected":false},"featured_media":62985,"comment_status":"open","ping_status":"closed","template":"","format":[206],"meta":{"_acf_changed":false},"product_brand":[],"product_cat":[13598],"product_tag":[16559],"flavours":[196],"nicotine":[230,235],"class_list":{"0":"post-62473","1":"product","2":"type-product","3":"status-publish","4":"has-post-thumbnail","6":"product_cat-juice-head","7":"product_tag-6-mg-pouch","8":"pa_quantity-1-pack","9":"pa_quantity-10-pack","10":"pa_quantity-3-pack","11":"pa_quantity-30-pack","12":"pa_quantity-5-pack","13":"pa_quantity-60-pack","14":"flavours-fruits-berries","15":"format-slim","16":"nicotine-8-mg-g","17":"nicotine-normal","19":"first","20":"outofstock","21":"taxable","22":"shipping-taxable","23":"purchasable","24":"product-type-variable"},"acf":[],"_links":{"self":[{"href":"https:\/\/whitelip.com\/sk\/wp-json\/wp\/v2\/product\/62473","targetHints":{"allow":["GET"]}}],"collection":[{"href":"https:\/\/whitelip.com\/sk\/wp-json\/wp\/v2\/product"}],"about":[{"href":"https:\/\/whitelip.com\/sk\/wp-json\/wp\/v2\/types\/product"}],"replies":[{"embeddable":true,"href":"https:\/\/whitelip.com\/sk\/wp-json\/wp\/v2\/comments?post=62473"}],"wp:featuredmedia":[{"embeddable":true,"href":"https:\/\/whitelip.com\/sk\/wp-json\/wp\/v2\/media\/62985"}],"wp:attachment":[{"href":"https:\/\/whitelip.com\/sk\/wp-json\/wp\/v2\/media?parent=62473"}],"wp:term":[{"taxonomy":"product_brand","embeddable":true,"href":"https:\/\/whitelip.com\/sk\/wp-json\/wp\/v2\/product_brand?post=62473"},{"taxonomy":"product_cat","embeddable":true,"href":"https:\/\/whitelip.com\/sk\/wp-json\/wp\/v2\/product_cat?post=62473"},{"taxonomy":"product_tag","embeddable":true,"href":"https:\/\/whitelip.com\/sk\/wp-json\/wp\/v2\/product_tag?post=62473"},{"taxonomy":"flavours","embeddable":true,"href":"https:\/\/whitelip.com\/sk\/wp-json\/wp\/v2\/flavours?post=62473"},{"taxonomy":"format","embeddable":true,"href":"https:\/\/whitelip.com\/sk\/wp-json\/wp\/v2\/format?post=62473"},{"taxonomy":"nicotine","embeddable":true,"href":"https:\/\/whitelip.com\/sk\/wp-json\/wp\/v2\/nicotine?post=62473"}],"curies":[{"name":"wp","href":"https:\/\/api.w.org\/{rel}","templated":true}]}}