{"id":62128,"date":"2026-01-19T12:56:45","date_gmt":"2026-01-19T12:56:45","guid":{"rendered":"https:\/\/whitelip.com\/?post_type=product&#038;p=62128"},"modified":"2026-04-15T19:34:03","modified_gmt":"2026-04-15T19:34:03","slug":"juice-head-blueberry-lemon-14mg","status":"publish","type":"product","link":"https:\/\/whitelip.com\/sk\/juice-head\/juice-head-blueberry-lemon-14mg\/","title":{"rendered":"Juice Head Blueberry Lemon 14mg"},"content":{"rendered":"<h1 data-start=\"235\" data-end=\"268\">Juice Head Blueberry Lemon 14mg<\/h1>\n<p data-start=\"1250\" data-end=\"1541\">Juice Head Blueberry Lemon 14 mg s\u00fa nikot\u00ednov\u00e9 vrec\u00fa\u0161ka s pr\u00edchu\u0165ou \u010du\u010doriedky a citr\u00f3na v tenkom form\u00e1te. Pr\u00edchu\u0165 sa predstavuje na za\u010diatku a m\u00e1 charakter bobu\u013eov\u00e9ho ovocia v kombin\u00e1cii s citrusov\u00fdmi t\u00f3nmi. V\u00fdrobok neobsahuje tabak a vyr\u00e1ba ho spolo\u010dnos\u0165 Streamline Group Inc. pod zna\u010dkou Juice Head. Vreck\u00e1 sa dod\u00e1vaj\u00fa v tenkom form\u00e1te a pozost\u00e1vaj\u00fa z \u00fazkych vrec\u00fa\u0161ok. Obsah nikot\u00ednu je 14 mg vo vrec\u00fa\u0161ku a 20 mg nikot\u00ednu na gram. V\u00fdrobok je klasifikovan\u00fd ako ultra siln\u00fd na z\u00e1klade obsahu nikot\u00ednu vo vrec\u00fa\u0161ku. Juice Head Blueberry Lemon 14 mg je s\u00fa\u010das\u0165ou radu beztabakov\u00fdch vrec\u00fa\u0161ok Juice Head a obsahuje syntetick\u00fd nikot\u00edn bez pou\u017eitia tabakov\u00fdch listov.<\/p>\n<table>\n<tbody>\n<tr>\n<td><b>Atrib\u00fat<\/b><\/td>\n<td><b>Podrobnosti<\/b><\/td>\n<\/tr>\n<tr>\n<td><b>Obsah na plechovku<\/b><\/td>\n<td><span style=\"font-weight: 400;\">20 vreciek<\/span><\/td>\n<\/tr>\n<tr>\n<td><b>Obsah nikot\u00ednu<\/b><\/td>\n<td><span style=\"font-weight: 400;\">20 mg\/g (14 mg na vrec\u00fa\u0161ko)<\/span><\/td>\n<\/tr>\n<tr>\n<td><b>Form\u00e1t vrecka<\/b><\/td>\n<td><span style=\"font-weight: 400;\">Slim<\/span><\/td>\n<\/tr>\n<tr>\n<td><b>V\u00fdrobca<\/b><\/td>\n<td>Streamline Group Inc<\/td>\n<\/tr>\n<tr>\n<td><b>Pr\u00edchu\u0165<\/b><\/td>\n<td><span style=\"font-weight: 400;\">\u010cu\u010doriedka a citr\u00f3n<\/span><\/td>\n<\/tr>\n<tr>\n<td><b>Typ<\/b><\/td>\n<td><span style=\"font-weight: 400;\">Celobiele vrecko<\/span><\/td>\n<\/tr>\n<\/tbody>\n<\/table>","protected":false},"excerpt":{"rendered":"<p><strong>Eur\u00f3pska verzia<\/strong><\/p>\n<p>&nbsp;<\/p>\n<p>Juice Head Blueberry Lemon 14 mg nikot\u00ednov\u00e9 vrec\u00fa\u0161ka s <strong data-start=\"2017\" data-end=\"2040\">\u010cu\u010doriedky a citr\u00f3n<\/strong> pr\u00edchu\u0165 v <strong data-start=\"2051\" data-end=\"2059\">Slim<\/strong> form\u00e1t. Ka\u017ed\u00e9 vrecko obsahuje <strong data-start=\"2088\" data-end=\"2106\">14 mg nikot\u00ednu<\/strong>.<\/p>","protected":false},"featured_media":62978,"comment_status":"open","ping_status":"closed","template":"","format":[206],"meta":{"_acf_changed":false},"product_brand":[],"product_cat":[13598],"product_tag":[16581,16519],"flavours":[196],"nicotine":[218,232],"class_list":{"0":"post-62128","1":"product","2":"type-product","3":"status-publish","4":"has-post-thumbnail","6":"product_cat-juice-head","7":"product_tag-14-mg-pouch","8":"product_tag-25-off","9":"pa_quantity-1-pack","10":"pa_quantity-10-pack","11":"pa_quantity-3-pack","12":"pa_quantity-30-pack","13":"pa_quantity-5-pack","14":"pa_quantity-60-pack","15":"flavours-fruits-berries","16":"format-slim","17":"nicotine-20-mg-g","18":"nicotine-extra-strong","20":"first","21":"instock","22":"sale","23":"taxable","24":"shipping-taxable","25":"purchasable","26":"product-type-variable"},"acf":[],"_links":{"self":[{"href":"https:\/\/whitelip.com\/sk\/wp-json\/wp\/v2\/product\/62128","targetHints":{"allow":["GET"]}}],"collection":[{"href":"https:\/\/whitelip.com\/sk\/wp-json\/wp\/v2\/product"}],"about":[{"href":"https:\/\/whitelip.com\/sk\/wp-json\/wp\/v2\/types\/product"}],"replies":[{"embeddable":true,"href":"https:\/\/whitelip.com\/sk\/wp-json\/wp\/v2\/comments?post=62128"}],"wp:featuredmedia":[{"embeddable":true,"href":"https:\/\/whitelip.com\/sk\/wp-json\/wp\/v2\/media\/62978"}],"wp:attachment":[{"href":"https:\/\/whitelip.com\/sk\/wp-json\/wp\/v2\/media?parent=62128"}],"wp:term":[{"taxonomy":"product_brand","embeddable":true,"href":"https:\/\/whitelip.com\/sk\/wp-json\/wp\/v2\/product_brand?post=62128"},{"taxonomy":"product_cat","embeddable":true,"href":"https:\/\/whitelip.com\/sk\/wp-json\/wp\/v2\/product_cat?post=62128"},{"taxonomy":"product_tag","embeddable":true,"href":"https:\/\/whitelip.com\/sk\/wp-json\/wp\/v2\/product_tag?post=62128"},{"taxonomy":"flavours","embeddable":true,"href":"https:\/\/whitelip.com\/sk\/wp-json\/wp\/v2\/flavours?post=62128"},{"taxonomy":"format","embeddable":true,"href":"https:\/\/whitelip.com\/sk\/wp-json\/wp\/v2\/format?post=62128"},{"taxonomy":"nicotine","embeddable":true,"href":"https:\/\/whitelip.com\/sk\/wp-json\/wp\/v2\/nicotine?post=62128"}],"curies":[{"name":"wp","href":"https:\/\/api.w.org\/{rel}","templated":true}]}}