{"id":62070,"date":"2026-01-19T12:53:20","date_gmt":"2026-01-19T12:53:20","guid":{"rendered":"https:\/\/whitelip.com\/?post_type=product&#038;p=62070"},"modified":"2026-04-14T00:34:29","modified_gmt":"2026-04-14T00:34:29","slug":"juice-head-blueberry-lemon-20mg","status":"publish","type":"product","link":"https:\/\/whitelip.com\/sk\/juice-head\/juice-head-blueberry-lemon-20mg\/","title":{"rendered":"Juice Head Blueberry Lemon 20 mg"},"content":{"rendered":"<h1 data-start=\"235\" data-end=\"268\">Juice Head Blueberry Lemon 20 mg<\/h1>\n<p data-start=\"299\" data-end=\"613\">Juice Head Blueberry Lemon 20 mg s\u00fa nikot\u00ednov\u00e9 vrec\u00fa\u0161ka s pr\u00edchu\u0165ou \u010du\u010doriedky a citr\u00f3na v tenkom form\u00e1te. Pr\u00edchu\u0165 sa predstavuje na za\u010diatku a kombinuje bobu\u013eov\u00e9 t\u00f3ny \u010du\u010doriedok s v\u00fdrazn\u00fdm citrusov\u00fdm charakterom citr\u00f3na. V\u00fdrobok neobsahuje tabak a vyr\u00e1ba ho spolo\u010dnos\u0165 Streamline Group Inc. pod zna\u010dkou Juice Head. Vreck\u00e1 sa dod\u00e1vaj\u00fa v slim form\u00e1te a pozost\u00e1vaj\u00fa z \u00fazkych vrec\u00fa\u0161ok. Obsah nikot\u00ednu je 20 mg vo vrec\u00fa\u0161ku a 26 mg nikot\u00ednu na gram. V\u00fdrobok je klasifikovan\u00fd ako ultra siln\u00fd na z\u00e1klade obsahu nikot\u00ednu vo vrec\u00fa\u0161ku. Juice Head Blueberry Lemon 20 mg je s\u00fa\u010das\u0165ou radu beznikot\u00ednov\u00fdch vrec\u00fa\u0161ok Juice Head a obsahuje syntetick\u00fd nikot\u00edn bez tabaku.<\/p>\n<table>\n<tbody>\n<tr>\n<td><b>Atrib\u00fat<\/b><\/td>\n<td><b>Podrobnosti<\/b><\/td>\n<\/tr>\n<tr>\n<td><b>Obsah na plechovku<\/b><\/td>\n<td><span style=\"font-weight: 400;\">20 vreciek<\/span><\/td>\n<\/tr>\n<tr>\n<td><b>Obsah nikot\u00ednu<\/b><\/td>\n<td><span style=\"font-weight: 400;\">26 mg\/g (20 mg na vrecko)<\/span><\/td>\n<\/tr>\n<tr>\n<td><b>Form\u00e1t vrecka<\/b><\/td>\n<td><span style=\"font-weight: 400;\">Slim<\/span><\/td>\n<\/tr>\n<tr>\n<td><b>V\u00fdrobca<\/b><\/td>\n<td>Streamline Group Inc<\/td>\n<\/tr>\n<tr>\n<td><b>Pr\u00edchu\u0165<\/b><\/td>\n<td><span style=\"font-weight: 400;\">\u010cu\u010doriedka a citr\u00f3n<\/span><\/td>\n<\/tr>\n<tr>\n<td><b>Typ<\/b><\/td>\n<td><span style=\"font-weight: 400;\">Celobiele vrecko<\/span><\/td>\n<\/tr>\n<\/tbody>\n<\/table>","protected":false},"excerpt":{"rendered":"<p><strong>Eur\u00f3pska verzia<\/strong><\/p>\n<p>&nbsp;<\/p>\n<p>Juice Head Blueberry Lemon 20 mg nikot\u00ednov\u00e9 vrec\u00fa\u0161ka s <strong data-start=\"1089\" data-end=\"1112\">\u010cu\u010doriedky a citr\u00f3n<\/strong> pr\u00edchu\u0165 v <strong data-start=\"1123\" data-end=\"1131\">Slim<\/strong> form\u00e1t. Ka\u017ed\u00e9 vrecko obsahuje <strong data-start=\"1160\" data-end=\"1178\">20 mg nikot\u00ednu<\/strong>.<\/p>","protected":false},"featured_media":62977,"comment_status":"open","ping_status":"closed","template":"","format":[206],"meta":{"_acf_changed":false},"product_brand":[],"product_cat":[13598],"product_tag":[16545,16519],"flavours":[196],"nicotine":[219,232],"class_list":{"0":"post-62070","1":"product","2":"type-product","3":"status-publish","4":"has-post-thumbnail","6":"product_cat-juice-head","7":"product_tag-20-mg-pouch","8":"product_tag-25-off","9":"pa_quantity-1-pack","10":"pa_quantity-10-pack","11":"pa_quantity-3-pack","12":"pa_quantity-30-pack","13":"pa_quantity-5-pack","14":"pa_quantity-60-pack","15":"flavours-fruits-berries","16":"format-slim","17":"nicotine-25-mg-g","18":"nicotine-extra-strong","20":"first","21":"instock","22":"sale","23":"taxable","24":"shipping-taxable","25":"purchasable","26":"product-type-variable"},"acf":[],"_links":{"self":[{"href":"https:\/\/whitelip.com\/sk\/wp-json\/wp\/v2\/product\/62070","targetHints":{"allow":["GET"]}}],"collection":[{"href":"https:\/\/whitelip.com\/sk\/wp-json\/wp\/v2\/product"}],"about":[{"href":"https:\/\/whitelip.com\/sk\/wp-json\/wp\/v2\/types\/product"}],"replies":[{"embeddable":true,"href":"https:\/\/whitelip.com\/sk\/wp-json\/wp\/v2\/comments?post=62070"}],"wp:featuredmedia":[{"embeddable":true,"href":"https:\/\/whitelip.com\/sk\/wp-json\/wp\/v2\/media\/62977"}],"wp:attachment":[{"href":"https:\/\/whitelip.com\/sk\/wp-json\/wp\/v2\/media?parent=62070"}],"wp:term":[{"taxonomy":"product_brand","embeddable":true,"href":"https:\/\/whitelip.com\/sk\/wp-json\/wp\/v2\/product_brand?post=62070"},{"taxonomy":"product_cat","embeddable":true,"href":"https:\/\/whitelip.com\/sk\/wp-json\/wp\/v2\/product_cat?post=62070"},{"taxonomy":"product_tag","embeddable":true,"href":"https:\/\/whitelip.com\/sk\/wp-json\/wp\/v2\/product_tag?post=62070"},{"taxonomy":"flavours","embeddable":true,"href":"https:\/\/whitelip.com\/sk\/wp-json\/wp\/v2\/flavours?post=62070"},{"taxonomy":"format","embeddable":true,"href":"https:\/\/whitelip.com\/sk\/wp-json\/wp\/v2\/format?post=62070"},{"taxonomy":"nicotine","embeddable":true,"href":"https:\/\/whitelip.com\/sk\/wp-json\/wp\/v2\/nicotine?post=62070"}],"curies":[{"name":"wp","href":"https:\/\/api.w.org\/{rel}","templated":true}]}}